{"id":968,"date":"2021-04-13T07:53:00","date_gmt":"2021-04-13T07:53:00","guid":{"rendered":"http:\/\/relaunch.display-elektronik.de\/?page_id=968"},"modified":"2023-01-12T14:42:03","modified_gmt":"2023-01-12T14:42:03","slug":"leitgummi-zebras","status":"publish","type":"page","link":"https:\/\/display-elektronik.de\/en\/produkte\/zubehoer\/leitgummi-zebras\/","title":{"rendered":"Zebras"},"content":{"rendered":"<div data-elementor-type=\"wp-page\" data-elementor-id=\"968\" class=\"elementor elementor-968\">\n\t\t\t\t\t\t<main class=\"elementor-section elementor-top-section elementor-element elementor-element-191bcddb elementor-section-height-min-height elementor-reverse-mobile elementor-section-full_width elementor-section-stretched elementor-section-height-default elementor-section-items-middle\" data-id=\"191bcddb\" data-element_type=\"section\" data-e-type=\"section\" data-settings=\"{&quot;background_background&quot;:&quot;classic&quot;,&quot;stretch_section&quot;:&quot;section-stretched&quot;}\">\n\t\t\t\t\t\t<div class=\"elementor-container elementor-column-gap-default\">\n\t\t\t\t\t<div class=\"elementor-column elementor-col-100 elementor-top-column elementor-element elementor-element-7daaef3b\" data-id=\"7daaef3b\" data-element_type=\"column\" data-e-type=\"column\">\n\t\t\t<div class=\"elementor-widget-wrap\">\n\t\t\t\t\t\t\t<\/div>\n\t\t<\/div>\n\t\t\t\t\t<\/div>\n\t\t<\/main>\n\t\t\t\t<main class=\"elementor-section elementor-top-section elementor-element elementor-element-1163bc6c elementor-reverse-mobile elementor-section-stretched elementor-section-boxed elementor-section-height-default elementor-section-height-default\" data-id=\"1163bc6c\" data-element_type=\"section\" data-e-type=\"section\" data-settings=\"{&quot;background_background&quot;:&quot;classic&quot;,&quot;stretch_section&quot;:&quot;section-stretched&quot;}\">\n\t\t\t\t\t\t<div class=\"elementor-container elementor-column-gap-default\">\n\t\t\t\t\t<div class=\"elementor-column elementor-col-50 elementor-top-column elementor-element elementor-element-69975625\" data-id=\"69975625\" data-element_type=\"column\" data-e-type=\"column\">\n\t\t\t<div class=\"elementor-widget-wrap elementor-element-populated\">\n\t\t\t\t\t\t<div class=\"elementor-element elementor-element-46cefef6 elementor-widget elementor-widget-spacer\" data-id=\"46cefef6\" data-element_type=\"widget\" data-e-type=\"widget\" data-widget_type=\"spacer.default\">\n\t\t\t\t<div class=\"elementor-widget-container\">\n\t\t\t\t\t\t\t<div class=\"elementor-spacer\">\n\t\t\t<div class=\"elementor-spacer-inner\"><\/div>\n\t\t<\/div>\n\t\t\t\t\t\t<\/div>\n\t\t\t\t<\/div>\n\t\t\t\t<div class=\"elementor-element elementor-element-4cc84e5e elementor-widget elementor-widget-heading\" data-id=\"4cc84e5e\" data-element_type=\"widget\" data-e-type=\"widget\" data-widget_type=\"heading.default\">\n\t\t\t\t<div class=\"elementor-widget-container\">\n\t\t\t\t\t<h1 class=\"elementor-heading-title elementor-size-default\">Conductive Rubber Connectors (Zebras) for LCDs<\/h1>\t\t\t\t<\/div>\n\t\t\t\t<\/div>\n\t\t\t\t<div class=\"elementor-element elementor-element-3ef39867 elementor-widget elementor-widget-text-editor\" data-id=\"3ef39867\" data-element_type=\"widget\" data-e-type=\"widget\" data-widget_type=\"text-editor.default\">\n\t\t\t\t<div class=\"elementor-widget-container\">\n\t\t\t\t\t\t\t\t\t<p>We offer technologies of different conductive rubber connectors:<\/p><p><strong>Advantages:<\/strong><\/p><ul><li>Long-term High Reliability<\/li><li>Shock and Vibration absorbing Effect<\/li><li>Easy handling during assembly (especially at higher quantities)<\/li><li>No soldering<\/li><li>No oxidation problems<\/li><li>Very small pitch, suitable for customized solutions with multiplex-LCDs.<\/li><\/ul><p><strong>Disadvantages:<\/strong><\/p><ul><li>Normally conductive rubbers have to be adapted to the application (customized)<\/li><li>The application housing has to be developed to match with the zebra<\/li><li>Not suitable for applications with lower quantities<\/li><\/ul><p>Generally we deliver conductive rubbers as sponge type, which can easily compensate tolerances. But we also deliver all other technologies.<\/p><p>The usual pitch is 0.18 mm.<\/p><p>Test us - it is our pleasure to support you!<\/p>\t\t\t\t\t\t\t\t<\/div>\n\t\t\t\t<\/div>\n\t\t\t\t\t<\/div>\n\t\t<\/div>\n\t\t\t\t<div class=\"elementor-column elementor-col-50 elementor-top-column elementor-element elementor-element-17b71b80\" data-id=\"17b71b80\" data-element_type=\"column\" data-e-type=\"column\">\n\t\t\t<div class=\"elementor-widget-wrap elementor-element-populated\">\n\t\t\t\t\t\t<div class=\"elementor-element elementor-element-14715ed elementor-widget elementor-widget-image-carousel\" data-id=\"14715ed\" data-element_type=\"widget\" data-e-type=\"widget\" data-settings=\"{&quot;navigation&quot;:&quot;none&quot;,&quot;slides_to_show&quot;:&quot;1&quot;,&quot;effect&quot;:&quot;fade&quot;,&quot;speed&quot;:3000,&quot;slides_to_show_tablet&quot;:&quot;1&quot;,&quot;autoplay&quot;:&quot;yes&quot;,&quot;pause_on_hover&quot;:&quot;yes&quot;,&quot;pause_on_interaction&quot;:&quot;yes&quot;,&quot;autoplay_speed&quot;:5000,&quot;infinite&quot;:&quot;yes&quot;}\" data-widget_type=\"image-carousel.default\">\n\t\t\t\t<div class=\"elementor-widget-container\">\n\t\t\t\t\t\t\t<div class=\"elementor-image-carousel-wrapper swiper\" role=\"region\" aria-roledescription=\"carousel\" aria-label=\"Image Carousel\" dir=\"ltr\">\n\t\t\t<div class=\"elementor-image-carousel swiper-wrapper\" aria-live=\"off\">\n\t\t\t\t\t\t\t\t<div class=\"swiper-slide\" role=\"group\" aria-roledescription=\"slide\" aria-label=\"1 of 1\"><figure class=\"swiper-slide-inner\"><img decoding=\"async\" class=\"swiper-slide-image\" src=\"https:\/\/display-elektronik.de\/wp-content\/uploads\/elementor\/thumbs\/Leitgummi1_1-p9bz0zcuczy7gv01yarkhuetmi0l59to5t9r0y0n88.png\" alt=\"Leitgummi Zebra\" \/><\/figure><\/div>\t\t\t<\/div>\n\t\t\t\t\t<\/div>\n\t\t\t\t\t\t<\/div>\n\t\t\t\t<\/div>\n\t\t\t\t\t<\/div>\n\t\t<\/div>\n\t\t\t\t\t<\/div>\n\t\t<\/main>\n\t\t\t\t<section class=\"elementor-section elementor-top-section elementor-element elementor-element-44aa1f47 elementor-section-full_width elementor-section-stretched elementor-section-height-default elementor-section-height-default\" data-id=\"44aa1f47\" data-element_type=\"section\" data-e-type=\"section\" id=\"myframe\" data-settings=\"{&quot;background_background&quot;:&quot;classic&quot;,&quot;stretch_section&quot;:&quot;section-stretched&quot;}\">\n\t\t\t\t\t\t<div class=\"elementor-container elementor-column-gap-default\">\n\t\t\t\t\t<div class=\"elementor-column elementor-col-100 elementor-top-column elementor-element elementor-element-7def0e98\" data-id=\"7def0e98\" data-element_type=\"column\" data-e-type=\"column\">\n\t\t\t<div class=\"elementor-widget-wrap elementor-element-populated\">\n\t\t\t\t\t\t<section class=\"elementor-section elementor-inner-section elementor-element elementor-element-4ea31b57 elementor-section-boxed elementor-section-height-default elementor-section-height-default\" data-id=\"4ea31b57\" data-element_type=\"section\" data-e-type=\"section\">\n\t\t\t\t\t\t<div class=\"elementor-container elementor-column-gap-default\">\n\t\t\t\t\t<div class=\"elementor-column elementor-col-100 elementor-inner-column elementor-element elementor-element-45b042e4\" data-id=\"45b042e4\" data-element_type=\"column\" data-e-type=\"column\">\n\t\t\t<div class=\"elementor-widget-wrap elementor-element-populated\">\n\t\t\t\t\t\t<div class=\"elementor-element elementor-element-3d1a6da2 elementor-align-left elementor-widget__width-auto elementor-widget-mobile__width-inherit elementor-widget elementor-widget-button\" data-id=\"3d1a6da2\" data-element_type=\"widget\" data-e-type=\"widget\" data-widget_type=\"button.default\">\n\t\t\t\t<div class=\"elementor-widget-container\">\n\t\t\t\t\t\t\t\t\t<div class=\"elementor-button-wrapper\">\n\t\t\t\t\t<a class=\"elementor-button elementor-button-link elementor-size-sm\" href=\"https:\/\/display-elektronik.de\/en\/kontakt\/\" target=\"_blank\">\n\t\t\t\t\t\t<span class=\"elementor-button-content-wrapper\">\n\t\t\t\t\t\t<span class=\"elementor-button-icon\">\n\t\t\t\t<i aria-hidden=\"true\" class=\"fas fa-arrow-right\"><\/i>\t\t\t<\/span>\n\t\t\t\t\t\t\t\t\t<span class=\"elementor-button-text\">Technical Info<\/span>\n\t\t\t\t\t<\/span>\n\t\t\t\t\t<\/a>\n\t\t\t\t<\/div>\n\t\t\t\t\t\t\t\t<\/div>\n\t\t\t\t<\/div>\n\t\t\t\t<div class=\"elementor-element elementor-element-7ecb533c elementor-align-right elementor-tablet-align-left elementor-widget__width-auto elementor-widget-mobile__width-inherit elementor-widget elementor-widget-button\" data-id=\"7ecb533c\" data-element_type=\"widget\" data-e-type=\"widget\" data-widget_type=\"button.default\">\n\t\t\t\t<div class=\"elementor-widget-container\">\n\t\t\t\t\t\t\t\t\t<div class=\"elementor-button-wrapper\">\n\t\t\t\t\t<a class=\"elementor-button elementor-button-link elementor-size-sm\" href=\"https:\/\/display-elektronik.de\/en\/kontakt\/\" target=\"_blank\">\n\t\t\t\t\t\t<span class=\"elementor-button-content-wrapper\">\n\t\t\t\t\t\t<span class=\"elementor-button-icon\">\n\t\t\t\t<i aria-hidden=\"true\" class=\"fas fa-arrow-right\"><\/i>\t\t\t<\/span>\n\t\t\t\t\t\t\t\t\t<span class=\"elementor-button-text\">Ordering Info<\/span>\n\t\t\t\t\t<\/span>\n\t\t\t\t\t<\/a>\n\t\t\t\t<\/div>\n\t\t\t\t\t\t\t\t<\/div>\n\t\t\t\t<\/div>\n\t\t\t\t\t<\/div>\n\t\t<\/div>\n\t\t\t\t\t<\/div>\n\t\t<\/section>\n\t\t\t\t\t<\/div>\n\t\t<\/div>\n\t\t\t\t\t<\/div>\n\t\t<\/section>\n\t\t\t\t<\/div>","protected":false},"excerpt":{"rendered":"<p>Leitgummi Steckverbinder (Zebras) f\u00fcr LCDs Wir bieten Technologien von unterschiedlichen Leitgummi-Steckverbindern an: Vorteile: langfristige, hohe Zuverl\u00e4ssigkeit wirkt schock- und vibrationsd\u00e4mpfend einfache Handhabung in der Fertigung (insbesondere bei gr\u00f6\u00dferen St\u00fcckzahlen) Entfall des L\u00f6tprozesses keine Oxydationsprobleme sehr kleine Rasterabst\u00e4nde, geeignet f\u00fcr kundenspezifische L\u00f6sungen mit mulitplex-LCD\u2019s Nachteile: Normalerweise m\u00fcssen Leitgummis der Anwendung angepasst werden (kundenspezifisch) Die Montagem\u00f6glichkeit f\u00fcr&hellip;<\/p>","protected":false},"author":1,"featured_media":0,"parent":879,"menu_order":1,"comment_status":"closed","ping_status":"closed","template":"","meta":{"footnotes":""},"class_list":["post-968","page","type-page","status-publish","hentry"],"yoast_head":"<!-- This site is optimized with the Yoast SEO plugin v27.4 - https:\/\/yoast.com\/product\/yoast-seo-wordpress\/ -->\n<title>Display Elektronik GmbH \u2013 Leitgummi\/Zebras<\/title>\n<meta name=\"description\" content=\"Zubeh\u00f6r: Leitgummi\/Zebras - wir bieten unterschiedliche Leitgummi-Steckverbinder an, hohe Zuverl\u00e4ssigkeit, einfache Handhabung\" \/>\n<meta name=\"robots\" content=\"index, follow, max-snippet:-1, max-image-preview:large, max-video-preview:-1\" \/>\n<link rel=\"canonical\" href=\"https:\/\/display-elektronik.de\/en\/produkte\/zubehoer\/leitgummi-zebras\/\" \/>\n<meta property=\"og:locale\" content=\"en_GB\" \/>\n<meta property=\"og:type\" content=\"article\" \/>\n<meta property=\"og:title\" content=\"Display Elektronik GmbH \u2013 Leitgummi\/Zebras\" \/>\n<meta property=\"og:description\" content=\"Zubeh\u00f6r: Leitgummi\/Zebras - wir bieten unterschiedliche Leitgummi-Steckverbinder an, hohe Zuverl\u00e4ssigkeit, einfache Handhabung\" \/>\n<meta property=\"og:url\" content=\"https:\/\/display-elektronik.de\/en\/produkte\/zubehoer\/leitgummi-zebras\/\" \/>\n<meta property=\"og:site_name\" content=\"Display-Elektronik\" \/>\n<meta property=\"article:modified_time\" content=\"2023-01-12T14:42:03+00:00\" \/>\n<meta property=\"og:image\" content=\"http:\/\/relaunch.display-elektronik.de\/wp-content\/uploads\/elementor\/thumbs\/Leitgummi1_1-p9bz0zcuczy7gv01yarkhuetmi0l59to5t9r0y0n88.png\" \/>\n<meta name=\"twitter:card\" content=\"summary_large_image\" \/>\n<meta name=\"twitter:label1\" content=\"Estimated reading time\" \/>\n\t<meta name=\"twitter:data1\" content=\"1 minute\" \/>\n<script type=\"application\/ld+json\" class=\"yoast-schema-graph\">{\"@context\":\"https:\\\/\\\/schema.org\",\"@graph\":[{\"@type\":\"WebPage\",\"@id\":\"https:\\\/\\\/display-elektronik.de\\\/produkte\\\/zubehoer\\\/leitgummi-zebras\\\/\",\"url\":\"https:\\\/\\\/display-elektronik.de\\\/produkte\\\/zubehoer\\\/leitgummi-zebras\\\/\",\"name\":\"Display Elektronik GmbH \u2013 Leitgummi\\\/Zebras\",\"isPartOf\":{\"@id\":\"https:\\\/\\\/display-elektronik.de\\\/de\\\/#website\"},\"primaryImageOfPage\":{\"@id\":\"https:\\\/\\\/display-elektronik.de\\\/produkte\\\/zubehoer\\\/leitgummi-zebras\\\/#primaryimage\"},\"image\":{\"@id\":\"https:\\\/\\\/display-elektronik.de\\\/produkte\\\/zubehoer\\\/leitgummi-zebras\\\/#primaryimage\"},\"thumbnailUrl\":\"http:\\\/\\\/relaunch.display-elektronik.de\\\/wp-content\\\/uploads\\\/elementor\\\/thumbs\\\/Leitgummi1_1-p9bz0zcuczy7gv01yarkhuetmi0l59to5t9r0y0n88.png\",\"datePublished\":\"2021-04-13T07:53:00+00:00\",\"dateModified\":\"2023-01-12T14:42:03+00:00\",\"description\":\"Zubeh\u00f6r: Leitgummi\\\/Zebras - wir bieten unterschiedliche Leitgummi-Steckverbinder an, hohe Zuverl\u00e4ssigkeit, einfache Handhabung\",\"breadcrumb\":{\"@id\":\"https:\\\/\\\/display-elektronik.de\\\/produkte\\\/zubehoer\\\/leitgummi-zebras\\\/#breadcrumb\"},\"inLanguage\":\"en-GB\",\"potentialAction\":[{\"@type\":\"ReadAction\",\"target\":[\"https:\\\/\\\/display-elektronik.de\\\/produkte\\\/zubehoer\\\/leitgummi-zebras\\\/\"]}]},{\"@type\":\"ImageObject\",\"inLanguage\":\"en-GB\",\"@id\":\"https:\\\/\\\/display-elektronik.de\\\/produkte\\\/zubehoer\\\/leitgummi-zebras\\\/#primaryimage\",\"url\":\"http:\\\/\\\/relaunch.display-elektronik.de\\\/wp-content\\\/uploads\\\/elementor\\\/thumbs\\\/Leitgummi1_1-p9bz0zcuczy7gv01yarkhuetmi0l59to5t9r0y0n88.png\",\"contentUrl\":\"http:\\\/\\\/relaunch.display-elektronik.de\\\/wp-content\\\/uploads\\\/elementor\\\/thumbs\\\/Leitgummi1_1-p9bz0zcuczy7gv01yarkhuetmi0l59to5t9r0y0n88.png\"},{\"@type\":\"BreadcrumbList\",\"@id\":\"https:\\\/\\\/display-elektronik.de\\\/produkte\\\/zubehoer\\\/leitgummi-zebras\\\/#breadcrumb\",\"itemListElement\":[{\"@type\":\"ListItem\",\"position\":1,\"name\":\"Startseite\",\"item\":\"https:\\\/\\\/display-elektronik.de\\\/de\\\/\"},{\"@type\":\"ListItem\",\"position\":2,\"name\":\"Produkte\",\"item\":\"https:\\\/\\\/display-elektronik.de\\\/produkte\\\/\"},{\"@type\":\"ListItem\",\"position\":3,\"name\":\"Zubeh\u00f6r\",\"item\":\"https:\\\/\\\/display-elektronik.de\\\/produkte\\\/zubehoer\\\/\"},{\"@type\":\"ListItem\",\"position\":4,\"name\":\"Leitgummi\\\/Zebras\"}]},{\"@type\":\"WebSite\",\"@id\":\"https:\\\/\\\/display-elektronik.de\\\/de\\\/#website\",\"url\":\"https:\\\/\\\/display-elektronik.de\\\/de\\\/\",\"name\":\"Display-Elektronik\",\"description\":\"\",\"publisher\":{\"@id\":\"https:\\\/\\\/display-elektronik.de\\\/de\\\/#organization\"},\"potentialAction\":[{\"@type\":\"SearchAction\",\"target\":{\"@type\":\"EntryPoint\",\"urlTemplate\":\"https:\\\/\\\/display-elektronik.de\\\/de\\\/?s={search_term_string}\"},\"query-input\":{\"@type\":\"PropertyValueSpecification\",\"valueRequired\":true,\"valueName\":\"search_term_string\"}}],\"inLanguage\":\"en-GB\"},{\"@type\":\"Organization\",\"@id\":\"https:\\\/\\\/display-elektronik.de\\\/de\\\/#organization\",\"name\":\"Display-Elektronik\",\"url\":\"https:\\\/\\\/display-elektronik.de\\\/de\\\/\",\"logo\":{\"@type\":\"ImageObject\",\"inLanguage\":\"en-GB\",\"@id\":\"https:\\\/\\\/display-elektronik.de\\\/de\\\/#\\\/schema\\\/logo\\\/image\\\/\",\"url\":\"https:\\\/\\\/display-elektronik.de\\\/wp-content\\\/uploads\\\/2021\\\/04\\\/logo-display.svg\",\"contentUrl\":\"https:\\\/\\\/display-elektronik.de\\\/wp-content\\\/uploads\\\/2021\\\/04\\\/logo-display.svg\",\"caption\":\"Display-Elektronik\"},\"image\":{\"@id\":\"https:\\\/\\\/display-elektronik.de\\\/de\\\/#\\\/schema\\\/logo\\\/image\\\/\"}}]}<\/script>\n<!-- \/ Yoast SEO plugin. -->","yoast_head_json":{"title":"Display Elektronik GmbH \u2013 Leitgummi\/Zebras","description":"Zubeh\u00f6r: Leitgummi\/Zebras - wir bieten unterschiedliche Leitgummi-Steckverbinder an, hohe Zuverl\u00e4ssigkeit, einfache Handhabung","robots":{"index":"index","follow":"follow","max-snippet":"max-snippet:-1","max-image-preview":"max-image-preview:large","max-video-preview":"max-video-preview:-1"},"canonical":"https:\/\/display-elektronik.de\/en\/produkte\/zubehoer\/leitgummi-zebras\/","og_locale":"en_GB","og_type":"article","og_title":"Display Elektronik GmbH \u2013 Leitgummi\/Zebras","og_description":"Zubeh\u00f6r: Leitgummi\/Zebras - wir bieten unterschiedliche Leitgummi-Steckverbinder an, hohe Zuverl\u00e4ssigkeit, einfache Handhabung","og_url":"https:\/\/display-elektronik.de\/en\/produkte\/zubehoer\/leitgummi-zebras\/","og_site_name":"Display-Elektronik","article_modified_time":"2023-01-12T14:42:03+00:00","og_image":[{"url":"http:\/\/relaunch.display-elektronik.de\/wp-content\/uploads\/elementor\/thumbs\/Leitgummi1_1-p9bz0zcuczy7gv01yarkhuetmi0l59to5t9r0y0n88.png","type":"","width":"","height":""}],"twitter_card":"summary_large_image","twitter_misc":{"Estimated reading time":"1 minute"},"schema":{"@context":"https:\/\/schema.org","@graph":[{"@type":"WebPage","@id":"https:\/\/display-elektronik.de\/produkte\/zubehoer\/leitgummi-zebras\/","url":"https:\/\/display-elektronik.de\/produkte\/zubehoer\/leitgummi-zebras\/","name":"Display Elektronik GmbH \u2013 Leitgummi\/Zebras","isPartOf":{"@id":"https:\/\/display-elektronik.de\/de\/#website"},"primaryImageOfPage":{"@id":"https:\/\/display-elektronik.de\/produkte\/zubehoer\/leitgummi-zebras\/#primaryimage"},"image":{"@id":"https:\/\/display-elektronik.de\/produkte\/zubehoer\/leitgummi-zebras\/#primaryimage"},"thumbnailUrl":"http:\/\/relaunch.display-elektronik.de\/wp-content\/uploads\/elementor\/thumbs\/Leitgummi1_1-p9bz0zcuczy7gv01yarkhuetmi0l59to5t9r0y0n88.png","datePublished":"2021-04-13T07:53:00+00:00","dateModified":"2023-01-12T14:42:03+00:00","description":"Zubeh\u00f6r: Leitgummi\/Zebras - wir bieten unterschiedliche Leitgummi-Steckverbinder an, hohe Zuverl\u00e4ssigkeit, einfache Handhabung","breadcrumb":{"@id":"https:\/\/display-elektronik.de\/produkte\/zubehoer\/leitgummi-zebras\/#breadcrumb"},"inLanguage":"en-GB","potentialAction":[{"@type":"ReadAction","target":["https:\/\/display-elektronik.de\/produkte\/zubehoer\/leitgummi-zebras\/"]}]},{"@type":"ImageObject","inLanguage":"en-GB","@id":"https:\/\/display-elektronik.de\/produkte\/zubehoer\/leitgummi-zebras\/#primaryimage","url":"http:\/\/relaunch.display-elektronik.de\/wp-content\/uploads\/elementor\/thumbs\/Leitgummi1_1-p9bz0zcuczy7gv01yarkhuetmi0l59to5t9r0y0n88.png","contentUrl":"http:\/\/relaunch.display-elektronik.de\/wp-content\/uploads\/elementor\/thumbs\/Leitgummi1_1-p9bz0zcuczy7gv01yarkhuetmi0l59to5t9r0y0n88.png"},{"@type":"BreadcrumbList","@id":"https:\/\/display-elektronik.de\/produkte\/zubehoer\/leitgummi-zebras\/#breadcrumb","itemListElement":[{"@type":"ListItem","position":1,"name":"Startseite","item":"https:\/\/display-elektronik.de\/de\/"},{"@type":"ListItem","position":2,"name":"Produkte","item":"https:\/\/display-elektronik.de\/produkte\/"},{"@type":"ListItem","position":3,"name":"Zubeh\u00f6r","item":"https:\/\/display-elektronik.de\/produkte\/zubehoer\/"},{"@type":"ListItem","position":4,"name":"Leitgummi\/Zebras"}]},{"@type":"WebSite","@id":"https:\/\/display-elektronik.de\/de\/#website","url":"https:\/\/display-elektronik.de\/de\/","name":"Display-Elektronik","description":"","publisher":{"@id":"https:\/\/display-elektronik.de\/de\/#organization"},"potentialAction":[{"@type":"SearchAction","target":{"@type":"EntryPoint","urlTemplate":"https:\/\/display-elektronik.de\/de\/?s={search_term_string}"},"query-input":{"@type":"PropertyValueSpecification","valueRequired":true,"valueName":"search_term_string"}}],"inLanguage":"en-GB"},{"@type":"Organization","@id":"https:\/\/display-elektronik.de\/de\/#organization","name":"Display-Elektronik","url":"https:\/\/display-elektronik.de\/de\/","logo":{"@type":"ImageObject","inLanguage":"en-GB","@id":"https:\/\/display-elektronik.de\/de\/#\/schema\/logo\/image\/","url":"https:\/\/display-elektronik.de\/wp-content\/uploads\/2021\/04\/logo-display.svg","contentUrl":"https:\/\/display-elektronik.de\/wp-content\/uploads\/2021\/04\/logo-display.svg","caption":"Display-Elektronik"},"image":{"@id":"https:\/\/display-elektronik.de\/de\/#\/schema\/logo\/image\/"}}]}},"_links":{"self":[{"href":"https:\/\/display-elektronik.de\/en\/wp-json\/wp\/v2\/pages\/968","targetHints":{"allow":["GET"]}}],"collection":[{"href":"https:\/\/display-elektronik.de\/en\/wp-json\/wp\/v2\/pages"}],"about":[{"href":"https:\/\/display-elektronik.de\/en\/wp-json\/wp\/v2\/types\/page"}],"author":[{"embeddable":true,"href":"https:\/\/display-elektronik.de\/en\/wp-json\/wp\/v2\/users\/1"}],"replies":[{"embeddable":true,"href":"https:\/\/display-elektronik.de\/en\/wp-json\/wp\/v2\/comments?post=968"}],"version-history":[{"count":0,"href":"https:\/\/display-elektronik.de\/en\/wp-json\/wp\/v2\/pages\/968\/revisions"}],"up":[{"embeddable":true,"href":"https:\/\/display-elektronik.de\/en\/wp-json\/wp\/v2\/pages\/879"}],"wp:attachment":[{"href":"https:\/\/display-elektronik.de\/en\/wp-json\/wp\/v2\/media?parent=968"}],"curies":[{"name":"wp","href":"https:\/\/api.w.org\/{rel}","templated":true}]}}