{"id":960,"date":"2021-04-13T07:45:34","date_gmt":"2021-04-13T07:45:34","guid":{"rendered":"http:\/\/relaunch.display-elektronik.de\/?page_id=960"},"modified":"2023-01-12T14:11:33","modified_gmt":"2023-01-12T14:11:33","slug":"kundenspezifische-o-leds","status":"publish","type":"page","link":"https:\/\/display-elektronik.de\/en\/produkte\/o-led\/kundenspezifische-o-leds\/","title":{"rendered":"Customized OLED"},"content":{"rendered":"<div data-elementor-type=\"wp-page\" data-elementor-id=\"960\" class=\"elementor elementor-960\">\n\t\t\t\t\t\t<main class=\"elementor-section elementor-top-section elementor-element elementor-element-3f812b15 elementor-section-height-min-height elementor-reverse-mobile elementor-section-full_width elementor-section-stretched elementor-section-height-default elementor-section-items-middle\" data-id=\"3f812b15\" data-element_type=\"section\" data-e-type=\"section\" data-settings=\"{&quot;background_background&quot;:&quot;classic&quot;,&quot;stretch_section&quot;:&quot;section-stretched&quot;}\">\n\t\t\t\t\t\t<div class=\"elementor-container elementor-column-gap-default\">\n\t\t\t\t\t<div class=\"elementor-column elementor-col-100 elementor-top-column elementor-element elementor-element-47a1839a\" data-id=\"47a1839a\" data-element_type=\"column\" data-e-type=\"column\">\n\t\t\t<div class=\"elementor-widget-wrap\">\n\t\t\t\t\t\t\t<\/div>\n\t\t<\/div>\n\t\t\t\t\t<\/div>\n\t\t<\/main>\n\t\t\t\t<main class=\"elementor-section elementor-top-section elementor-element elementor-element-5015b48c elementor-reverse-mobile elementor-section-stretched elementor-section-boxed elementor-section-height-default elementor-section-height-default\" data-id=\"5015b48c\" data-element_type=\"section\" data-e-type=\"section\" data-settings=\"{&quot;background_background&quot;:&quot;classic&quot;,&quot;stretch_section&quot;:&quot;section-stretched&quot;}\">\n\t\t\t\t\t\t<div class=\"elementor-container elementor-column-gap-default\">\n\t\t\t\t\t<div class=\"elementor-column elementor-col-50 elementor-top-column elementor-element elementor-element-2550a133\" data-id=\"2550a133\" data-element_type=\"column\" data-e-type=\"column\">\n\t\t\t<div class=\"elementor-widget-wrap elementor-element-populated\">\n\t\t\t\t\t\t<div class=\"elementor-element elementor-element-7acde00a elementor-widget elementor-widget-spacer\" data-id=\"7acde00a\" data-element_type=\"widget\" data-e-type=\"widget\" data-widget_type=\"spacer.default\">\n\t\t\t\t<div class=\"elementor-widget-container\">\n\t\t\t\t\t\t\t<div class=\"elementor-spacer\">\n\t\t\t<div class=\"elementor-spacer-inner\"><\/div>\n\t\t<\/div>\n\t\t\t\t\t\t<\/div>\n\t\t\t\t<\/div>\n\t\t\t\t<div class=\"elementor-element elementor-element-7a7ab24b elementor-widget elementor-widget-heading\" data-id=\"7a7ab24b\" data-element_type=\"widget\" data-e-type=\"widget\" data-widget_type=\"heading.default\">\n\t\t\t\t<div class=\"elementor-widget-container\">\n\t\t\t\t\t<h1 class=\"elementor-heading-title elementor-size-default\">Customized OLED<\/h1>\t\t\t\t<\/div>\n\t\t\t\t<\/div>\n\t\t\t\t<div class=\"elementor-element elementor-element-302627e2 elementor-widget elementor-widget-text-editor\" data-id=\"302627e2\" data-element_type=\"widget\" data-e-type=\"widget\" data-widget_type=\"text-editor.default\">\n\t\t\t\t<div class=\"elementor-widget-container\">\n\t\t\t\t\t\t\t\t\t<ul><li>As a long-term partner of the processing industry we are specialized in customized solutions. We offer comprehensive support for customized developments,  from simple 7-Segment LEDs with customized segments to complete LED units with LED driver, plastic housing with snap-in function etc.<\/li><li>The intensive exchange of information with our customers at an early stage of their project leads to optimum results. If we are involved in a development from the very beginning, we can give recommendations which are not generally known and are based on our long-term experience.<\/li><li>Customized developments are divided into several phases, which have to be approved by our customers before the next step is undertaken. This procedure has proved to be very efficient, as it ensures that the customer is in full control of each step and the status of the development is clearly visible for all parties involved.<\/li><li>On request (if there is a constantly running project) we can hold an interim stock for immediate shipment. This results in a significantly better availability and flexibility towards our customers.<\/li><li>Customized solutions can be realized at economical prices for medium-sized quantities.<\/li><li>OLED displays can be realized as COB or COG.<\/li><\/ul><p><strong>We look forward to receiving your inquiry - it is our pleasure to support you!<\/strong><\/p>\t\t\t\t\t\t\t\t<\/div>\n\t\t\t\t<\/div>\n\t\t\t\t\t<\/div>\n\t\t<\/div>\n\t\t\t\t<div class=\"elementor-column elementor-col-50 elementor-top-column elementor-element elementor-element-1979099b\" data-id=\"1979099b\" data-element_type=\"column\" data-e-type=\"column\">\n\t\t\t<div class=\"elementor-widget-wrap elementor-element-populated\">\n\t\t\t\t\t\t<div class=\"elementor-element elementor-element-5ab62551 elementor-widget elementor-widget-image-carousel\" data-id=\"5ab62551\" data-element_type=\"widget\" data-e-type=\"widget\" data-settings=\"{&quot;navigation&quot;:&quot;none&quot;,&quot;slides_to_show&quot;:&quot;1&quot;,&quot;effect&quot;:&quot;fade&quot;,&quot;speed&quot;:3000,&quot;slides_to_show_tablet&quot;:&quot;1&quot;,&quot;autoplay&quot;:&quot;yes&quot;,&quot;pause_on_hover&quot;:&quot;yes&quot;,&quot;pause_on_interaction&quot;:&quot;yes&quot;,&quot;autoplay_speed&quot;:5000,&quot;infinite&quot;:&quot;yes&quot;}\" data-widget_type=\"image-carousel.default\">\n\t\t\t\t<div class=\"elementor-widget-container\">\n\t\t\t\t\t\t\t<div class=\"elementor-image-carousel-wrapper swiper\" role=\"region\" aria-roledescription=\"carousel\" aria-label=\"Image Carousel\" dir=\"ltr\">\n\t\t\t<div class=\"elementor-image-carousel swiper-wrapper\" aria-live=\"off\">\n\t\t\t\t\t\t\t\t<div class=\"swiper-slide\" role=\"group\" aria-roledescription=\"slide\" aria-label=\"1 of 1\"><figure class=\"swiper-slide-inner\"><img decoding=\"async\" class=\"swiper-slide-image\" src=\"https:\/\/display-elektronik.de\/wp-content\/uploads\/elementor\/thumbs\/OLED_Graphic_1-1-p96ipq5hc9erbcl1rfstd8pskrmbj9b4i5859cpi1k.png\" alt=\"OLED\" \/><\/figure><\/div>\t\t\t<\/div>\n\t\t\t\t\t<\/div>\n\t\t\t\t\t\t<\/div>\n\t\t\t\t<\/div>\n\t\t\t\t\t<\/div>\n\t\t<\/div>\n\t\t\t\t\t<\/div>\n\t\t<\/main>\n\t\t\t\t<section class=\"elementor-section elementor-top-section elementor-element elementor-element-61acecd elementor-section-full_width elementor-section-stretched elementor-section-height-default elementor-section-height-default\" data-id=\"61acecd\" data-element_type=\"section\" data-e-type=\"section\" id=\"myframe\" data-settings=\"{&quot;background_background&quot;:&quot;classic&quot;,&quot;stretch_section&quot;:&quot;section-stretched&quot;}\">\n\t\t\t\t\t\t<div class=\"elementor-container elementor-column-gap-default\">\n\t\t\t\t\t<div class=\"elementor-column elementor-col-100 elementor-top-column elementor-element elementor-element-7d7c35b4\" data-id=\"7d7c35b4\" data-element_type=\"column\" data-e-type=\"column\">\n\t\t\t<div class=\"elementor-widget-wrap elementor-element-populated\">\n\t\t\t\t\t\t<section class=\"elementor-section elementor-inner-section elementor-element elementor-element-7215b961 elementor-section-boxed elementor-section-height-default elementor-section-height-default\" data-id=\"7215b961\" data-element_type=\"section\" data-e-type=\"section\">\n\t\t\t\t\t\t<div class=\"elementor-container elementor-column-gap-default\">\n\t\t\t\t\t<div class=\"elementor-column elementor-col-100 elementor-inner-column elementor-element elementor-element-44bbe189\" data-id=\"44bbe189\" data-element_type=\"column\" data-e-type=\"column\">\n\t\t\t<div class=\"elementor-widget-wrap elementor-element-populated\">\n\t\t\t\t\t\t<div class=\"elementor-element elementor-element-6ea15c38 elementor-align-left elementor-widget__width-auto elementor-widget-mobile__width-inherit elementor-widget elementor-widget-button\" data-id=\"6ea15c38\" data-element_type=\"widget\" data-e-type=\"widget\" data-widget_type=\"button.default\">\n\t\t\t\t<div class=\"elementor-widget-container\">\n\t\t\t\t\t\t\t\t\t<div class=\"elementor-button-wrapper\">\n\t\t\t\t\t<a class=\"elementor-button elementor-button-link elementor-size-sm\" href=\"https:\/\/display-elektronik.de\/en\/kontakt\/\" target=\"_blank\">\n\t\t\t\t\t\t<span class=\"elementor-button-content-wrapper\">\n\t\t\t\t\t\t<span class=\"elementor-button-icon\">\n\t\t\t\t<i aria-hidden=\"true\" class=\"fas fa-arrow-right\"><\/i>\t\t\t<\/span>\n\t\t\t\t\t\t\t\t\t<span class=\"elementor-button-text\">Technical Info<\/span>\n\t\t\t\t\t<\/span>\n\t\t\t\t\t<\/a>\n\t\t\t\t<\/div>\n\t\t\t\t\t\t\t\t<\/div>\n\t\t\t\t<\/div>\n\t\t\t\t<div class=\"elementor-element elementor-element-1baed580 elementor-align-right elementor-tablet-align-left elementor-widget__width-auto elementor-widget-mobile__width-inherit elementor-widget elementor-widget-button\" data-id=\"1baed580\" data-element_type=\"widget\" data-e-type=\"widget\" data-widget_type=\"button.default\">\n\t\t\t\t<div class=\"elementor-widget-container\">\n\t\t\t\t\t\t\t\t\t<div class=\"elementor-button-wrapper\">\n\t\t\t\t\t<a class=\"elementor-button elementor-button-link elementor-size-sm\" href=\"https:\/\/display-elektronik.de\/en\/kontakt\/\" target=\"_blank\">\n\t\t\t\t\t\t<span class=\"elementor-button-content-wrapper\">\n\t\t\t\t\t\t<span class=\"elementor-button-icon\">\n\t\t\t\t<i aria-hidden=\"true\" class=\"fas fa-arrow-right\"><\/i>\t\t\t<\/span>\n\t\t\t\t\t\t\t\t\t<span class=\"elementor-button-text\">Cust Inquiry<\/span>\n\t\t\t\t\t<\/span>\n\t\t\t\t\t<\/a>\n\t\t\t\t<\/div>\n\t\t\t\t\t\t\t\t<\/div>\n\t\t\t\t<\/div>\n\t\t\t\t\t<\/div>\n\t\t<\/div>\n\t\t\t\t\t<\/div>\n\t\t<\/section>\n\t\t\t\t\t<\/div>\n\t\t<\/div>\n\t\t\t\t\t<\/div>\n\t\t<\/section>\n\t\t\t\t<\/div>","protected":false},"excerpt":{"rendered":"<p>Kundenspezifische OLED Als langj\u00e4hriger Partner der weiterverarbeitenden Industrie sind wir auf kundenspezifische L\u00f6sungen spezialisiert. Wir bieten eine umfangreiche Unterst\u00fctzung f\u00fcr kundenspezifische Entwicklungen angefangen bei einfachen 7-Segment LEDs mit kundenspezifischen Segmenten bis hin zu einer kompletten LED Einheit ggf. mit LED Treiber, Kunststoffgeh\u00e4use mit Snap-In Funktion usw. Der intensive Informationsaustausch mit unseren Kunden bereits in der&hellip;<\/p>","protected":false},"author":1,"featured_media":0,"parent":869,"menu_order":3,"comment_status":"closed","ping_status":"closed","template":"","meta":{"footnotes":""},"class_list":["post-960","page","type-page","status-publish","hentry"],"yoast_head":"<!-- This site is optimized with the Yoast SEO plugin v27.3 - https:\/\/yoast.com\/product\/yoast-seo-wordpress\/ -->\n<title>Display Elektronik GmbH \u2013 Kundenspezifische OLED<\/title>\n<meta name=\"description\" content=\"OLED: kundenspezifisch - als langj\u00e4hriger Partner der weiterverarbeitenden Industrie sind wir auf kundenspezifische L\u00f6sungen spezialisiert.\" \/>\n<meta name=\"robots\" content=\"index, follow, max-snippet:-1, max-image-preview:large, max-video-preview:-1\" \/>\n<link rel=\"canonical\" href=\"https:\/\/display-elektronik.de\/en\/produkte\/o-led\/kundenspezifische-o-leds\/\" \/>\n<meta property=\"og:locale\" content=\"en_GB\" \/>\n<meta property=\"og:type\" content=\"article\" \/>\n<meta property=\"og:title\" content=\"Display Elektronik GmbH \u2013 Kundenspezifische OLED\" \/>\n<meta property=\"og:description\" content=\"OLED: kundenspezifisch - als langj\u00e4hriger Partner der weiterverarbeitenden Industrie sind wir auf kundenspezifische L\u00f6sungen spezialisiert.\" \/>\n<meta property=\"og:url\" content=\"https:\/\/display-elektronik.de\/en\/produkte\/o-led\/kundenspezifische-o-leds\/\" \/>\n<meta property=\"og:site_name\" content=\"Display-Elektronik\" \/>\n<meta property=\"article:modified_time\" content=\"2023-01-12T14:11:33+00:00\" \/>\n<meta property=\"og:image\" content=\"http:\/\/relaunch.display-elektronik.de\/wp-content\/uploads\/elementor\/thumbs\/OLED_Graphic_1-1-p96ipq5hc9erbcl1rfstd8pskrmbj9b4i5859cpi1k.png\" \/>\n<meta name=\"twitter:card\" content=\"summary_large_image\" \/>\n<meta name=\"twitter:label1\" content=\"Estimated reading time\" \/>\n\t<meta name=\"twitter:data1\" content=\"2 minutes\" \/>\n<script type=\"application\/ld+json\" class=\"yoast-schema-graph\">{\"@context\":\"https:\\\/\\\/schema.org\",\"@graph\":[{\"@type\":\"WebPage\",\"@id\":\"https:\\\/\\\/display-elektronik.de\\\/produkte\\\/o-led\\\/kundenspezifische-o-leds\\\/\",\"url\":\"https:\\\/\\\/display-elektronik.de\\\/produkte\\\/o-led\\\/kundenspezifische-o-leds\\\/\",\"name\":\"Display Elektronik GmbH \u2013 Kundenspezifische OLED\",\"isPartOf\":{\"@id\":\"https:\\\/\\\/display-elektronik.de\\\/de\\\/#website\"},\"primaryImageOfPage\":{\"@id\":\"https:\\\/\\\/display-elektronik.de\\\/produkte\\\/o-led\\\/kundenspezifische-o-leds\\\/#primaryimage\"},\"image\":{\"@id\":\"https:\\\/\\\/display-elektronik.de\\\/produkte\\\/o-led\\\/kundenspezifische-o-leds\\\/#primaryimage\"},\"thumbnailUrl\":\"http:\\\/\\\/relaunch.display-elektronik.de\\\/wp-content\\\/uploads\\\/elementor\\\/thumbs\\\/OLED_Graphic_1-1-p96ipq5hc9erbcl1rfstd8pskrmbj9b4i5859cpi1k.png\",\"datePublished\":\"2021-04-13T07:45:34+00:00\",\"dateModified\":\"2023-01-12T14:11:33+00:00\",\"description\":\"OLED: kundenspezifisch - als langj\u00e4hriger Partner der weiterverarbeitenden Industrie sind wir auf kundenspezifische L\u00f6sungen spezialisiert.\",\"breadcrumb\":{\"@id\":\"https:\\\/\\\/display-elektronik.de\\\/produkte\\\/o-led\\\/kundenspezifische-o-leds\\\/#breadcrumb\"},\"inLanguage\":\"en-GB\",\"potentialAction\":[{\"@type\":\"ReadAction\",\"target\":[\"https:\\\/\\\/display-elektronik.de\\\/produkte\\\/o-led\\\/kundenspezifische-o-leds\\\/\"]}]},{\"@type\":\"ImageObject\",\"inLanguage\":\"en-GB\",\"@id\":\"https:\\\/\\\/display-elektronik.de\\\/produkte\\\/o-led\\\/kundenspezifische-o-leds\\\/#primaryimage\",\"url\":\"http:\\\/\\\/relaunch.display-elektronik.de\\\/wp-content\\\/uploads\\\/elementor\\\/thumbs\\\/OLED_Graphic_1-1-p96ipq5hc9erbcl1rfstd8pskrmbj9b4i5859cpi1k.png\",\"contentUrl\":\"http:\\\/\\\/relaunch.display-elektronik.de\\\/wp-content\\\/uploads\\\/elementor\\\/thumbs\\\/OLED_Graphic_1-1-p96ipq5hc9erbcl1rfstd8pskrmbj9b4i5859cpi1k.png\"},{\"@type\":\"BreadcrumbList\",\"@id\":\"https:\\\/\\\/display-elektronik.de\\\/produkte\\\/o-led\\\/kundenspezifische-o-leds\\\/#breadcrumb\",\"itemListElement\":[{\"@type\":\"ListItem\",\"position\":1,\"name\":\"Startseite\",\"item\":\"https:\\\/\\\/display-elektronik.de\\\/de\\\/\"},{\"@type\":\"ListItem\",\"position\":2,\"name\":\"Produkte\",\"item\":\"https:\\\/\\\/display-elektronik.de\\\/produkte\\\/\"},{\"@type\":\"ListItem\",\"position\":3,\"name\":\"OLED\",\"item\":\"https:\\\/\\\/display-elektronik.de\\\/produkte\\\/o-led\\\/\"},{\"@type\":\"ListItem\",\"position\":4,\"name\":\"Kundenspezifische OLED\"}]},{\"@type\":\"WebSite\",\"@id\":\"https:\\\/\\\/display-elektronik.de\\\/de\\\/#website\",\"url\":\"https:\\\/\\\/display-elektronik.de\\\/de\\\/\",\"name\":\"Display-Elektronik\",\"description\":\"\",\"publisher\":{\"@id\":\"https:\\\/\\\/display-elektronik.de\\\/de\\\/#organization\"},\"potentialAction\":[{\"@type\":\"SearchAction\",\"target\":{\"@type\":\"EntryPoint\",\"urlTemplate\":\"https:\\\/\\\/display-elektronik.de\\\/de\\\/?s={search_term_string}\"},\"query-input\":{\"@type\":\"PropertyValueSpecification\",\"valueRequired\":true,\"valueName\":\"search_term_string\"}}],\"inLanguage\":\"en-GB\"},{\"@type\":\"Organization\",\"@id\":\"https:\\\/\\\/display-elektronik.de\\\/de\\\/#organization\",\"name\":\"Display-Elektronik\",\"url\":\"https:\\\/\\\/display-elektronik.de\\\/de\\\/\",\"logo\":{\"@type\":\"ImageObject\",\"inLanguage\":\"en-GB\",\"@id\":\"https:\\\/\\\/display-elektronik.de\\\/de\\\/#\\\/schema\\\/logo\\\/image\\\/\",\"url\":\"https:\\\/\\\/display-elektronik.de\\\/wp-content\\\/uploads\\\/2021\\\/04\\\/logo-display.svg\",\"contentUrl\":\"https:\\\/\\\/display-elektronik.de\\\/wp-content\\\/uploads\\\/2021\\\/04\\\/logo-display.svg\",\"caption\":\"Display-Elektronik\"},\"image\":{\"@id\":\"https:\\\/\\\/display-elektronik.de\\\/de\\\/#\\\/schema\\\/logo\\\/image\\\/\"}}]}<\/script>\n<!-- \/ Yoast SEO plugin. -->","yoast_head_json":{"title":"Display Elektronik GmbH \u2013 Kundenspezifische OLED","description":"OLED: kundenspezifisch - als langj\u00e4hriger Partner der weiterverarbeitenden Industrie sind wir auf kundenspezifische L\u00f6sungen spezialisiert.","robots":{"index":"index","follow":"follow","max-snippet":"max-snippet:-1","max-image-preview":"max-image-preview:large","max-video-preview":"max-video-preview:-1"},"canonical":"https:\/\/display-elektronik.de\/en\/produkte\/o-led\/kundenspezifische-o-leds\/","og_locale":"en_GB","og_type":"article","og_title":"Display Elektronik GmbH \u2013 Kundenspezifische OLED","og_description":"OLED: kundenspezifisch - als langj\u00e4hriger Partner der weiterverarbeitenden Industrie sind wir auf kundenspezifische L\u00f6sungen spezialisiert.","og_url":"https:\/\/display-elektronik.de\/en\/produkte\/o-led\/kundenspezifische-o-leds\/","og_site_name":"Display-Elektronik","article_modified_time":"2023-01-12T14:11:33+00:00","og_image":[{"url":"http:\/\/relaunch.display-elektronik.de\/wp-content\/uploads\/elementor\/thumbs\/OLED_Graphic_1-1-p96ipq5hc9erbcl1rfstd8pskrmbj9b4i5859cpi1k.png","type":"","width":"","height":""}],"twitter_card":"summary_large_image","twitter_misc":{"Estimated reading time":"2 minutes"},"schema":{"@context":"https:\/\/schema.org","@graph":[{"@type":"WebPage","@id":"https:\/\/display-elektronik.de\/produkte\/o-led\/kundenspezifische-o-leds\/","url":"https:\/\/display-elektronik.de\/produkte\/o-led\/kundenspezifische-o-leds\/","name":"Display Elektronik GmbH \u2013 Kundenspezifische OLED","isPartOf":{"@id":"https:\/\/display-elektronik.de\/de\/#website"},"primaryImageOfPage":{"@id":"https:\/\/display-elektronik.de\/produkte\/o-led\/kundenspezifische-o-leds\/#primaryimage"},"image":{"@id":"https:\/\/display-elektronik.de\/produkte\/o-led\/kundenspezifische-o-leds\/#primaryimage"},"thumbnailUrl":"http:\/\/relaunch.display-elektronik.de\/wp-content\/uploads\/elementor\/thumbs\/OLED_Graphic_1-1-p96ipq5hc9erbcl1rfstd8pskrmbj9b4i5859cpi1k.png","datePublished":"2021-04-13T07:45:34+00:00","dateModified":"2023-01-12T14:11:33+00:00","description":"OLED: kundenspezifisch - als langj\u00e4hriger Partner der weiterverarbeitenden Industrie sind wir auf kundenspezifische L\u00f6sungen spezialisiert.","breadcrumb":{"@id":"https:\/\/display-elektronik.de\/produkte\/o-led\/kundenspezifische-o-leds\/#breadcrumb"},"inLanguage":"en-GB","potentialAction":[{"@type":"ReadAction","target":["https:\/\/display-elektronik.de\/produkte\/o-led\/kundenspezifische-o-leds\/"]}]},{"@type":"ImageObject","inLanguage":"en-GB","@id":"https:\/\/display-elektronik.de\/produkte\/o-led\/kundenspezifische-o-leds\/#primaryimage","url":"http:\/\/relaunch.display-elektronik.de\/wp-content\/uploads\/elementor\/thumbs\/OLED_Graphic_1-1-p96ipq5hc9erbcl1rfstd8pskrmbj9b4i5859cpi1k.png","contentUrl":"http:\/\/relaunch.display-elektronik.de\/wp-content\/uploads\/elementor\/thumbs\/OLED_Graphic_1-1-p96ipq5hc9erbcl1rfstd8pskrmbj9b4i5859cpi1k.png"},{"@type":"BreadcrumbList","@id":"https:\/\/display-elektronik.de\/produkte\/o-led\/kundenspezifische-o-leds\/#breadcrumb","itemListElement":[{"@type":"ListItem","position":1,"name":"Startseite","item":"https:\/\/display-elektronik.de\/de\/"},{"@type":"ListItem","position":2,"name":"Produkte","item":"https:\/\/display-elektronik.de\/produkte\/"},{"@type":"ListItem","position":3,"name":"OLED","item":"https:\/\/display-elektronik.de\/produkte\/o-led\/"},{"@type":"ListItem","position":4,"name":"Kundenspezifische OLED"}]},{"@type":"WebSite","@id":"https:\/\/display-elektronik.de\/de\/#website","url":"https:\/\/display-elektronik.de\/de\/","name":"Display-Elektronik","description":"","publisher":{"@id":"https:\/\/display-elektronik.de\/de\/#organization"},"potentialAction":[{"@type":"SearchAction","target":{"@type":"EntryPoint","urlTemplate":"https:\/\/display-elektronik.de\/de\/?s={search_term_string}"},"query-input":{"@type":"PropertyValueSpecification","valueRequired":true,"valueName":"search_term_string"}}],"inLanguage":"en-GB"},{"@type":"Organization","@id":"https:\/\/display-elektronik.de\/de\/#organization","name":"Display-Elektronik","url":"https:\/\/display-elektronik.de\/de\/","logo":{"@type":"ImageObject","inLanguage":"en-GB","@id":"https:\/\/display-elektronik.de\/de\/#\/schema\/logo\/image\/","url":"https:\/\/display-elektronik.de\/wp-content\/uploads\/2021\/04\/logo-display.svg","contentUrl":"https:\/\/display-elektronik.de\/wp-content\/uploads\/2021\/04\/logo-display.svg","caption":"Display-Elektronik"},"image":{"@id":"https:\/\/display-elektronik.de\/de\/#\/schema\/logo\/image\/"}}]}},"_links":{"self":[{"href":"https:\/\/display-elektronik.de\/en\/wp-json\/wp\/v2\/pages\/960","targetHints":{"allow":["GET"]}}],"collection":[{"href":"https:\/\/display-elektronik.de\/en\/wp-json\/wp\/v2\/pages"}],"about":[{"href":"https:\/\/display-elektronik.de\/en\/wp-json\/wp\/v2\/types\/page"}],"author":[{"embeddable":true,"href":"https:\/\/display-elektronik.de\/en\/wp-json\/wp\/v2\/users\/1"}],"replies":[{"embeddable":true,"href":"https:\/\/display-elektronik.de\/en\/wp-json\/wp\/v2\/comments?post=960"}],"version-history":[{"count":0,"href":"https:\/\/display-elektronik.de\/en\/wp-json\/wp\/v2\/pages\/960\/revisions"}],"up":[{"embeddable":true,"href":"https:\/\/display-elektronik.de\/en\/wp-json\/wp\/v2\/pages\/869"}],"wp:attachment":[{"href":"https:\/\/display-elektronik.de\/en\/wp-json\/wp\/v2\/media?parent=960"}],"curies":[{"name":"wp","href":"https:\/\/api.w.org\/{rel}","templated":true}]}}