{"id":44,"date":"2021-04-09T14:38:16","date_gmt":"2021-04-09T14:38:16","guid":{"rendered":"http:\/\/relaunch.display-elektronik.de\/?page_id=44"},"modified":"2023-01-12T15:00:38","modified_gmt":"2023-01-12T15:00:38","slug":"impressum","status":"publish","type":"page","link":"https:\/\/display-elektronik.de\/en\/impressum\/","title":{"rendered":"Imprint"},"content":{"rendered":"<div data-elementor-type=\"wp-page\" data-elementor-id=\"44\" class=\"elementor elementor-44\">\n\t\t\t\t\t\t<main class=\"elementor-section elementor-top-section elementor-element elementor-element-6d8b174f elementor-section-height-min-height elementor-reverse-mobile elementor-section-full_width elementor-section-stretched elementor-section-height-default elementor-section-items-middle\" data-id=\"6d8b174f\" data-element_type=\"section\" data-e-type=\"section\" data-settings=\"{&quot;background_background&quot;:&quot;classic&quot;,&quot;stretch_section&quot;:&quot;section-stretched&quot;}\">\n\t\t\t\t\t\t<div class=\"elementor-container elementor-column-gap-default\">\n\t\t\t\t\t<div class=\"elementor-column elementor-col-100 elementor-top-column elementor-element elementor-element-344274e7\" data-id=\"344274e7\" data-element_type=\"column\" data-e-type=\"column\">\n\t\t\t<div class=\"elementor-widget-wrap\">\n\t\t\t\t\t\t\t<\/div>\n\t\t<\/div>\n\t\t\t\t\t<\/div>\n\t\t<\/main>\n\t\t\t\t<section class=\"elementor-section elementor-top-section elementor-element elementor-element-59975502 elementor-section-boxed elementor-section-height-default elementor-section-height-default\" data-id=\"59975502\" data-element_type=\"section\" data-e-type=\"section\">\n\t\t\t\t\t\t<div class=\"elementor-container elementor-column-gap-default\">\n\t\t\t\t\t<div class=\"elementor-column elementor-col-100 elementor-top-column elementor-element elementor-element-6f7470ab\" data-id=\"6f7470ab\" data-element_type=\"column\" data-e-type=\"column\">\n\t\t\t<div class=\"elementor-widget-wrap elementor-element-populated\">\n\t\t\t\t\t\t<div class=\"elementor-element elementor-element-449da212 elementor-widget elementor-widget-spacer\" data-id=\"449da212\" data-element_type=\"widget\" data-e-type=\"widget\" data-widget_type=\"spacer.default\">\n\t\t\t\t<div class=\"elementor-widget-container\">\n\t\t\t\t\t\t\t<div class=\"elementor-spacer\">\n\t\t\t<div class=\"elementor-spacer-inner\"><\/div>\n\t\t<\/div>\n\t\t\t\t\t\t<\/div>\n\t\t\t\t<\/div>\n\t\t\t\t<div class=\"elementor-element elementor-element-20a876a8 elementor-widget elementor-widget-heading\" data-id=\"20a876a8\" data-element_type=\"widget\" data-e-type=\"widget\" data-widget_type=\"heading.default\">\n\t\t\t\t<div class=\"elementor-widget-container\">\n\t\t\t\t\t<h1 class=\"elementor-heading-title elementor-size-default\">Imprint<\/h1>\t\t\t\t<\/div>\n\t\t\t\t<\/div>\n\t\t\t\t<div class=\"elementor-element elementor-element-489d8287 elementor-widget elementor-widget-spacer\" data-id=\"489d8287\" data-element_type=\"widget\" data-e-type=\"widget\" data-widget_type=\"spacer.default\">\n\t\t\t\t<div class=\"elementor-widget-container\">\n\t\t\t\t\t\t\t<div class=\"elementor-spacer\">\n\t\t\t<div class=\"elementor-spacer-inner\"><\/div>\n\t\t<\/div>\n\t\t\t\t\t\t<\/div>\n\t\t\t\t<\/div>\n\t\t\t\t\t<\/div>\n\t\t<\/div>\n\t\t\t\t\t<\/div>\n\t\t<\/section>\n\t\t\t\t<section class=\"elementor-section elementor-top-section elementor-element elementor-element-6078f80c elementor-section-boxed elementor-section-height-default elementor-section-height-default\" data-id=\"6078f80c\" data-element_type=\"section\" data-e-type=\"section\">\n\t\t\t\t\t\t<div class=\"elementor-container elementor-column-gap-default\">\n\t\t\t\t\t<div class=\"elementor-column elementor-col-100 elementor-top-column elementor-element elementor-element-287496b8\" data-id=\"287496b8\" data-element_type=\"column\" data-e-type=\"column\">\n\t\t\t<div class=\"elementor-widget-wrap elementor-element-populated\">\n\t\t\t\t\t\t<div class=\"elementor-element elementor-element-7cb4182 elementor-widget elementor-widget-text-editor\" data-id=\"7cb4182\" data-element_type=\"widget\" data-e-type=\"widget\" data-widget_type=\"text-editor.default\">\n\t\t\t\t<div class=\"elementor-widget-container\">\n\t\t\t\t\t\t\t\t\t<p><strong><u>According to \u00a75 TMG<\/u><\/strong><\/p><p><strong>Headquarter:<\/strong><\/p><p><strong>Display Elektronik GmbH<\/strong><strong><br \/><\/strong>Am Rauner Graben 15<br \/>63667 Nidda<br \/>\u2013 Germany \u2013<\/p><p>Tel.: +49 (0)6043 \u2013 98888-0<br \/>Fax: +49 (0)6043 \u2013 98888-11<\/p><p><a href=\"mailto:info@display-elektronik.de\">info@display-elektronik.de<\/a><br \/><a href=\"https:\/\/display-elektronik.de\/en\/\">www.display-elektronik.de<\/a><\/p><p><strong>Management:<\/strong><br \/>Michael Hu\u00dfmann<\/p><p><strong>Register Entry:<br \/><\/strong>Registration in the commercial register<strong><br \/><\/strong>Register Court: District Court Friedberg (Hessen)<br \/>Registernummer: HRB4641<\/p><p><strong>VAT Number:<br \/><\/strong>VAT indentification number in accorance to \u00a727a of the German tax law:<br \/>DE 112 603 034<\/p><p><strong><u>Disclaimer:<\/u><\/strong><\/p><p><strong>Liability for content<\/strong><br \/>The contents of our pages were created with the utmost care and according to the current state of knowledge. However, we cannot assume any liability for the correctness, completeness and topicality of the content. Furthermore, we reserve the right to change or remove content at any time without prior notice. As a service provider, we are responsible for our own content on these pages in accordance with general law in accordance with \u00a77, section 1 of the German Telemedia Act. (TMG) according to \u00a78 to 10 TMG, as a service provider, we are not obliged to monitor transmitted or stored third-party information or to research circumstances that indicate illegal activity.\nObligations to remove or block the use of information according to general laws or patent infringements remain unaffected. However, liability in this regard is only possible from the point in time at which we become aware of a specific legal violation. As soon as we become aware of such legal violations, we will remove this content immediately.<br \/>Verpflichtungen zur Entfernung oder Sperrung der Nutzung von Informationen nach den allgemeinen Gesetzen oder Patentverletzungen bleiben hiervon unber\u00fchrt. Eine diesbez\u00fcgliche Haftung ist jedoch erst ab dem Zeitpunkt der Kenntnis einer konkreten Rechtsverletzung m\u00f6glich. Bei Bekanntwerden von entsprechenden Rechtsverletzungen werden wir diese Inhalte umgehend entfernen.<\/p><p><strong>Liability for links<\/strong><br \/>Our offer may contain links to external third-party websites over whose content we have no influence. Therefore, we cannot accept any liability for this third-party content. The respective provider or operator of the pages is always responsible for the content of the linked pages. The linked pages were checked for possible legal violations at the time they were linked. No illegal content was found at the time the link was created. Permanent monitoring of the content of the linked pages is not reasonable without concrete evidence of a violation of the law. As soon as we become aware of legal violations, we will remove such links immediately.<\/p><p><strong><br \/>Copyright<\/strong><br \/>The content and works on these pages created by the website operator are subject to German copyright law. The duplication, processing, distribution and any kind of exploitation outside the limits of copyright law require the written consent of the respective author or creator. Downloads and copies of this website are only permitted for private, non-commercial use. Insofar as the content on this site was not created by the operator, the copyrights of third parties are observed. In particular contents of third parties are marked as such. Should you nevertheless become aware of a copyright infringement, we would ask you to notify us accordingly. As soon as we become aware of legal violations, we will of course remove such content immediately.<\/p><p><strong><br \/>Privacy<\/strong><br \/>Our website can usually be used without providing personal data. Insofar as personal data (e.g. name, address or email address) is collected on our website, this is always done on a voluntary basis as far as possible. These data will not be passed on to third parties without your express consent. We would like to point out that data transmission over the Internet (e.g. when communicating by e-mail) can have security gaps. A complete protection of the data against access by third parties is not possible.<br \/>We hereby expressly object to the use of the contact data published in the context of the imprint obligation by third parties for sending unsolicited advertising and information materials. The operators of the pages expressly reserve the right to take legal action in the event of unsolicited sending of advertising information, such as spam emails.<\/p>\t\t\t\t\t\t\t\t<\/div>\n\t\t\t\t<\/div>\n\t\t\t\t\t<\/div>\n\t\t<\/div>\n\t\t\t\t\t<\/div>\n\t\t<\/section>\n\t\t\t\t<\/div>","protected":false},"excerpt":{"rendered":"<p>Impressum Angaben gem\u00e4\u00df \u00a75 TMG Firmensitz: Display Elektronik GmbH Am Rauner Graben 15 63667 Nidda \u2013 Germany \u2013 Tel.: +49 (0)6043 \u2013 98888-0 Fax: +49 (0)6043 \u2013 98888-11 info@display-elektronik.de www.display-elektronik.de Gesch\u00e4ftsleitung: Michael Hu\u00dfmann Registereintrag: Eintragung im Handelsregister Registergericht: Amtsgericht Friedberg (Hessen) Registernummer: HRB4641 Umsatzsteuer-ID: Umsatzsteuer-Identifikationsnummer gem\u00e4\u00df \u00a727a Umsatzsteuergesetz: DE 112 603 034 Haftungsausschluss: Haftung f\u00fcr&hellip;<\/p>","protected":false},"author":1,"featured_media":0,"parent":0,"menu_order":6,"comment_status":"closed","ping_status":"closed","template":"elementor_theme","meta":{"footnotes":""},"class_list":["post-44","page","type-page","status-publish","hentry"],"yoast_head":"<!-- This site is optimized with the Yoast SEO plugin v27.4 - https:\/\/yoast.com\/product\/yoast-seo-wordpress\/ -->\n<title>Display Elektronik GmbH \u2013 Impressum<\/title>\n<meta name=\"description\" content=\"Impressum der Display Elektronik GmbH mit allen Angaben gem\u00e4\u00df \u00a75 Tele-Medien-Gesetz und dem Haftungsausschluss\" \/>\n<meta name=\"robots\" content=\"index, follow, max-snippet:-1, max-image-preview:large, max-video-preview:-1\" \/>\n<link rel=\"canonical\" href=\"https:\/\/display-elektronik.de\/en\/impressum\/\" \/>\n<meta property=\"og:locale\" content=\"en_GB\" \/>\n<meta property=\"og:type\" content=\"article\" \/>\n<meta property=\"og:title\" content=\"Display Elektronik GmbH \u2013 Impressum\" \/>\n<meta property=\"og:description\" content=\"Impressum der Display Elektronik GmbH mit allen Angaben gem\u00e4\u00df \u00a75 Tele-Medien-Gesetz und dem Haftungsausschluss\" \/>\n<meta property=\"og:url\" content=\"https:\/\/display-elektronik.de\/en\/impressum\/\" \/>\n<meta property=\"og:site_name\" content=\"Display-Elektronik\" \/>\n<meta property=\"article:modified_time\" content=\"2023-01-12T15:00:38+00:00\" \/>\n<meta name=\"twitter:card\" content=\"summary_large_image\" \/>\n<meta name=\"twitter:label1\" content=\"Estimated reading time\" \/>\n\t<meta name=\"twitter:data1\" content=\"3 minutes\" \/>\n<script type=\"application\/ld+json\" class=\"yoast-schema-graph\">{\"@context\":\"https:\\\/\\\/schema.org\",\"@graph\":[{\"@type\":\"WebPage\",\"@id\":\"https:\\\/\\\/display-elektronik.de\\\/impressum\\\/\",\"url\":\"https:\\\/\\\/display-elektronik.de\\\/impressum\\\/\",\"name\":\"Display Elektronik GmbH \u2013 Impressum\",\"isPartOf\":{\"@id\":\"https:\\\/\\\/display-elektronik.de\\\/de\\\/#website\"},\"datePublished\":\"2021-04-09T14:38:16+00:00\",\"dateModified\":\"2023-01-12T15:00:38+00:00\",\"description\":\"Impressum der Display Elektronik GmbH mit allen Angaben gem\u00e4\u00df \u00a75 Tele-Medien-Gesetz und dem Haftungsausschluss\",\"breadcrumb\":{\"@id\":\"https:\\\/\\\/display-elektronik.de\\\/impressum\\\/#breadcrumb\"},\"inLanguage\":\"en-GB\",\"potentialAction\":[{\"@type\":\"ReadAction\",\"target\":[\"https:\\\/\\\/display-elektronik.de\\\/impressum\\\/\"]}]},{\"@type\":\"BreadcrumbList\",\"@id\":\"https:\\\/\\\/display-elektronik.de\\\/impressum\\\/#breadcrumb\",\"itemListElement\":[{\"@type\":\"ListItem\",\"position\":1,\"name\":\"Startseite\",\"item\":\"https:\\\/\\\/display-elektronik.de\\\/de\\\/\"},{\"@type\":\"ListItem\",\"position\":2,\"name\":\"Impressum\"}]},{\"@type\":\"WebSite\",\"@id\":\"https:\\\/\\\/display-elektronik.de\\\/de\\\/#website\",\"url\":\"https:\\\/\\\/display-elektronik.de\\\/de\\\/\",\"name\":\"Display-Elektronik\",\"description\":\"\",\"publisher\":{\"@id\":\"https:\\\/\\\/display-elektronik.de\\\/de\\\/#organization\"},\"potentialAction\":[{\"@type\":\"SearchAction\",\"target\":{\"@type\":\"EntryPoint\",\"urlTemplate\":\"https:\\\/\\\/display-elektronik.de\\\/de\\\/?s={search_term_string}\"},\"query-input\":{\"@type\":\"PropertyValueSpecification\",\"valueRequired\":true,\"valueName\":\"search_term_string\"}}],\"inLanguage\":\"en-GB\"},{\"@type\":\"Organization\",\"@id\":\"https:\\\/\\\/display-elektronik.de\\\/de\\\/#organization\",\"name\":\"Display-Elektronik\",\"url\":\"https:\\\/\\\/display-elektronik.de\\\/de\\\/\",\"logo\":{\"@type\":\"ImageObject\",\"inLanguage\":\"en-GB\",\"@id\":\"https:\\\/\\\/display-elektronik.de\\\/de\\\/#\\\/schema\\\/logo\\\/image\\\/\",\"url\":\"https:\\\/\\\/display-elektronik.de\\\/wp-content\\\/uploads\\\/2021\\\/04\\\/logo-display.svg\",\"contentUrl\":\"https:\\\/\\\/display-elektronik.de\\\/wp-content\\\/uploads\\\/2021\\\/04\\\/logo-display.svg\",\"caption\":\"Display-Elektronik\"},\"image\":{\"@id\":\"https:\\\/\\\/display-elektronik.de\\\/de\\\/#\\\/schema\\\/logo\\\/image\\\/\"}}]}<\/script>\n<!-- \/ Yoast SEO plugin. -->","yoast_head_json":{"title":"Display Elektronik GmbH \u2013 Impressum","description":"Impressum der Display Elektronik GmbH mit allen Angaben gem\u00e4\u00df \u00a75 Tele-Medien-Gesetz und dem Haftungsausschluss","robots":{"index":"index","follow":"follow","max-snippet":"max-snippet:-1","max-image-preview":"max-image-preview:large","max-video-preview":"max-video-preview:-1"},"canonical":"https:\/\/display-elektronik.de\/en\/impressum\/","og_locale":"en_GB","og_type":"article","og_title":"Display Elektronik GmbH \u2013 Impressum","og_description":"Impressum der Display Elektronik GmbH mit allen Angaben gem\u00e4\u00df \u00a75 Tele-Medien-Gesetz und dem Haftungsausschluss","og_url":"https:\/\/display-elektronik.de\/en\/impressum\/","og_site_name":"Display-Elektronik","article_modified_time":"2023-01-12T15:00:38+00:00","twitter_card":"summary_large_image","twitter_misc":{"Estimated reading time":"3 minutes"},"schema":{"@context":"https:\/\/schema.org","@graph":[{"@type":"WebPage","@id":"https:\/\/display-elektronik.de\/impressum\/","url":"https:\/\/display-elektronik.de\/impressum\/","name":"Display Elektronik GmbH \u2013 Impressum","isPartOf":{"@id":"https:\/\/display-elektronik.de\/de\/#website"},"datePublished":"2021-04-09T14:38:16+00:00","dateModified":"2023-01-12T15:00:38+00:00","description":"Impressum der Display Elektronik GmbH mit allen Angaben gem\u00e4\u00df \u00a75 Tele-Medien-Gesetz und dem Haftungsausschluss","breadcrumb":{"@id":"https:\/\/display-elektronik.de\/impressum\/#breadcrumb"},"inLanguage":"en-GB","potentialAction":[{"@type":"ReadAction","target":["https:\/\/display-elektronik.de\/impressum\/"]}]},{"@type":"BreadcrumbList","@id":"https:\/\/display-elektronik.de\/impressum\/#breadcrumb","itemListElement":[{"@type":"ListItem","position":1,"name":"Startseite","item":"https:\/\/display-elektronik.de\/de\/"},{"@type":"ListItem","position":2,"name":"Impressum"}]},{"@type":"WebSite","@id":"https:\/\/display-elektronik.de\/de\/#website","url":"https:\/\/display-elektronik.de\/de\/","name":"Display-Elektronik","description":"","publisher":{"@id":"https:\/\/display-elektronik.de\/de\/#organization"},"potentialAction":[{"@type":"SearchAction","target":{"@type":"EntryPoint","urlTemplate":"https:\/\/display-elektronik.de\/de\/?s={search_term_string}"},"query-input":{"@type":"PropertyValueSpecification","valueRequired":true,"valueName":"search_term_string"}}],"inLanguage":"en-GB"},{"@type":"Organization","@id":"https:\/\/display-elektronik.de\/de\/#organization","name":"Display-Elektronik","url":"https:\/\/display-elektronik.de\/de\/","logo":{"@type":"ImageObject","inLanguage":"en-GB","@id":"https:\/\/display-elektronik.de\/de\/#\/schema\/logo\/image\/","url":"https:\/\/display-elektronik.de\/wp-content\/uploads\/2021\/04\/logo-display.svg","contentUrl":"https:\/\/display-elektronik.de\/wp-content\/uploads\/2021\/04\/logo-display.svg","caption":"Display-Elektronik"},"image":{"@id":"https:\/\/display-elektronik.de\/de\/#\/schema\/logo\/image\/"}}]}},"_links":{"self":[{"href":"https:\/\/display-elektronik.de\/en\/wp-json\/wp\/v2\/pages\/44","targetHints":{"allow":["GET"]}}],"collection":[{"href":"https:\/\/display-elektronik.de\/en\/wp-json\/wp\/v2\/pages"}],"about":[{"href":"https:\/\/display-elektronik.de\/en\/wp-json\/wp\/v2\/types\/page"}],"author":[{"embeddable":true,"href":"https:\/\/display-elektronik.de\/en\/wp-json\/wp\/v2\/users\/1"}],"replies":[{"embeddable":true,"href":"https:\/\/display-elektronik.de\/en\/wp-json\/wp\/v2\/comments?post=44"}],"version-history":[{"count":0,"href":"https:\/\/display-elektronik.de\/en\/wp-json\/wp\/v2\/pages\/44\/revisions"}],"wp:attachment":[{"href":"https:\/\/display-elektronik.de\/en\/wp-json\/wp\/v2\/media?parent=44"}],"curies":[{"name":"wp","href":"https:\/\/api.w.org\/{rel}","templated":true}]}}