{"id":3,"date":"2021-04-09T14:38:34","date_gmt":"2021-04-09T14:38:34","guid":{"rendered":"http:\/\/relaunch.display-elektronik.de\/?page_id=3"},"modified":"2023-01-12T15:02:52","modified_gmt":"2023-01-12T15:02:52","slug":"privacy-policy","status":"publish","type":"page","link":"https:\/\/display-elektronik.de\/en\/privacy-policy\/","title":{"rendered":"Privacy"},"content":{"rendered":"<div data-elementor-type=\"wp-page\" data-elementor-id=\"3\" class=\"elementor elementor-3\">\n\t\t\t\t\t\t<main class=\"elementor-section elementor-top-section elementor-element elementor-element-d45a232 elementor-section-height-min-height elementor-reverse-mobile elementor-section-full_width elementor-section-stretched elementor-section-height-default elementor-section-items-middle\" data-id=\"d45a232\" data-element_type=\"section\" data-e-type=\"section\" data-settings=\"{&quot;background_background&quot;:&quot;classic&quot;,&quot;stretch_section&quot;:&quot;section-stretched&quot;}\">\n\t\t\t\t\t\t<div class=\"elementor-container elementor-column-gap-default\">\n\t\t\t\t\t<div class=\"elementor-column elementor-col-100 elementor-top-column elementor-element elementor-element-f23f91e\" data-id=\"f23f91e\" data-element_type=\"column\" data-e-type=\"column\">\n\t\t\t<div class=\"elementor-widget-wrap\">\n\t\t\t\t\t\t\t<\/div>\n\t\t<\/div>\n\t\t\t\t\t<\/div>\n\t\t<\/main>\n\t\t\t\t<section class=\"elementor-section elementor-top-section elementor-element elementor-element-f22ee64 elementor-section-boxed elementor-section-height-default elementor-section-height-default\" data-id=\"f22ee64\" data-element_type=\"section\" data-e-type=\"section\">\n\t\t\t\t\t\t<div class=\"elementor-container elementor-column-gap-default\">\n\t\t\t\t\t<div class=\"elementor-column elementor-col-100 elementor-top-column elementor-element elementor-element-2204c3b\" data-id=\"2204c3b\" data-element_type=\"column\" data-e-type=\"column\">\n\t\t\t<div class=\"elementor-widget-wrap elementor-element-populated\">\n\t\t\t\t\t\t<div class=\"elementor-element elementor-element-517bf39 elementor-widget elementor-widget-spacer\" data-id=\"517bf39\" data-element_type=\"widget\" data-e-type=\"widget\" data-widget_type=\"spacer.default\">\n\t\t\t\t<div class=\"elementor-widget-container\">\n\t\t\t\t\t\t\t<div class=\"elementor-spacer\">\n\t\t\t<div class=\"elementor-spacer-inner\"><\/div>\n\t\t<\/div>\n\t\t\t\t\t\t<\/div>\n\t\t\t\t<\/div>\n\t\t\t\t<div class=\"elementor-element elementor-element-192c124 elementor-widget elementor-widget-heading\" data-id=\"192c124\" data-element_type=\"widget\" data-e-type=\"widget\" data-widget_type=\"heading.default\">\n\t\t\t\t<div class=\"elementor-widget-container\">\n\t\t\t\t\t<h1 class=\"elementor-heading-title elementor-size-default\">Privacy<\/h1>\t\t\t\t<\/div>\n\t\t\t\t<\/div>\n\t\t\t\t<div class=\"elementor-element elementor-element-9320688 elementor-widget elementor-widget-spacer\" data-id=\"9320688\" data-element_type=\"widget\" data-e-type=\"widget\" data-widget_type=\"spacer.default\">\n\t\t\t\t<div class=\"elementor-widget-container\">\n\t\t\t\t\t\t\t<div class=\"elementor-spacer\">\n\t\t\t<div class=\"elementor-spacer-inner\"><\/div>\n\t\t<\/div>\n\t\t\t\t\t\t<\/div>\n\t\t\t\t<\/div>\n\t\t\t\t\t<\/div>\n\t\t<\/div>\n\t\t\t\t\t<\/div>\n\t\t<\/section>\n\t\t\t\t<section class=\"elementor-section elementor-top-section elementor-element elementor-element-e0bec99 elementor-section-boxed elementor-section-height-default elementor-section-height-default\" data-id=\"e0bec99\" data-element_type=\"section\" data-e-type=\"section\">\n\t\t\t\t\t\t<div class=\"elementor-container elementor-column-gap-default\">\n\t\t\t\t\t<div class=\"elementor-column elementor-col-100 elementor-top-column elementor-element elementor-element-3b443674\" data-id=\"3b443674\" data-element_type=\"column\" data-e-type=\"column\">\n\t\t\t<div class=\"elementor-widget-wrap elementor-element-populated\">\n\t\t\t\t\t\t<div class=\"elementor-element elementor-element-6ef0dfb5 elementor-widget elementor-widget-text-editor\" data-id=\"6ef0dfb5\" data-element_type=\"widget\" data-e-type=\"widget\" data-widget_type=\"text-editor.default\">\n\t\t\t\t<div class=\"elementor-widget-container\">\n\t\t\t\t\t\t\t\t\t<h3>Privacy Policy<\/h3><p>We are very pleased that you are interested in our company. Data protection is of a particularly high priority in our company. In principle our website can be used without providing any personal data. However if a data subject ask to use special input (e.g. newsletter) the processing of personal data may be necessary.<\/p><h3><strong><br \/>Scope<\/strong><\/h3><p>We are always careful to protect your data in your interest. Our site can be used without providing personal data. Different regulations may apply to the use of individual services on our site, which in this case are explained separately below. Your personal data (e.g. company, title, department, name, address, email, telephone number, etc.) will only be processed by us in accordance with the provisions of German data protection law. Data are personal if they can be clearly assigned to a specific natural person. The legal basis of data protection can be found in the Federal Data Protection Act (BDSG) and the Telemedia Act (TMG). The following regulations inform you about the type, scope and purpose of the collection, use and processing of personal data by the provider, Display Elektronik GmbH, Am Rauner Graben 15, D-63667 Nidda, <a href=\"https:\/\/display-elektronik.de\/en\/\">www.display-elektronik.de<\/a><\/p><p>We would like to point out that internet-based data transmission has security gaps, making complete protection against access by third parties impossible.<\/p><h3><strong><br \/>Newsletter<\/strong><\/h3><p>We offer you the option of subscribing to our newsletter on our website. With this newsletter we inform you about our offers at irregular intervals. To receive our newsletter, you need a valid email address. We will check the e-mail address you entered to ensure that you are actually the owner of the e-mail address provided or that the owner is authorized to receive the newsletter. When you register for our newsletter, we will save your company, first name and surname, as well as your IP address and the date and time of your registration. In the event that a third party misuses your email address and subscribes to our newsletter without your knowledge, this serves as a safeguard on our part. We do not collect any further data. The data collected in this way will only be used to receive our newsletter. Your data will not be passed on to any third party. A comparison of the data collected in this way with data that may be collected by other components of our site is also not carried out. You can cancel your subscription to this newsletter at any time. You can find details on this in the confirmation email and in each individual newsletter.<br \/>You can revoke your consent to the storage of the data and its use in connection with the sending of the newsletter at any time. The revocation can be made via a link in the newsletter itself or by sending a message to the contact options listed in the imprint.<\/p><h3><strong><br \/>Contact possibility<\/strong><\/h3><p>We offer you the opportunity to contact us by email on our website. In this case, the information provided by the user will be stored for the purpose of processing his contact. Your mail will not been passed on to third parties. A comparison of the data collected in this way with data that may be collected by other components of our site is also not carried out.<\/p><h3><strong>Exceptions<\/strong><\/h3><p>Exceptions can arise within the framework of legal provisions, which require cooperation with the law enforcement authorities or other state institutions or if there is a specific suspicion of improper use of our website that violates the terms of use or other contractual obligations or legal provisions.<br \/>There are also exceptions that arise due to the execution of your order.<br \/>In this case, we reserve the right to transfer any data required to carry out the order to service providers for the purpose of identity verification, credit checks, transmission to transport service providers and, if necessary, debt collection service providers. The processing of your data in the context of the execution of the order is based on Article 6 Paragraph 1 Letter b) GDPR and Article 6 Paragraph 1 Letter f)<\/p><h3><strong>Information \/ revocation \/ deletion<\/strong><\/h3><p>Due to the Federal Data Protection Act, you can contact us free of charge if you have any questions about the collection, processing or use of your personal data and their correction, blocking, deletion or revocation of your consent. We would like to point out that you have the right to correct incorrect data or delete personal data, should this claim not be subject to statutory retention.<\/p><h3><strong><br \/>Changes to the data protection regulations<\/strong><\/h3><p>We reserve the right to change these data protection provisions at any time if changes are required due to loopholes recognized subsequently, with regard to new functions provided by us or due to new legal provisions.<\/p>\t\t\t\t\t\t\t\t<\/div>\n\t\t\t\t<\/div>\n\t\t\t\t\t<\/div>\n\t\t<\/div>\n\t\t\t\t\t<\/div>\n\t\t<\/section>\n\t\t\t\t<\/div>","protected":false},"excerpt":{"rendered":"<p>Datenschutz Datenschutzbestimmungen Wir freuen uns sehr an Ihrem Interesse an unserem Unternehmen. Datenschutz hat einen besonders hohen Stellenwert in unserem Unternehmen. Eine Nutzung unserer Internetseiten ist prinzipiell ohne jede Angabe von personenbezogenen Daten m\u00f6glich. Sofern eine betroffene Person besondere Services (z.B. Newsletter) in Anspruch nehmen m\u00f6chte, k\u00f6nnte jedoch die Verarbeitung personenbezogener Datenerforderlich werden. Geltungsbereich Wir&hellip;<\/p>","protected":false},"author":1,"featured_media":0,"parent":0,"menu_order":7,"comment_status":"closed","ping_status":"closed","template":"","meta":{"footnotes":""},"class_list":["post-3","page","type-page","status-publish","hentry"],"yoast_head":"<!-- This site is optimized with the Yoast SEO plugin v27.3 - https:\/\/yoast.com\/product\/yoast-seo-wordpress\/ -->\n<title>Display Elektronik GmbH \u2013 Datenschutz<\/title>\n<meta name=\"description\" content=\"Datenschutzbestimmungen der Display Elektronik GmbH\" \/>\n<meta name=\"robots\" content=\"index, follow, max-snippet:-1, max-image-preview:large, max-video-preview:-1\" \/>\n<link rel=\"canonical\" href=\"https:\/\/display-elektronik.de\/en\/privacy-policy\/\" \/>\n<meta property=\"og:locale\" content=\"en_GB\" \/>\n<meta property=\"og:type\" content=\"article\" \/>\n<meta property=\"og:title\" content=\"Display Elektronik GmbH \u2013 Datenschutz\" \/>\n<meta property=\"og:description\" content=\"Datenschutzbestimmungen der Display Elektronik GmbH\" \/>\n<meta property=\"og:url\" content=\"https:\/\/display-elektronik.de\/en\/privacy-policy\/\" \/>\n<meta property=\"og:site_name\" content=\"Display-Elektronik\" \/>\n<meta property=\"article:modified_time\" content=\"2023-01-12T15:02:52+00:00\" \/>\n<meta name=\"twitter:card\" content=\"summary_large_image\" \/>\n<meta name=\"twitter:label1\" content=\"Estimated reading time\" \/>\n\t<meta name=\"twitter:data1\" content=\"4 minutes\" \/>\n<script type=\"application\/ld+json\" class=\"yoast-schema-graph\">{\"@context\":\"https:\\\/\\\/schema.org\",\"@graph\":[{\"@type\":\"WebPage\",\"@id\":\"https:\\\/\\\/display-elektronik.de\\\/privacy-policy\\\/\",\"url\":\"https:\\\/\\\/display-elektronik.de\\\/privacy-policy\\\/\",\"name\":\"Display Elektronik GmbH \u2013 Datenschutz\",\"isPartOf\":{\"@id\":\"https:\\\/\\\/display-elektronik.de\\\/de\\\/#website\"},\"datePublished\":\"2021-04-09T14:38:34+00:00\",\"dateModified\":\"2023-01-12T15:02:52+00:00\",\"description\":\"Datenschutzbestimmungen der Display Elektronik GmbH\",\"breadcrumb\":{\"@id\":\"https:\\\/\\\/display-elektronik.de\\\/privacy-policy\\\/#breadcrumb\"},\"inLanguage\":\"en-GB\",\"potentialAction\":[{\"@type\":\"ReadAction\",\"target\":[\"https:\\\/\\\/display-elektronik.de\\\/privacy-policy\\\/\"]}]},{\"@type\":\"BreadcrumbList\",\"@id\":\"https:\\\/\\\/display-elektronik.de\\\/privacy-policy\\\/#breadcrumb\",\"itemListElement\":[{\"@type\":\"ListItem\",\"position\":1,\"name\":\"Startseite\",\"item\":\"https:\\\/\\\/display-elektronik.de\\\/de\\\/\"},{\"@type\":\"ListItem\",\"position\":2,\"name\":\"Datenschutz\"}]},{\"@type\":\"WebSite\",\"@id\":\"https:\\\/\\\/display-elektronik.de\\\/de\\\/#website\",\"url\":\"https:\\\/\\\/display-elektronik.de\\\/de\\\/\",\"name\":\"Display-Elektronik\",\"description\":\"\",\"publisher\":{\"@id\":\"https:\\\/\\\/display-elektronik.de\\\/de\\\/#organization\"},\"potentialAction\":[{\"@type\":\"SearchAction\",\"target\":{\"@type\":\"EntryPoint\",\"urlTemplate\":\"https:\\\/\\\/display-elektronik.de\\\/de\\\/?s={search_term_string}\"},\"query-input\":{\"@type\":\"PropertyValueSpecification\",\"valueRequired\":true,\"valueName\":\"search_term_string\"}}],\"inLanguage\":\"en-GB\"},{\"@type\":\"Organization\",\"@id\":\"https:\\\/\\\/display-elektronik.de\\\/de\\\/#organization\",\"name\":\"Display-Elektronik\",\"url\":\"https:\\\/\\\/display-elektronik.de\\\/de\\\/\",\"logo\":{\"@type\":\"ImageObject\",\"inLanguage\":\"en-GB\",\"@id\":\"https:\\\/\\\/display-elektronik.de\\\/de\\\/#\\\/schema\\\/logo\\\/image\\\/\",\"url\":\"https:\\\/\\\/display-elektronik.de\\\/wp-content\\\/uploads\\\/2021\\\/04\\\/logo-display.svg\",\"contentUrl\":\"https:\\\/\\\/display-elektronik.de\\\/wp-content\\\/uploads\\\/2021\\\/04\\\/logo-display.svg\",\"caption\":\"Display-Elektronik\"},\"image\":{\"@id\":\"https:\\\/\\\/display-elektronik.de\\\/de\\\/#\\\/schema\\\/logo\\\/image\\\/\"}}]}<\/script>\n<!-- \/ Yoast SEO plugin. -->","yoast_head_json":{"title":"Display Elektronik GmbH \u2013 Datenschutz","description":"Datenschutzbestimmungen der Display Elektronik GmbH","robots":{"index":"index","follow":"follow","max-snippet":"max-snippet:-1","max-image-preview":"max-image-preview:large","max-video-preview":"max-video-preview:-1"},"canonical":"https:\/\/display-elektronik.de\/en\/privacy-policy\/","og_locale":"en_GB","og_type":"article","og_title":"Display Elektronik GmbH \u2013 Datenschutz","og_description":"Datenschutzbestimmungen der Display Elektronik GmbH","og_url":"https:\/\/display-elektronik.de\/en\/privacy-policy\/","og_site_name":"Display-Elektronik","article_modified_time":"2023-01-12T15:02:52+00:00","twitter_card":"summary_large_image","twitter_misc":{"Estimated reading time":"4 minutes"},"schema":{"@context":"https:\/\/schema.org","@graph":[{"@type":"WebPage","@id":"https:\/\/display-elektronik.de\/privacy-policy\/","url":"https:\/\/display-elektronik.de\/privacy-policy\/","name":"Display Elektronik GmbH \u2013 Datenschutz","isPartOf":{"@id":"https:\/\/display-elektronik.de\/de\/#website"},"datePublished":"2021-04-09T14:38:34+00:00","dateModified":"2023-01-12T15:02:52+00:00","description":"Datenschutzbestimmungen der Display Elektronik GmbH","breadcrumb":{"@id":"https:\/\/display-elektronik.de\/privacy-policy\/#breadcrumb"},"inLanguage":"en-GB","potentialAction":[{"@type":"ReadAction","target":["https:\/\/display-elektronik.de\/privacy-policy\/"]}]},{"@type":"BreadcrumbList","@id":"https:\/\/display-elektronik.de\/privacy-policy\/#breadcrumb","itemListElement":[{"@type":"ListItem","position":1,"name":"Startseite","item":"https:\/\/display-elektronik.de\/de\/"},{"@type":"ListItem","position":2,"name":"Datenschutz"}]},{"@type":"WebSite","@id":"https:\/\/display-elektronik.de\/de\/#website","url":"https:\/\/display-elektronik.de\/de\/","name":"Display-Elektronik","description":"","publisher":{"@id":"https:\/\/display-elektronik.de\/de\/#organization"},"potentialAction":[{"@type":"SearchAction","target":{"@type":"EntryPoint","urlTemplate":"https:\/\/display-elektronik.de\/de\/?s={search_term_string}"},"query-input":{"@type":"PropertyValueSpecification","valueRequired":true,"valueName":"search_term_string"}}],"inLanguage":"en-GB"},{"@type":"Organization","@id":"https:\/\/display-elektronik.de\/de\/#organization","name":"Display-Elektronik","url":"https:\/\/display-elektronik.de\/de\/","logo":{"@type":"ImageObject","inLanguage":"en-GB","@id":"https:\/\/display-elektronik.de\/de\/#\/schema\/logo\/image\/","url":"https:\/\/display-elektronik.de\/wp-content\/uploads\/2021\/04\/logo-display.svg","contentUrl":"https:\/\/display-elektronik.de\/wp-content\/uploads\/2021\/04\/logo-display.svg","caption":"Display-Elektronik"},"image":{"@id":"https:\/\/display-elektronik.de\/de\/#\/schema\/logo\/image\/"}}]}},"_links":{"self":[{"href":"https:\/\/display-elektronik.de\/en\/wp-json\/wp\/v2\/pages\/3","targetHints":{"allow":["GET"]}}],"collection":[{"href":"https:\/\/display-elektronik.de\/en\/wp-json\/wp\/v2\/pages"}],"about":[{"href":"https:\/\/display-elektronik.de\/en\/wp-json\/wp\/v2\/types\/page"}],"author":[{"embeddable":true,"href":"https:\/\/display-elektronik.de\/en\/wp-json\/wp\/v2\/users\/1"}],"replies":[{"embeddable":true,"href":"https:\/\/display-elektronik.de\/en\/wp-json\/wp\/v2\/comments?post=3"}],"version-history":[{"count":0,"href":"https:\/\/display-elektronik.de\/en\/wp-json\/wp\/v2\/pages\/3\/revisions"}],"wp:attachment":[{"href":"https:\/\/display-elektronik.de\/en\/wp-json\/wp\/v2\/media?parent=3"}],"curies":[{"name":"wp","href":"https:\/\/api.w.org\/{rel}","templated":true}]}}