{"id":954,"date":"2021-04-13T07:43:10","date_gmt":"2021-04-13T07:43:10","guid":{"rendered":"http:\/\/relaunch.display-elektronik.de\/?page_id=954"},"modified":"2025-12-22T16:37:34","modified_gmt":"2025-12-22T16:37:34","slug":"customized-tft","status":"publish","type":"page","link":"https:\/\/display-elektronik.de\/de\/produkte\/tft\/customized-tft\/","title":{"rendered":"Customized TFT"},"content":{"rendered":"\t\t<div data-elementor-type=\"wp-page\" data-elementor-id=\"954\" class=\"elementor elementor-954\">\n\t\t\t\t\t\t<main class=\"elementor-section elementor-top-section elementor-element elementor-element-3d178664 elementor-section-height-min-height elementor-reverse-mobile elementor-section-full_width elementor-section-stretched elementor-section-height-default elementor-section-items-middle\" data-id=\"3d178664\" data-element_type=\"section\" data-e-type=\"section\" data-settings=\"{&quot;background_background&quot;:&quot;classic&quot;,&quot;stretch_section&quot;:&quot;section-stretched&quot;}\">\n\t\t\t\t\t\t<div class=\"elementor-container elementor-column-gap-default\">\n\t\t\t\t\t<div class=\"elementor-column elementor-col-100 elementor-top-column elementor-element elementor-element-57b730cb\" data-id=\"57b730cb\" data-element_type=\"column\" data-e-type=\"column\">\n\t\t\t<div class=\"elementor-widget-wrap\">\n\t\t\t\t\t\t\t<\/div>\n\t\t<\/div>\n\t\t\t\t\t<\/div>\n\t\t<\/main>\n\t\t\t\t<main class=\"elementor-section elementor-top-section elementor-element elementor-element-49ad169e elementor-reverse-mobile elementor-section-stretched elementor-section-boxed elementor-section-height-default elementor-section-height-default\" data-id=\"49ad169e\" data-element_type=\"section\" data-e-type=\"section\" data-settings=\"{&quot;background_background&quot;:&quot;classic&quot;,&quot;stretch_section&quot;:&quot;section-stretched&quot;}\">\n\t\t\t\t\t\t<div class=\"elementor-container elementor-column-gap-default\">\n\t\t\t\t\t<div class=\"elementor-column elementor-col-50 elementor-top-column elementor-element elementor-element-3064ba8e\" data-id=\"3064ba8e\" data-element_type=\"column\" data-e-type=\"column\">\n\t\t\t<div class=\"elementor-widget-wrap elementor-element-populated\">\n\t\t\t\t\t\t<div class=\"elementor-element elementor-element-579e1962 elementor-widget elementor-widget-spacer\" data-id=\"579e1962\" data-element_type=\"widget\" data-e-type=\"widget\" data-widget_type=\"spacer.default\">\n\t\t\t\t<div class=\"elementor-widget-container\">\n\t\t\t\t\t\t\t<div class=\"elementor-spacer\">\n\t\t\t<div class=\"elementor-spacer-inner\"><\/div>\n\t\t<\/div>\n\t\t\t\t\t\t<\/div>\n\t\t\t\t<\/div>\n\t\t\t\t<div class=\"elementor-element elementor-element-6300d79e elementor-widget elementor-widget-heading\" data-id=\"6300d79e\" data-element_type=\"widget\" data-e-type=\"widget\" data-widget_type=\"heading.default\">\n\t\t\t\t<div class=\"elementor-widget-container\">\n\t\t\t\t\t<h1 class=\"elementor-heading-title elementor-size-default\">Kundenspezifische TFT<\/h1>\t\t\t\t<\/div>\n\t\t\t\t<\/div>\n\t\t\t\t<div class=\"elementor-element elementor-element-5e4bffb4 elementor-widget elementor-widget-text-editor\" data-id=\"5e4bffb4\" data-element_type=\"widget\" data-e-type=\"widget\" data-widget_type=\"text-editor.default\">\n\t\t\t\t<div class=\"elementor-widget-container\">\n\t\t\t\t\t\t\t\t\t<ul><li>Als langj\u00e4hriger Partner der weiterverarbeitenden Industrie sind wir auf kundenspezifische L\u00f6sungen spezialisiert. Wir bieten eine umfangreiche Unterst\u00fctzung f\u00fcr kundenspezifische Entwicklungen angefangen bei einfachen Displayanpassungen bis hin zu vollkundenspezifischen TFTs.<\/li><li>Der intensive Informationsaustausch mit unseren Kunden bereits in der Fr\u00fchphase f\u00fchrt zu optimalen Ergebnissen, da wir zum fr\u00fchen Zeitpunkt in die Entwicklung bereits eingebunden werden und ggf. Empfehlungen geben k\u00f6nnen, die man sonst nicht unbedingt bekommt.<\/li><li>Wir gliedern eine kundenspezifische Entwicklung in getrennte Abschnitte, die jeweils von unseren Kunden freigegeben werden m\u00fcssen, bevor wir den n\u00e4chsten Schritt unternehmen. Dieses Verfahren hat sich als sehr effizient erwiesen, da es sicherstellt, dass der Kunde die volle Kontrolle der einzelnen Schritte beh\u00e4lt und der jeweilige Entwicklungsstand f\u00fcr alle Beteiligten klar auf der Hand liegt.<\/li><li>Auf Wunsch und bei stetig laufendem Projekt halten wir Zwischenmengen von gepr\u00fcfter Ware zum sofortigen Versand bereit. Dies resultiert in einer deutlich besseren Verf\u00fcgbarkeit und Flexibilit\u00e4t gegen\u00fcber dem Kunden.<\/li><li>Kundenspezifische L\u00f6sungen k\u00f6nnen auch f\u00fcr kleinere Mengen zu \u00f6konomischen Preisen realisiert werden.<\/li><li>Kundenspezifische TFT-Anzeigen k\u00f6nnen bereits bei mittleren St\u00fcckzahlen zu marktgerechten Preisen realisiert werden.<\/li><li>Wir k\u00f6nnen TFT-Anzeigen als vollkundenspezifische sowie als halbkundenspezifische Anzeigen (zum Beispiel Anpassung des FPC, Metallrahmen oder einer anderen Hinterleuchtung) realisieren.<\/li><\/ul><p><strong>\u00dcber Ihre Anfrage w\u00fcrden wir uns sehr freuen \u2013 gerne unterst\u00fctzen wir Sie!<\/strong><\/p>\t\t\t\t\t\t\t\t<\/div>\n\t\t\t\t<\/div>\n\t\t\t\t\t<\/div>\n\t\t<\/div>\n\t\t\t\t<div class=\"elementor-column elementor-col-50 elementor-top-column elementor-element elementor-element-120f5f6\" data-id=\"120f5f6\" data-element_type=\"column\" data-e-type=\"column\">\n\t\t\t<div class=\"elementor-widget-wrap elementor-element-populated\">\n\t\t\t\t\t\t<div class=\"elementor-element elementor-element-166e703e elementor-widget elementor-widget-image-carousel\" data-id=\"166e703e\" data-element_type=\"widget\" data-e-type=\"widget\" data-settings=\"{&quot;navigation&quot;:&quot;none&quot;,&quot;slides_to_show&quot;:&quot;1&quot;,&quot;effect&quot;:&quot;fade&quot;,&quot;speed&quot;:3000,&quot;slides_to_show_tablet&quot;:&quot;1&quot;,&quot;autoplay&quot;:&quot;yes&quot;,&quot;pause_on_hover&quot;:&quot;yes&quot;,&quot;pause_on_interaction&quot;:&quot;yes&quot;,&quot;autoplay_speed&quot;:5000,&quot;infinite&quot;:&quot;yes&quot;}\" data-widget_type=\"image-carousel.default\">\n\t\t\t\t<div class=\"elementor-widget-container\">\n\t\t\t\t\t\t\t<div class=\"elementor-image-carousel-wrapper swiper\" role=\"region\" aria-roledescription=\"carousel\" aria-label=\"Bild Karussell\" dir=\"ltr\">\n\t\t\t<div class=\"elementor-image-carousel swiper-wrapper\" aria-live=\"off\">\n\t\t\t\t\t\t\t\t<div class=\"swiper-slide\" role=\"group\" aria-roledescription=\"slide\" aria-label=\"1 von 1\"><figure class=\"swiper-slide-inner\"><img decoding=\"async\" class=\"swiper-slide-image\" src=\"https:\/\/display-elektronik.de\/wp-content\/uploads\/elementor\/thumbs\/DEM-8223FRONT03.02.22-1-rgjfjwnnbe7s4vf5030tvnud7z1rlfqvrg39sv2n6o.png\" alt=\"DEM-8223FRONT03.02.22\" \/><\/figure><\/div>\t\t\t<\/div>\n\t\t\t\t\t<\/div>\n\t\t\t\t\t\t<\/div>\n\t\t\t\t<\/div>\n\t\t\t\t\t<\/div>\n\t\t<\/div>\n\t\t\t\t\t<\/div>\n\t\t<\/main>\n\t\t\t\t<section class=\"elementor-section elementor-top-section elementor-element elementor-element-3d3086a3 elementor-section-full_width elementor-section-stretched elementor-section-height-default elementor-section-height-default\" data-id=\"3d3086a3\" data-element_type=\"section\" data-e-type=\"section\" id=\"myframe\" data-settings=\"{&quot;background_background&quot;:&quot;classic&quot;,&quot;stretch_section&quot;:&quot;section-stretched&quot;}\">\n\t\t\t\t\t\t<div class=\"elementor-container elementor-column-gap-default\">\n\t\t\t\t\t<div class=\"elementor-column elementor-col-100 elementor-top-column elementor-element elementor-element-6da6a17a\" data-id=\"6da6a17a\" data-element_type=\"column\" data-e-type=\"column\">\n\t\t\t<div class=\"elementor-widget-wrap elementor-element-populated\">\n\t\t\t\t\t\t<section class=\"elementor-section elementor-inner-section elementor-element elementor-element-7f56603b elementor-section-boxed elementor-section-height-default elementor-section-height-default\" data-id=\"7f56603b\" data-element_type=\"section\" data-e-type=\"section\">\n\t\t\t\t\t\t<div class=\"elementor-container elementor-column-gap-default\">\n\t\t\t\t\t<div class=\"elementor-column elementor-col-100 elementor-inner-column elementor-element elementor-element-1969fc7f\" data-id=\"1969fc7f\" data-element_type=\"column\" data-e-type=\"column\">\n\t\t\t<div class=\"elementor-widget-wrap elementor-element-populated\">\n\t\t\t\t\t\t<div class=\"elementor-element elementor-element-3aec0844 elementor-align-left elementor-widget__width-auto elementor-widget-mobile__width-inherit elementor-widget elementor-widget-button\" data-id=\"3aec0844\" data-element_type=\"widget\" data-e-type=\"widget\" data-widget_type=\"button.default\">\n\t\t\t\t<div class=\"elementor-widget-container\">\n\t\t\t\t\t\t\t\t\t<div class=\"elementor-button-wrapper\">\n\t\t\t\t\t<a class=\"elementor-button elementor-button-link elementor-size-sm\" href=\"https:\/\/display-elektronik.de\/kontakt\/\" target=\"_blank\">\n\t\t\t\t\t\t<span class=\"elementor-button-content-wrapper\">\n\t\t\t\t\t\t<span class=\"elementor-button-icon\">\n\t\t\t\t<i aria-hidden=\"true\" class=\"fas fa-arrow-right\"><\/i>\t\t\t<\/span>\n\t\t\t\t\t\t\t\t\t<span class=\"elementor-button-text\">Technische Info<\/span>\n\t\t\t\t\t<\/span>\n\t\t\t\t\t<\/a>\n\t\t\t\t<\/div>\n\t\t\t\t\t\t\t\t<\/div>\n\t\t\t\t<\/div>\n\t\t\t\t<div class=\"elementor-element elementor-element-1c8c1d10 elementor-align-right elementor-tablet-align-left elementor-widget__width-auto elementor-widget-mobile__width-inherit elementor-widget elementor-widget-button\" data-id=\"1c8c1d10\" data-element_type=\"widget\" data-e-type=\"widget\" data-widget_type=\"button.default\">\n\t\t\t\t<div class=\"elementor-widget-container\">\n\t\t\t\t\t\t\t\t\t<div class=\"elementor-button-wrapper\">\n\t\t\t\t\t<a class=\"elementor-button elementor-button-link elementor-size-sm\" href=\"https:\/\/display-elektronik.de\/wp-content\/uploads\/2021\/05\/CUSTOM-INQUIRY.pdf\" target=\"_blank\">\n\t\t\t\t\t\t<span class=\"elementor-button-content-wrapper\">\n\t\t\t\t\t\t<span class=\"elementor-button-icon\">\n\t\t\t\t<i aria-hidden=\"true\" class=\"fas fa-arrow-right\"><\/i>\t\t\t<\/span>\n\t\t\t\t\t\t\t\t\t<span class=\"elementor-button-text\">Anfrage<\/span>\n\t\t\t\t\t<\/span>\n\t\t\t\t\t<\/a>\n\t\t\t\t<\/div>\n\t\t\t\t\t\t\t\t<\/div>\n\t\t\t\t<\/div>\n\t\t\t\t\t<\/div>\n\t\t<\/div>\n\t\t\t\t\t<\/div>\n\t\t<\/section>\n\t\t\t\t\t<\/div>\n\t\t<\/div>\n\t\t\t\t\t<\/div>\n\t\t<\/section>\n\t\t\t\t<\/div>\n\t\t","protected":false},"excerpt":{"rendered":"<p>Kundenspezifische TFT Als langj\u00e4hriger Partner der weiterverarbeitenden Industrie sind wir auf kundenspezifische L\u00f6sungen spezialisiert. Wir bieten eine umfangreiche Unterst\u00fctzung f\u00fcr kundenspezifische Entwicklungen angefangen bei einfachen Displayanpassungen bis hin zu vollkundenspezifischen TFTs. Der intensive Informationsaustausch mit unseren Kunden bereits in der Fr\u00fchphase f\u00fchrt zu optimalen Ergebnissen, da wir zum fr\u00fchen Zeitpunkt in die Entwicklung bereits eingebunden&hellip;<\/p>\n","protected":false},"author":1,"featured_media":0,"parent":418,"menu_order":8,"comment_status":"closed","ping_status":"closed","template":"","meta":{"footnotes":""},"class_list":["post-954","page","type-page","status-publish","hentry"],"yoast_head":"<!-- This site is optimized with the Yoast SEO plugin v27.3 - https:\/\/yoast.com\/product\/yoast-seo-wordpress\/ -->\n<title>Display Elektronik GmbH \u2013 Customized TFT<\/title>\n<meta name=\"description\" content=\"TFT: Kundenspezifische TFT, Als langj\u00e4hriger Partner der weiterverarbeitenden Industrie sind wir auf kundenspezifische L\u00f6sungen spezialisiert\" \/>\n<meta name=\"robots\" content=\"index, follow, max-snippet:-1, max-image-preview:large, max-video-preview:-1\" \/>\n<link rel=\"canonical\" href=\"https:\/\/display-elektronik.de\/de\/produkte\/tft\/customized-tft\/\" \/>\n<meta property=\"og:locale\" content=\"de_DE\" \/>\n<meta property=\"og:type\" content=\"article\" \/>\n<meta property=\"og:title\" content=\"Display Elektronik GmbH \u2013 Customized TFT\" \/>\n<meta property=\"og:description\" content=\"TFT: Kundenspezifische TFT, Als langj\u00e4hriger Partner der weiterverarbeitenden Industrie sind wir auf kundenspezifische L\u00f6sungen spezialisiert\" \/>\n<meta property=\"og:url\" content=\"https:\/\/display-elektronik.de\/de\/produkte\/tft\/customized-tft\/\" \/>\n<meta property=\"og:site_name\" content=\"Display-Elektronik\" \/>\n<meta property=\"article:modified_time\" content=\"2025-12-22T16:37:34+00:00\" \/>\n<meta property=\"og:image\" content=\"https:\/\/display-elektronik.de\/wp-content\/uploads\/elementor\/thumbs\/DEM-8223FRONT03.02.22-1-rgjfjwnnbe7s4vf5030tvnud7z1rlfqvrg39sv2n6o.png\" \/>\n<meta name=\"twitter:card\" content=\"summary_large_image\" \/>\n<meta name=\"twitter:label1\" content=\"Gesch\u00e4tzte Lesezeit\" \/>\n\t<meta name=\"twitter:data1\" content=\"2\u00a0Minuten\" \/>\n<script type=\"application\/ld+json\" class=\"yoast-schema-graph\">{\"@context\":\"https:\\\/\\\/schema.org\",\"@graph\":[{\"@type\":\"WebPage\",\"@id\":\"https:\\\/\\\/display-elektronik.de\\\/produkte\\\/tft\\\/customized-tft\\\/\",\"url\":\"https:\\\/\\\/display-elektronik.de\\\/produkte\\\/tft\\\/customized-tft\\\/\",\"name\":\"Display Elektronik GmbH \u2013 Customized TFT\",\"isPartOf\":{\"@id\":\"https:\\\/\\\/display-elektronik.de\\\/de\\\/#website\"},\"primaryImageOfPage\":{\"@id\":\"https:\\\/\\\/display-elektronik.de\\\/produkte\\\/tft\\\/customized-tft\\\/#primaryimage\"},\"image\":{\"@id\":\"https:\\\/\\\/display-elektronik.de\\\/produkte\\\/tft\\\/customized-tft\\\/#primaryimage\"},\"thumbnailUrl\":\"https:\\\/\\\/display-elektronik.de\\\/wp-content\\\/uploads\\\/elementor\\\/thumbs\\\/DEM-8223FRONT03.02.22-1-rgjfjwnnbe7s4vf5030tvnud7z1rlfqvrg39sv2n6o.png\",\"datePublished\":\"2021-04-13T07:43:10+00:00\",\"dateModified\":\"2025-12-22T16:37:34+00:00\",\"description\":\"TFT: Kundenspezifische TFT, Als langj\u00e4hriger Partner der weiterverarbeitenden Industrie sind wir auf kundenspezifische L\u00f6sungen spezialisiert\",\"breadcrumb\":{\"@id\":\"https:\\\/\\\/display-elektronik.de\\\/produkte\\\/tft\\\/customized-tft\\\/#breadcrumb\"},\"inLanguage\":\"de\",\"potentialAction\":[{\"@type\":\"ReadAction\",\"target\":[\"https:\\\/\\\/display-elektronik.de\\\/produkte\\\/tft\\\/customized-tft\\\/\"]}]},{\"@type\":\"ImageObject\",\"inLanguage\":\"de\",\"@id\":\"https:\\\/\\\/display-elektronik.de\\\/produkte\\\/tft\\\/customized-tft\\\/#primaryimage\",\"url\":\"https:\\\/\\\/display-elektronik.de\\\/wp-content\\\/uploads\\\/elementor\\\/thumbs\\\/DEM-8223FRONT03.02.22-1-rgjfjwnnbe7s4vf5030tvnud7z1rlfqvrg39sv2n6o.png\",\"contentUrl\":\"https:\\\/\\\/display-elektronik.de\\\/wp-content\\\/uploads\\\/elementor\\\/thumbs\\\/DEM-8223FRONT03.02.22-1-rgjfjwnnbe7s4vf5030tvnud7z1rlfqvrg39sv2n6o.png\"},{\"@type\":\"BreadcrumbList\",\"@id\":\"https:\\\/\\\/display-elektronik.de\\\/produkte\\\/tft\\\/customized-tft\\\/#breadcrumb\",\"itemListElement\":[{\"@type\":\"ListItem\",\"position\":1,\"name\":\"Startseite\",\"item\":\"https:\\\/\\\/display-elektronik.de\\\/de\\\/\"},{\"@type\":\"ListItem\",\"position\":2,\"name\":\"Produkte\",\"item\":\"https:\\\/\\\/display-elektronik.de\\\/produkte\\\/\"},{\"@type\":\"ListItem\",\"position\":3,\"name\":\"TFT\",\"item\":\"https:\\\/\\\/display-elektronik.de\\\/produkte\\\/tft\\\/\"},{\"@type\":\"ListItem\",\"position\":4,\"name\":\"Customized TFT\"}]},{\"@type\":\"WebSite\",\"@id\":\"https:\\\/\\\/display-elektronik.de\\\/de\\\/#website\",\"url\":\"https:\\\/\\\/display-elektronik.de\\\/de\\\/\",\"name\":\"Display-Elektronik\",\"description\":\"\",\"publisher\":{\"@id\":\"https:\\\/\\\/display-elektronik.de\\\/de\\\/#organization\"},\"potentialAction\":[{\"@type\":\"SearchAction\",\"target\":{\"@type\":\"EntryPoint\",\"urlTemplate\":\"https:\\\/\\\/display-elektronik.de\\\/de\\\/?s={search_term_string}\"},\"query-input\":{\"@type\":\"PropertyValueSpecification\",\"valueRequired\":true,\"valueName\":\"search_term_string\"}}],\"inLanguage\":\"de\"},{\"@type\":\"Organization\",\"@id\":\"https:\\\/\\\/display-elektronik.de\\\/de\\\/#organization\",\"name\":\"Display-Elektronik\",\"url\":\"https:\\\/\\\/display-elektronik.de\\\/de\\\/\",\"logo\":{\"@type\":\"ImageObject\",\"inLanguage\":\"de\",\"@id\":\"https:\\\/\\\/display-elektronik.de\\\/de\\\/#\\\/schema\\\/logo\\\/image\\\/\",\"url\":\"https:\\\/\\\/display-elektronik.de\\\/wp-content\\\/uploads\\\/2021\\\/04\\\/logo-display.svg\",\"contentUrl\":\"https:\\\/\\\/display-elektronik.de\\\/wp-content\\\/uploads\\\/2021\\\/04\\\/logo-display.svg\",\"caption\":\"Display-Elektronik\"},\"image\":{\"@id\":\"https:\\\/\\\/display-elektronik.de\\\/de\\\/#\\\/schema\\\/logo\\\/image\\\/\"}}]}<\/script>\n<!-- \/ Yoast SEO plugin. -->","yoast_head_json":{"title":"Display Elektronik GmbH \u2013 Customized TFT","description":"TFT: Kundenspezifische TFT, Als langj\u00e4hriger Partner der weiterverarbeitenden Industrie sind wir auf kundenspezifische L\u00f6sungen spezialisiert","robots":{"index":"index","follow":"follow","max-snippet":"max-snippet:-1","max-image-preview":"max-image-preview:large","max-video-preview":"max-video-preview:-1"},"canonical":"https:\/\/display-elektronik.de\/de\/produkte\/tft\/customized-tft\/","og_locale":"de_DE","og_type":"article","og_title":"Display Elektronik GmbH \u2013 Customized TFT","og_description":"TFT: Kundenspezifische TFT, Als langj\u00e4hriger Partner der weiterverarbeitenden Industrie sind wir auf kundenspezifische L\u00f6sungen spezialisiert","og_url":"https:\/\/display-elektronik.de\/de\/produkte\/tft\/customized-tft\/","og_site_name":"Display-Elektronik","article_modified_time":"2025-12-22T16:37:34+00:00","og_image":[{"url":"https:\/\/display-elektronik.de\/wp-content\/uploads\/elementor\/thumbs\/DEM-8223FRONT03.02.22-1-rgjfjwnnbe7s4vf5030tvnud7z1rlfqvrg39sv2n6o.png","type":"","width":"","height":""}],"twitter_card":"summary_large_image","twitter_misc":{"Gesch\u00e4tzte Lesezeit":"2\u00a0Minuten"},"schema":{"@context":"https:\/\/schema.org","@graph":[{"@type":"WebPage","@id":"https:\/\/display-elektronik.de\/produkte\/tft\/customized-tft\/","url":"https:\/\/display-elektronik.de\/produkte\/tft\/customized-tft\/","name":"Display Elektronik GmbH \u2013 Customized TFT","isPartOf":{"@id":"https:\/\/display-elektronik.de\/de\/#website"},"primaryImageOfPage":{"@id":"https:\/\/display-elektronik.de\/produkte\/tft\/customized-tft\/#primaryimage"},"image":{"@id":"https:\/\/display-elektronik.de\/produkte\/tft\/customized-tft\/#primaryimage"},"thumbnailUrl":"https:\/\/display-elektronik.de\/wp-content\/uploads\/elementor\/thumbs\/DEM-8223FRONT03.02.22-1-rgjfjwnnbe7s4vf5030tvnud7z1rlfqvrg39sv2n6o.png","datePublished":"2021-04-13T07:43:10+00:00","dateModified":"2025-12-22T16:37:34+00:00","description":"TFT: Kundenspezifische TFT, Als langj\u00e4hriger Partner der weiterverarbeitenden Industrie sind wir auf kundenspezifische L\u00f6sungen spezialisiert","breadcrumb":{"@id":"https:\/\/display-elektronik.de\/produkte\/tft\/customized-tft\/#breadcrumb"},"inLanguage":"de","potentialAction":[{"@type":"ReadAction","target":["https:\/\/display-elektronik.de\/produkte\/tft\/customized-tft\/"]}]},{"@type":"ImageObject","inLanguage":"de","@id":"https:\/\/display-elektronik.de\/produkte\/tft\/customized-tft\/#primaryimage","url":"https:\/\/display-elektronik.de\/wp-content\/uploads\/elementor\/thumbs\/DEM-8223FRONT03.02.22-1-rgjfjwnnbe7s4vf5030tvnud7z1rlfqvrg39sv2n6o.png","contentUrl":"https:\/\/display-elektronik.de\/wp-content\/uploads\/elementor\/thumbs\/DEM-8223FRONT03.02.22-1-rgjfjwnnbe7s4vf5030tvnud7z1rlfqvrg39sv2n6o.png"},{"@type":"BreadcrumbList","@id":"https:\/\/display-elektronik.de\/produkte\/tft\/customized-tft\/#breadcrumb","itemListElement":[{"@type":"ListItem","position":1,"name":"Startseite","item":"https:\/\/display-elektronik.de\/de\/"},{"@type":"ListItem","position":2,"name":"Produkte","item":"https:\/\/display-elektronik.de\/produkte\/"},{"@type":"ListItem","position":3,"name":"TFT","item":"https:\/\/display-elektronik.de\/produkte\/tft\/"},{"@type":"ListItem","position":4,"name":"Customized TFT"}]},{"@type":"WebSite","@id":"https:\/\/display-elektronik.de\/de\/#website","url":"https:\/\/display-elektronik.de\/de\/","name":"Display-Elektronik","description":"","publisher":{"@id":"https:\/\/display-elektronik.de\/de\/#organization"},"potentialAction":[{"@type":"SearchAction","target":{"@type":"EntryPoint","urlTemplate":"https:\/\/display-elektronik.de\/de\/?s={search_term_string}"},"query-input":{"@type":"PropertyValueSpecification","valueRequired":true,"valueName":"search_term_string"}}],"inLanguage":"de"},{"@type":"Organization","@id":"https:\/\/display-elektronik.de\/de\/#organization","name":"Display-Elektronik","url":"https:\/\/display-elektronik.de\/de\/","logo":{"@type":"ImageObject","inLanguage":"de","@id":"https:\/\/display-elektronik.de\/de\/#\/schema\/logo\/image\/","url":"https:\/\/display-elektronik.de\/wp-content\/uploads\/2021\/04\/logo-display.svg","contentUrl":"https:\/\/display-elektronik.de\/wp-content\/uploads\/2021\/04\/logo-display.svg","caption":"Display-Elektronik"},"image":{"@id":"https:\/\/display-elektronik.de\/de\/#\/schema\/logo\/image\/"}}]}},"_links":{"self":[{"href":"https:\/\/display-elektronik.de\/de\/wp-json\/wp\/v2\/pages\/954","targetHints":{"allow":["GET"]}}],"collection":[{"href":"https:\/\/display-elektronik.de\/de\/wp-json\/wp\/v2\/pages"}],"about":[{"href":"https:\/\/display-elektronik.de\/de\/wp-json\/wp\/v2\/types\/page"}],"author":[{"embeddable":true,"href":"https:\/\/display-elektronik.de\/de\/wp-json\/wp\/v2\/users\/1"}],"replies":[{"embeddable":true,"href":"https:\/\/display-elektronik.de\/de\/wp-json\/wp\/v2\/comments?post=954"}],"version-history":[{"count":6,"href":"https:\/\/display-elektronik.de\/de\/wp-json\/wp\/v2\/pages\/954\/revisions"}],"predecessor-version":[{"id":6100,"href":"https:\/\/display-elektronik.de\/de\/wp-json\/wp\/v2\/pages\/954\/revisions\/6100"}],"up":[{"embeddable":true,"href":"https:\/\/display-elektronik.de\/de\/wp-json\/wp\/v2\/pages\/418"}],"wp:attachment":[{"href":"https:\/\/display-elektronik.de\/de\/wp-json\/wp\/v2\/media?parent=954"}],"curies":[{"name":"wp","href":"https:\/\/api.w.org\/{rel}","templated":true}]}}