{"id":427,"date":"2021-04-11T12:58:31","date_gmt":"2021-04-11T12:58:31","guid":{"rendered":"http:\/\/relaunch.display-elektronik.de\/?page_id=427"},"modified":"2023-01-12T13:18:58","modified_gmt":"2023-01-12T13:18:58","slug":"kundenspezifische-lcds","status":"publish","type":"page","link":"https:\/\/display-elektronik.de\/de\/produkte\/lcd\/kundenspezifische-lcds\/","title":{"rendered":"Kundenspezifische LCDs"},"content":{"rendered":"\t\t<div data-elementor-type=\"wp-page\" data-elementor-id=\"427\" class=\"elementor elementor-427\">\n\t\t\t\t\t\t<main class=\"elementor-section elementor-top-section elementor-element elementor-element-40b4472f elementor-section-height-min-height elementor-reverse-mobile elementor-section-full_width elementor-section-stretched elementor-section-height-default elementor-section-items-middle\" data-id=\"40b4472f\" data-element_type=\"section\" data-e-type=\"section\" data-settings=\"{&quot;background_background&quot;:&quot;classic&quot;,&quot;stretch_section&quot;:&quot;section-stretched&quot;}\">\n\t\t\t\t\t\t<div class=\"elementor-container elementor-column-gap-default\">\n\t\t\t\t\t<div class=\"elementor-column elementor-col-100 elementor-top-column elementor-element elementor-element-8004474\" data-id=\"8004474\" data-element_type=\"column\" data-e-type=\"column\">\n\t\t\t<div class=\"elementor-widget-wrap\">\n\t\t\t\t\t\t\t<\/div>\n\t\t<\/div>\n\t\t\t\t\t<\/div>\n\t\t<\/main>\n\t\t\t\t<main class=\"elementor-section elementor-top-section elementor-element elementor-element-6e0427b0 elementor-reverse-mobile elementor-section-stretched elementor-section-boxed elementor-section-height-default elementor-section-height-default\" data-id=\"6e0427b0\" data-element_type=\"section\" data-e-type=\"section\" data-settings=\"{&quot;background_background&quot;:&quot;classic&quot;,&quot;stretch_section&quot;:&quot;section-stretched&quot;}\">\n\t\t\t\t\t\t<div class=\"elementor-container elementor-column-gap-default\">\n\t\t\t\t\t<div class=\"elementor-column elementor-col-50 elementor-top-column elementor-element elementor-element-6101b91d\" data-id=\"6101b91d\" data-element_type=\"column\" data-e-type=\"column\">\n\t\t\t<div class=\"elementor-widget-wrap elementor-element-populated\">\n\t\t\t\t\t\t<div class=\"elementor-element elementor-element-16478b51 elementor-widget elementor-widget-spacer\" data-id=\"16478b51\" data-element_type=\"widget\" data-e-type=\"widget\" data-widget_type=\"spacer.default\">\n\t\t\t\t<div class=\"elementor-widget-container\">\n\t\t\t\t\t\t\t<div class=\"elementor-spacer\">\n\t\t\t<div class=\"elementor-spacer-inner\"><\/div>\n\t\t<\/div>\n\t\t\t\t\t\t<\/div>\n\t\t\t\t<\/div>\n\t\t\t\t<div class=\"elementor-element elementor-element-73ef540f elementor-widget elementor-widget-heading\" data-id=\"73ef540f\" data-element_type=\"widget\" data-e-type=\"widget\" data-widget_type=\"heading.default\">\n\t\t\t\t<div class=\"elementor-widget-container\">\n\t\t\t\t\t<h1 class=\"elementor-heading-title elementor-size-default\">Kundenspezifische LCDs <\/h1>\t\t\t\t<\/div>\n\t\t\t\t<\/div>\n\t\t\t\t<div class=\"elementor-element elementor-element-609145be elementor-widget elementor-widget-text-editor\" data-id=\"609145be\" data-element_type=\"widget\" data-e-type=\"widget\" data-widget_type=\"text-editor.default\">\n\t\t\t\t<div class=\"elementor-widget-container\">\n\t\t\t\t\t\t\t\t\t<ul><li>Als langj\u00e4hriger Partner der weiterverarbeitenden Industrie sind wir auf kundenspezifische L\u00f6sungen spezialisiert. Wir bieten eine umfangreiche Unterst\u00fctzung f\u00fcr kundenspezifische Entwicklungen von einem einfachen 7-Segment LCD bis hin zu einer kompletten L\u00f6sung f\u00fcr ein Grafikmodul mit Schnittstelle, Hinterleuchtung, etc.<\/li><li>Der intensive Informationsaustausch mit unseren Kunden bereits in der Fr\u00fchphase f\u00fchrt zu optimalen Ergebnissen, da wir zum fr\u00fchen Zeitpunkt in die Entwicklung bereits eingebunden werden und ggf. Empfehlungen geben k\u00f6nnen, die man sonst nicht unbedingt bekommt.<\/li><li>Wir gliedern eine kundenspezifische Entwicklung in getrennte Abschnitte, die jeweils von unseren Kunden freigegeben werden m\u00fcssen, bevor wir den n\u00e4chsten Schritt unternehmen. Dieses Verfahren hat sich als sehr effizient erwiesen, da es sicherstellt, dass der Kunde die volle Kontrolle der einzelnen Schritte beh\u00e4lt und der jeweilige Entwicklungsstand f\u00fcr alle Beteiligten klar auf der Hand liegt.<\/li><li>Auf Wunsch und bei stetig laufendem Projekt halten wir Zwischenmengen von gepr\u00fcfter Ware zum sofortigen Versand bereit. Dies resultiert in einer deutlich besseren Verf\u00fcgbarkeit und Flexibilit\u00e4t gegen\u00fcber dem Kunden.<\/li><li>Kundenspezifische L\u00f6sungen k\u00f6nnen auch f\u00fcr kleinere Mengen zu \u00f6konomischen Preisen realisiert werden.<\/li><li>F\u00fcr kundenspezifische L\u00f6sungen bieten wir alle g\u00e4ngigen Zell-Technologien an: TN, TN(1st Min.), HTN, STN, FSTN, FFSTN, EBTN, VA-TN, ASTN usw. (und OLED, E-Paper und TFT).<\/li><li>F\u00fcr Kontaktierungszwecke k\u00f6nnen wir alle verf\u00fcgbaren Technologien umsetzen: Leitgummi, Pins, Heatseal, FFC, FPC usw.<\/li><li>F\u00fcr Modulaufbauten k\u00f6nnen wir folgende Technologien realisieren: COB, COG, TAB, FLEX<\/li><\/ul><p>\u00a0<\/p><p><strong>\u00dcber Ihre Anfrage w\u00fcrden wir uns sehr freuen \u2013 gerne unterst\u00fctzen wir Sie!<\/strong><\/p>\t\t\t\t\t\t\t\t<\/div>\n\t\t\t\t<\/div>\n\t\t\t\t\t<\/div>\n\t\t<\/div>\n\t\t\t\t<div class=\"elementor-column elementor-col-50 elementor-top-column elementor-element elementor-element-1f3dc191\" data-id=\"1f3dc191\" data-element_type=\"column\" data-e-type=\"column\">\n\t\t\t<div class=\"elementor-widget-wrap elementor-element-populated\">\n\t\t\t\t\t\t<div class=\"elementor-element elementor-element-421d6941 elementor-widget elementor-widget-image-carousel\" data-id=\"421d6941\" data-element_type=\"widget\" data-e-type=\"widget\" data-settings=\"{&quot;navigation&quot;:&quot;none&quot;,&quot;slides_to_show&quot;:&quot;1&quot;,&quot;effect&quot;:&quot;fade&quot;,&quot;speed&quot;:3000,&quot;slides_to_show_tablet&quot;:&quot;1&quot;,&quot;autoplay&quot;:&quot;yes&quot;,&quot;pause_on_hover&quot;:&quot;yes&quot;,&quot;pause_on_interaction&quot;:&quot;yes&quot;,&quot;autoplay_speed&quot;:5000,&quot;infinite&quot;:&quot;yes&quot;}\" data-widget_type=\"image-carousel.default\">\n\t\t\t\t<div class=\"elementor-widget-container\">\n\t\t\t\t\t\t\t<div class=\"elementor-image-carousel-wrapper swiper\" role=\"region\" aria-roledescription=\"carousel\" aria-label=\"Bild Karussell\" dir=\"ltr\">\n\t\t\t<div class=\"elementor-image-carousel swiper-wrapper\" aria-live=\"off\">\n\t\t\t\t\t\t\t\t<div class=\"swiper-slide\" role=\"group\" aria-roledescription=\"slide\" aria-label=\"1 von 2\"><figure class=\"swiper-slide-inner\"><img decoding=\"async\" class=\"swiper-slide-image\" src=\"https:\/\/display-elektronik.de\/wp-content\/uploads\/2021\/06\/LCD_Custom2.png\" alt=\"LCD\" \/><\/figure><\/div><div class=\"swiper-slide\" role=\"group\" aria-roledescription=\"slide\" aria-label=\"2 von 2\"><figure class=\"swiper-slide-inner\"><img decoding=\"async\" class=\"swiper-slide-image\" src=\"https:\/\/display-elektronik.de\/wp-content\/uploads\/2021\/05\/LCD_Custom1_Homepage1-1.png\" alt=\"LCD\" \/><\/figure><\/div>\t\t\t<\/div>\n\t\t\t\t\t\t\t\n\t\t\t\t\t\t\t\t\t<\/div>\n\t\t\t\t\t\t<\/div>\n\t\t\t\t<\/div>\n\t\t\t\t\t<\/div>\n\t\t<\/div>\n\t\t\t\t\t<\/div>\n\t\t<\/main>\n\t\t\t\t<section class=\"elementor-section elementor-top-section elementor-element elementor-element-3b3e8a12 elementor-section-full_width elementor-section-stretched elementor-section-height-default elementor-section-height-default\" data-id=\"3b3e8a12\" data-element_type=\"section\" data-e-type=\"section\" id=\"myframe\" data-settings=\"{&quot;background_background&quot;:&quot;classic&quot;,&quot;stretch_section&quot;:&quot;section-stretched&quot;}\">\n\t\t\t\t\t\t<div class=\"elementor-container elementor-column-gap-default\">\n\t\t\t\t\t<div class=\"elementor-column elementor-col-100 elementor-top-column elementor-element elementor-element-86f1315\" data-id=\"86f1315\" data-element_type=\"column\" data-e-type=\"column\">\n\t\t\t<div class=\"elementor-widget-wrap elementor-element-populated\">\n\t\t\t\t\t\t<section class=\"elementor-section elementor-inner-section elementor-element elementor-element-3820839a elementor-section-boxed elementor-section-height-default elementor-section-height-default\" data-id=\"3820839a\" data-element_type=\"section\" data-e-type=\"section\">\n\t\t\t\t\t\t<div class=\"elementor-container elementor-column-gap-default\">\n\t\t\t\t\t<div class=\"elementor-column elementor-col-100 elementor-inner-column elementor-element elementor-element-54db23e4\" data-id=\"54db23e4\" data-element_type=\"column\" data-e-type=\"column\">\n\t\t\t<div class=\"elementor-widget-wrap elementor-element-populated\">\n\t\t\t\t\t\t<div class=\"elementor-element elementor-element-4c30048 elementor-align-left elementor-widget__width-auto elementor-widget-mobile__width-inherit elementor-widget elementor-widget-button\" data-id=\"4c30048\" data-element_type=\"widget\" data-e-type=\"widget\" data-widget_type=\"button.default\">\n\t\t\t\t<div class=\"elementor-widget-container\">\n\t\t\t\t\t\t\t\t\t<div class=\"elementor-button-wrapper\">\n\t\t\t\t\t<a class=\"elementor-button elementor-button-link elementor-size-sm\" href=\"https:\/\/display-elektronik.de\/kontakt\/\" target=\"_blank\">\n\t\t\t\t\t\t<span class=\"elementor-button-content-wrapper\">\n\t\t\t\t\t\t<span class=\"elementor-button-icon\">\n\t\t\t\t<i aria-hidden=\"true\" class=\"fas fa-arrow-right\"><\/i>\t\t\t<\/span>\n\t\t\t\t\t\t\t\t\t<span class=\"elementor-button-text\">Technische Info<\/span>\n\t\t\t\t\t<\/span>\n\t\t\t\t\t<\/a>\n\t\t\t\t<\/div>\n\t\t\t\t\t\t\t\t<\/div>\n\t\t\t\t<\/div>\n\t\t\t\t<div class=\"elementor-element elementor-element-44d9304b elementor-align-right elementor-tablet-align-left elementor-widget__width-auto elementor-widget-mobile__width-inherit elementor-widget elementor-widget-button\" data-id=\"44d9304b\" data-element_type=\"widget\" data-e-type=\"widget\" data-widget_type=\"button.default\">\n\t\t\t\t<div class=\"elementor-widget-container\">\n\t\t\t\t\t\t\t\t\t<div class=\"elementor-button-wrapper\">\n\t\t\t\t\t<a class=\"elementor-button elementor-button-link elementor-size-sm\" href=\"https:\/\/display-elektronik.de\/wp-content\/uploads\/2021\/05\/CUSTOM-INQUIRY.pdf\" target=\"_blank\">\n\t\t\t\t\t\t<span class=\"elementor-button-content-wrapper\">\n\t\t\t\t\t\t<span class=\"elementor-button-icon\">\n\t\t\t\t<i aria-hidden=\"true\" class=\"fas fa-arrow-right\"><\/i>\t\t\t<\/span>\n\t\t\t\t\t\t\t\t\t<span class=\"elementor-button-text\">Anfrage<\/span>\n\t\t\t\t\t<\/span>\n\t\t\t\t\t<\/a>\n\t\t\t\t<\/div>\n\t\t\t\t\t\t\t\t<\/div>\n\t\t\t\t<\/div>\n\t\t\t\t\t<\/div>\n\t\t<\/div>\n\t\t\t\t\t<\/div>\n\t\t<\/section>\n\t\t\t\t\t<\/div>\n\t\t<\/div>\n\t\t\t\t\t<\/div>\n\t\t<\/section>\n\t\t\t\t<\/div>\n\t\t","protected":false},"excerpt":{"rendered":"<p>Kundenspezifische LCDs Als langj\u00e4hriger Partner der weiterverarbeitenden Industrie sind wir auf kundenspezifische L\u00f6sungen spezialisiert. Wir bieten eine umfangreiche Unterst\u00fctzung f\u00fcr kundenspezifische Entwicklungen von einem einfachen 7-Segment LCD bis hin zu einer kompletten L\u00f6sung f\u00fcr ein Grafikmodul mit Schnittstelle, Hinterleuchtung, etc. Der intensive Informationsaustausch mit unseren Kunden bereits in der Fr\u00fchphase f\u00fchrt zu optimalen Ergebnissen, da&hellip;<\/p>\n","protected":false},"author":1,"featured_media":0,"parent":372,"menu_order":5,"comment_status":"closed","ping_status":"closed","template":"","meta":{"footnotes":""},"class_list":["post-427","page","type-page","status-publish","hentry"],"yoast_head":"<!-- This site is optimized with the Yoast SEO plugin v27.3 - https:\/\/yoast.com\/product\/yoast-seo-wordpress\/ -->\n<title>Display Elektronik GmbH - Kundenspezifische LCDs<\/title>\n<meta name=\"description\" content=\"Kundenspezifische LCDs - als langj\u00e4hriger Partner der weiterverarbeitenden Industrie sind wir auf kundenspezifische L\u00f6sungen spezialisiert\" \/>\n<meta name=\"robots\" content=\"index, follow, max-snippet:-1, max-image-preview:large, max-video-preview:-1\" \/>\n<link rel=\"canonical\" href=\"https:\/\/display-elektronik.de\/de\/produkte\/lcd\/kundenspezifische-lcds\/\" \/>\n<meta property=\"og:locale\" content=\"de_DE\" \/>\n<meta property=\"og:type\" content=\"article\" \/>\n<meta property=\"og:title\" content=\"Display Elektronik GmbH - Kundenspezifische LCDs\" \/>\n<meta property=\"og:description\" content=\"Kundenspezifische LCDs - als langj\u00e4hriger Partner der weiterverarbeitenden Industrie sind wir auf kundenspezifische L\u00f6sungen spezialisiert\" \/>\n<meta property=\"og:url\" content=\"https:\/\/display-elektronik.de\/de\/produkte\/lcd\/kundenspezifische-lcds\/\" \/>\n<meta property=\"og:site_name\" content=\"Display-Elektronik\" \/>\n<meta property=\"article:modified_time\" content=\"2023-01-12T13:18:58+00:00\" \/>\n<meta property=\"og:image\" content=\"http:\/\/relaunch.display-elektronik.de\/wp-content\/uploads\/2021\/06\/LCD_Custom2.png\" \/>\n<meta name=\"twitter:card\" content=\"summary_large_image\" \/>\n<meta name=\"twitter:label1\" content=\"Gesch\u00e4tzte Lesezeit\" \/>\n\t<meta name=\"twitter:data1\" content=\"2\u00a0Minuten\" \/>\n<script type=\"application\/ld+json\" class=\"yoast-schema-graph\">{\"@context\":\"https:\\\/\\\/schema.org\",\"@graph\":[{\"@type\":\"WebPage\",\"@id\":\"https:\\\/\\\/display-elektronik.de\\\/produkte\\\/lcd\\\/kundenspezifische-lcds\\\/\",\"url\":\"https:\\\/\\\/display-elektronik.de\\\/produkte\\\/lcd\\\/kundenspezifische-lcds\\\/\",\"name\":\"Display Elektronik GmbH - Kundenspezifische LCDs\",\"isPartOf\":{\"@id\":\"https:\\\/\\\/display-elektronik.de\\\/de\\\/#website\"},\"primaryImageOfPage\":{\"@id\":\"https:\\\/\\\/display-elektronik.de\\\/produkte\\\/lcd\\\/kundenspezifische-lcds\\\/#primaryimage\"},\"image\":{\"@id\":\"https:\\\/\\\/display-elektronik.de\\\/produkte\\\/lcd\\\/kundenspezifische-lcds\\\/#primaryimage\"},\"thumbnailUrl\":\"http:\\\/\\\/relaunch.display-elektronik.de\\\/wp-content\\\/uploads\\\/2021\\\/06\\\/LCD_Custom2.png\",\"datePublished\":\"2021-04-11T12:58:31+00:00\",\"dateModified\":\"2023-01-12T13:18:58+00:00\",\"description\":\"Kundenspezifische LCDs - als langj\u00e4hriger Partner der weiterverarbeitenden Industrie sind wir auf kundenspezifische L\u00f6sungen spezialisiert\",\"breadcrumb\":{\"@id\":\"https:\\\/\\\/display-elektronik.de\\\/produkte\\\/lcd\\\/kundenspezifische-lcds\\\/#breadcrumb\"},\"inLanguage\":\"de\",\"potentialAction\":[{\"@type\":\"ReadAction\",\"target\":[\"https:\\\/\\\/display-elektronik.de\\\/produkte\\\/lcd\\\/kundenspezifische-lcds\\\/\"]}]},{\"@type\":\"ImageObject\",\"inLanguage\":\"de\",\"@id\":\"https:\\\/\\\/display-elektronik.de\\\/produkte\\\/lcd\\\/kundenspezifische-lcds\\\/#primaryimage\",\"url\":\"http:\\\/\\\/relaunch.display-elektronik.de\\\/wp-content\\\/uploads\\\/2021\\\/06\\\/LCD_Custom2.png\",\"contentUrl\":\"http:\\\/\\\/relaunch.display-elektronik.de\\\/wp-content\\\/uploads\\\/2021\\\/06\\\/LCD_Custom2.png\"},{\"@type\":\"BreadcrumbList\",\"@id\":\"https:\\\/\\\/display-elektronik.de\\\/produkte\\\/lcd\\\/kundenspezifische-lcds\\\/#breadcrumb\",\"itemListElement\":[{\"@type\":\"ListItem\",\"position\":1,\"name\":\"Startseite\",\"item\":\"https:\\\/\\\/display-elektronik.de\\\/de\\\/\"},{\"@type\":\"ListItem\",\"position\":2,\"name\":\"Produkte\",\"item\":\"https:\\\/\\\/display-elektronik.de\\\/produkte\\\/\"},{\"@type\":\"ListItem\",\"position\":3,\"name\":\"LCD\",\"item\":\"https:\\\/\\\/display-elektronik.de\\\/produkte\\\/lcd\\\/\"},{\"@type\":\"ListItem\",\"position\":4,\"name\":\"Kundenspezifische LCDs\"}]},{\"@type\":\"WebSite\",\"@id\":\"https:\\\/\\\/display-elektronik.de\\\/de\\\/#website\",\"url\":\"https:\\\/\\\/display-elektronik.de\\\/de\\\/\",\"name\":\"Display-Elektronik\",\"description\":\"\",\"publisher\":{\"@id\":\"https:\\\/\\\/display-elektronik.de\\\/de\\\/#organization\"},\"potentialAction\":[{\"@type\":\"SearchAction\",\"target\":{\"@type\":\"EntryPoint\",\"urlTemplate\":\"https:\\\/\\\/display-elektronik.de\\\/de\\\/?s={search_term_string}\"},\"query-input\":{\"@type\":\"PropertyValueSpecification\",\"valueRequired\":true,\"valueName\":\"search_term_string\"}}],\"inLanguage\":\"de\"},{\"@type\":\"Organization\",\"@id\":\"https:\\\/\\\/display-elektronik.de\\\/de\\\/#organization\",\"name\":\"Display-Elektronik\",\"url\":\"https:\\\/\\\/display-elektronik.de\\\/de\\\/\",\"logo\":{\"@type\":\"ImageObject\",\"inLanguage\":\"de\",\"@id\":\"https:\\\/\\\/display-elektronik.de\\\/de\\\/#\\\/schema\\\/logo\\\/image\\\/\",\"url\":\"https:\\\/\\\/display-elektronik.de\\\/wp-content\\\/uploads\\\/2021\\\/04\\\/logo-display.svg\",\"contentUrl\":\"https:\\\/\\\/display-elektronik.de\\\/wp-content\\\/uploads\\\/2021\\\/04\\\/logo-display.svg\",\"caption\":\"Display-Elektronik\"},\"image\":{\"@id\":\"https:\\\/\\\/display-elektronik.de\\\/de\\\/#\\\/schema\\\/logo\\\/image\\\/\"}}]}<\/script>\n<!-- \/ Yoast SEO plugin. -->","yoast_head_json":{"title":"Display Elektronik GmbH - Kundenspezifische LCDs","description":"Kundenspezifische LCDs - als langj\u00e4hriger Partner der weiterverarbeitenden Industrie sind wir auf kundenspezifische L\u00f6sungen spezialisiert","robots":{"index":"index","follow":"follow","max-snippet":"max-snippet:-1","max-image-preview":"max-image-preview:large","max-video-preview":"max-video-preview:-1"},"canonical":"https:\/\/display-elektronik.de\/de\/produkte\/lcd\/kundenspezifische-lcds\/","og_locale":"de_DE","og_type":"article","og_title":"Display Elektronik GmbH - Kundenspezifische LCDs","og_description":"Kundenspezifische LCDs - als langj\u00e4hriger Partner der weiterverarbeitenden Industrie sind wir auf kundenspezifische L\u00f6sungen spezialisiert","og_url":"https:\/\/display-elektronik.de\/de\/produkte\/lcd\/kundenspezifische-lcds\/","og_site_name":"Display-Elektronik","article_modified_time":"2023-01-12T13:18:58+00:00","og_image":[{"url":"http:\/\/relaunch.display-elektronik.de\/wp-content\/uploads\/2021\/06\/LCD_Custom2.png","type":"","width":"","height":""}],"twitter_card":"summary_large_image","twitter_misc":{"Gesch\u00e4tzte Lesezeit":"2\u00a0Minuten"},"schema":{"@context":"https:\/\/schema.org","@graph":[{"@type":"WebPage","@id":"https:\/\/display-elektronik.de\/produkte\/lcd\/kundenspezifische-lcds\/","url":"https:\/\/display-elektronik.de\/produkte\/lcd\/kundenspezifische-lcds\/","name":"Display Elektronik GmbH - Kundenspezifische LCDs","isPartOf":{"@id":"https:\/\/display-elektronik.de\/de\/#website"},"primaryImageOfPage":{"@id":"https:\/\/display-elektronik.de\/produkte\/lcd\/kundenspezifische-lcds\/#primaryimage"},"image":{"@id":"https:\/\/display-elektronik.de\/produkte\/lcd\/kundenspezifische-lcds\/#primaryimage"},"thumbnailUrl":"http:\/\/relaunch.display-elektronik.de\/wp-content\/uploads\/2021\/06\/LCD_Custom2.png","datePublished":"2021-04-11T12:58:31+00:00","dateModified":"2023-01-12T13:18:58+00:00","description":"Kundenspezifische LCDs - als langj\u00e4hriger Partner der weiterverarbeitenden Industrie sind wir auf kundenspezifische L\u00f6sungen spezialisiert","breadcrumb":{"@id":"https:\/\/display-elektronik.de\/produkte\/lcd\/kundenspezifische-lcds\/#breadcrumb"},"inLanguage":"de","potentialAction":[{"@type":"ReadAction","target":["https:\/\/display-elektronik.de\/produkte\/lcd\/kundenspezifische-lcds\/"]}]},{"@type":"ImageObject","inLanguage":"de","@id":"https:\/\/display-elektronik.de\/produkte\/lcd\/kundenspezifische-lcds\/#primaryimage","url":"http:\/\/relaunch.display-elektronik.de\/wp-content\/uploads\/2021\/06\/LCD_Custom2.png","contentUrl":"http:\/\/relaunch.display-elektronik.de\/wp-content\/uploads\/2021\/06\/LCD_Custom2.png"},{"@type":"BreadcrumbList","@id":"https:\/\/display-elektronik.de\/produkte\/lcd\/kundenspezifische-lcds\/#breadcrumb","itemListElement":[{"@type":"ListItem","position":1,"name":"Startseite","item":"https:\/\/display-elektronik.de\/de\/"},{"@type":"ListItem","position":2,"name":"Produkte","item":"https:\/\/display-elektronik.de\/produkte\/"},{"@type":"ListItem","position":3,"name":"LCD","item":"https:\/\/display-elektronik.de\/produkte\/lcd\/"},{"@type":"ListItem","position":4,"name":"Kundenspezifische LCDs"}]},{"@type":"WebSite","@id":"https:\/\/display-elektronik.de\/de\/#website","url":"https:\/\/display-elektronik.de\/de\/","name":"Display-Elektronik","description":"","publisher":{"@id":"https:\/\/display-elektronik.de\/de\/#organization"},"potentialAction":[{"@type":"SearchAction","target":{"@type":"EntryPoint","urlTemplate":"https:\/\/display-elektronik.de\/de\/?s={search_term_string}"},"query-input":{"@type":"PropertyValueSpecification","valueRequired":true,"valueName":"search_term_string"}}],"inLanguage":"de"},{"@type":"Organization","@id":"https:\/\/display-elektronik.de\/de\/#organization","name":"Display-Elektronik","url":"https:\/\/display-elektronik.de\/de\/","logo":{"@type":"ImageObject","inLanguage":"de","@id":"https:\/\/display-elektronik.de\/de\/#\/schema\/logo\/image\/","url":"https:\/\/display-elektronik.de\/wp-content\/uploads\/2021\/04\/logo-display.svg","contentUrl":"https:\/\/display-elektronik.de\/wp-content\/uploads\/2021\/04\/logo-display.svg","caption":"Display-Elektronik"},"image":{"@id":"https:\/\/display-elektronik.de\/de\/#\/schema\/logo\/image\/"}}]}},"_links":{"self":[{"href":"https:\/\/display-elektronik.de\/de\/wp-json\/wp\/v2\/pages\/427","targetHints":{"allow":["GET"]}}],"collection":[{"href":"https:\/\/display-elektronik.de\/de\/wp-json\/wp\/v2\/pages"}],"about":[{"href":"https:\/\/display-elektronik.de\/de\/wp-json\/wp\/v2\/types\/page"}],"author":[{"embeddable":true,"href":"https:\/\/display-elektronik.de\/de\/wp-json\/wp\/v2\/users\/1"}],"replies":[{"embeddable":true,"href":"https:\/\/display-elektronik.de\/de\/wp-json\/wp\/v2\/comments?post=427"}],"version-history":[{"count":0,"href":"https:\/\/display-elektronik.de\/de\/wp-json\/wp\/v2\/pages\/427\/revisions"}],"up":[{"embeddable":true,"href":"https:\/\/display-elektronik.de\/de\/wp-json\/wp\/v2\/pages\/372"}],"wp:attachment":[{"href":"https:\/\/display-elektronik.de\/de\/wp-json\/wp\/v2\/media?parent=427"}],"curies":[{"name":"wp","href":"https:\/\/api.w.org\/{rel}","templated":true}]}}