{"id":381,"date":"2021-04-11T12:27:50","date_gmt":"2021-04-11T12:27:50","guid":{"rendered":"http:\/\/relaunch.display-elektronik.de\/?page_id=381"},"modified":"2023-01-12T13:07:18","modified_gmt":"2023-01-12T13:07:18","slug":"aktuell","status":"publish","type":"page","link":"https:\/\/display-elektronik.de\/de\/aktuell\/","title":{"rendered":"Aktuell"},"content":{"rendered":"\t\t<div data-elementor-type=\"wp-page\" data-elementor-id=\"381\" class=\"elementor elementor-381\">\n\t\t\t\t\t\t<main class=\"elementor-section elementor-top-section elementor-element elementor-element-3145d94c elementor-section-height-min-height elementor-reverse-mobile elementor-section-full_width elementor-section-stretched elementor-section-height-default elementor-section-items-middle\" data-id=\"3145d94c\" data-element_type=\"section\" data-e-type=\"section\" data-settings=\"{&quot;background_background&quot;:&quot;classic&quot;,&quot;stretch_section&quot;:&quot;section-stretched&quot;}\">\n\t\t\t\t\t\t<div class=\"elementor-container elementor-column-gap-default\">\n\t\t\t\t\t<div class=\"elementor-column elementor-col-100 elementor-top-column elementor-element elementor-element-600573ba\" data-id=\"600573ba\" data-element_type=\"column\" data-e-type=\"column\">\n\t\t\t<div class=\"elementor-widget-wrap\">\n\t\t\t\t\t\t\t<\/div>\n\t\t<\/div>\n\t\t\t\t\t<\/div>\n\t\t<\/main>\n\t\t\t\t<section class=\"elementor-section elementor-top-section elementor-element elementor-element-7bcab46c elementor-section-boxed elementor-section-height-default elementor-section-height-default\" data-id=\"7bcab46c\" data-element_type=\"section\" data-e-type=\"section\">\n\t\t\t\t\t\t<div class=\"elementor-container elementor-column-gap-default\">\n\t\t\t\t\t<div class=\"elementor-column elementor-col-100 elementor-top-column elementor-element elementor-element-672001a8\" data-id=\"672001a8\" data-element_type=\"column\" data-e-type=\"column\">\n\t\t\t<div class=\"elementor-widget-wrap elementor-element-populated\">\n\t\t\t\t\t\t<div class=\"elementor-element elementor-element-39fb5f6e elementor-widget elementor-widget-spacer\" data-id=\"39fb5f6e\" data-element_type=\"widget\" data-e-type=\"widget\" data-widget_type=\"spacer.default\">\n\t\t\t\t<div class=\"elementor-widget-container\">\n\t\t\t\t\t\t\t<div class=\"elementor-spacer\">\n\t\t\t<div class=\"elementor-spacer-inner\"><\/div>\n\t\t<\/div>\n\t\t\t\t\t\t<\/div>\n\t\t\t\t<\/div>\n\t\t\t\t<div class=\"elementor-element elementor-element-1f2a99f9 elementor-widget elementor-widget-heading\" data-id=\"1f2a99f9\" data-element_type=\"widget\" data-e-type=\"widget\" data-widget_type=\"heading.default\">\n\t\t\t\t<div class=\"elementor-widget-container\">\n\t\t\t\t\t<h1 class=\"elementor-heading-title elementor-size-default\">Aktuell<\/h1>\t\t\t\t<\/div>\n\t\t\t\t<\/div>\n\t\t\t\t<div class=\"elementor-element elementor-element-63668226 elementor-widget elementor-widget-spacer\" data-id=\"63668226\" data-element_type=\"widget\" data-e-type=\"widget\" data-widget_type=\"spacer.default\">\n\t\t\t\t<div class=\"elementor-widget-container\">\n\t\t\t\t\t\t\t<div class=\"elementor-spacer\">\n\t\t\t<div class=\"elementor-spacer-inner\"><\/div>\n\t\t<\/div>\n\t\t\t\t\t\t<\/div>\n\t\t\t\t<\/div>\n\t\t\t\t\t<\/div>\n\t\t<\/div>\n\t\t\t\t\t<\/div>\n\t\t<\/section>\n\t\t\t\t<section class=\"elementor-section elementor-top-section elementor-element elementor-element-7f8eefb elementor-section-boxed elementor-section-height-default elementor-section-height-default\" data-id=\"7f8eefb\" data-element_type=\"section\" data-e-type=\"section\">\n\t\t\t\t\t\t<div class=\"elementor-container elementor-column-gap-default\">\n\t\t\t\t\t<div class=\"elementor-column elementor-col-100 elementor-top-column elementor-element elementor-element-c742349\" data-id=\"c742349\" data-element_type=\"column\" data-e-type=\"column\">\n\t\t\t<div class=\"elementor-widget-wrap elementor-element-populated\">\n\t\t\t\t\t\t<div class=\"elementor-element elementor-element-5ca82a8 premium-blog-align-left elementor-widget elementor-widget-premium-addon-blog\" data-id=\"5ca82a8\" data-element_type=\"widget\" data-e-type=\"widget\" data-settings=\"{&quot;premium_blog_columns_number&quot;:&quot;25%&quot;,&quot;premium_blog_grid&quot;:&quot;yes&quot;,&quot;premium_blog_layout&quot;:&quot;even&quot;,&quot;premium_blog_columns_number_tablet&quot;:&quot;50%&quot;,&quot;premium_blog_columns_number_mobile&quot;:&quot;100%&quot;}\" data-widget_type=\"premium-addon-blog.default\">\n\t\t\t\t<div class=\"elementor-widget-container\">\n\t\t\t\t\t\n\t\t\n\n\t\t\t\t<div class=\"premium-blog-wrap  premium-blog-even\" data-page=\"381\">\n\t\t\t\t\t\t\t\t\t<div class=\"premium-blog-post-outer-container\" data-total=\"1\">\n\t\t\t<div class=\"premium-blog-post-container premium-blog-skin-classic\">\n\t\t\t\t\t\t\t\t\t<div class=\"premium-blog-thumb-effect-wrapper\">\n\t\t\t\t\t\t<div class=\"premium-blog-thumbnail-container premium-blog-none-effect\">\n\t\t\t\t\t\t\t<img fetchpriority=\"high\" decoding=\"async\" width=\"500\" height=\"300\" src=\"https:\/\/display-elektronik.de\/wp-content\/uploads\/2022\/01\/4inch-TFT_News.jpg\" class=\"attachment-full size-full wp-image-4635\" alt=\"\" srcset=\"https:\/\/display-elektronik.de\/wp-content\/uploads\/2022\/01\/4inch-TFT_News.jpg 500w, https:\/\/display-elektronik.de\/wp-content\/uploads\/2022\/01\/4inch-TFT_News-300x180.jpg 300w, https:\/\/display-elektronik.de\/wp-content\/uploads\/2022\/01\/4inch-TFT_News-18x12.jpg 18w\" sizes=\"(max-width: 500px) 100vw, 500px\" \/>\t\t\t\t\t\t<\/div>\n\t\t\t\t\t\t\t\t\t\t\t\t\t<div class=\"premium-blog-thumbnail-overlay\">\n\t\t\t\t\t\t\t\t<a class=\"elementor-icon\" href=\"https:\/\/display-elektronik.de\/de\/new-4-tft-module-series\/\" target=\"_self\"><\/a>\n\t\t\t\t\t\t\t<\/div>\n\n\t\t\t\t\t\t\t\t\t\t\t\t\t\t\t\t\t\t<\/div>\n\t\t\t\t\t\t\t\t\t\t\t\t<div class=\"premium-blog-content-wrapper \">\n\n\t\t\t\t\t<div class=\"premium-blog-inner-container\">\n\n\t\t\t\t\t\t\t\t\t\t\t\t\t\t<h3 class=\"premium-blog-entry-title\">\n\t\t\t<a href=\"https:\/\/display-elektronik.de\/de\/new-4-tft-module-series\/\" target=\"_self\">\n\t\t\t\tNEUE 4\u201c TFT Modul Serie\t\t\t<\/a>\n\t\t<\/h3>\n\t\t\t\t<div class=\"premium-blog-entry-meta\">\n\t\t\t\n\t\t\t\t\t\t\t<span class=\"premium-blog-meta-separator\">\u2022<\/span>\n\t\t\t\t<div class=\"premium-blog-post-time premium-blog-meta-data\">\n\t\t\t\t\t<i class=\"fa fa-calendar-alt\" aria-hidden=\"true\"><\/i>\n\t\t\t\t\t<span>Januar 18, 2022<\/span>\n\t\t\t\t<\/div>\n\t\t\t\n\t\t\t\n\t\t\t\t\t<\/div>\n\t\t\n\t\t\t\t\t<\/div>\n\n\t\t\t\t\t\t\t<div class=\"premium-blog-content-inner-wrapper\">\n\t\t<p class=\"premium-blog-post-content\">Wir bieten nun auch eine 4\u201c TFT Familie an mit verschiedenen Helligkeiten und Schnittstellen. Zur Wahl stehen die DSI (MIPI) Schnittstelle oder RGB-Schnittstelle und einer Helligkeit von 500cd\/1000cd und das Ganze in den Optionen ohne Touch, mit resistivem Touch oder kapazitivem Touch..<\/p><div class=\"premium-blog-excerpt-link-wrap\"><a href=\"https:\/\/display-elektronik.de\/de\/new-4-tft-module-series\/\" target=\"_self\" class=\"premium-blog-excerpt-link elementor-button\">Mehr LESEN \u00bb<\/a><\/div>\t\t<\/div>\n\t\t\t\t\t\t\t\n\t\t\t\t<\/div>\n\t\t\t<\/div>\n\t\t<\/div>\n\n\t\t\t\t<div class=\"premium-blog-post-outer-container\" data-total=\"1\">\n\t\t\t<div class=\"premium-blog-post-container premium-blog-skin-classic\">\n\t\t\t\t\t\t\t\t\t<div class=\"premium-blog-thumb-effect-wrapper\">\n\t\t\t\t\t\t<div class=\"premium-blog-thumbnail-container premium-blog-none-effect\">\n\t\t\t\t\t\t\t<img decoding=\"async\" width=\"500\" height=\"300\" src=\"https:\/\/display-elektronik.de\/wp-content\/uploads\/2021\/07\/MILESTONE-2021-07b.jpg\" class=\"attachment-full size-full wp-image-3834\" alt=\"Milestone\" srcset=\"https:\/\/display-elektronik.de\/wp-content\/uploads\/2021\/07\/MILESTONE-2021-07b.jpg 500w, https:\/\/display-elektronik.de\/wp-content\/uploads\/2021\/07\/MILESTONE-2021-07b-300x180.jpg 300w, https:\/\/display-elektronik.de\/wp-content\/uploads\/2021\/07\/MILESTONE-2021-07b-16x10.jpg 16w\" sizes=\"(max-width: 500px) 100vw, 500px\" \/>\t\t\t\t\t\t<\/div>\n\t\t\t\t\t\t\t\t\t\t\t\t\t<div class=\"premium-blog-thumbnail-overlay\">\n\t\t\t\t\t\t\t\t<a class=\"elementor-icon\" href=\"https:\/\/display-elektronik.de\/de\/neue-homepage\/\" target=\"_self\"><\/a>\n\t\t\t\t\t\t\t<\/div>\n\n\t\t\t\t\t\t\t\t\t\t\t\t\t\t\t\t\t\t<\/div>\n\t\t\t\t\t\t\t\t\t\t\t\t<div class=\"premium-blog-content-wrapper \">\n\n\t\t\t\t\t<div class=\"premium-blog-inner-container\">\n\n\t\t\t\t\t\t\t\t\t\t\t\t\t\t<h3 class=\"premium-blog-entry-title\">\n\t\t\t<a href=\"https:\/\/display-elektronik.de\/de\/neue-homepage\/\" target=\"_self\">\n\t\t\t\tNeue Homepage\t\t\t<\/a>\n\t\t<\/h3>\n\t\t\t\t<div class=\"premium-blog-entry-meta\">\n\t\t\t\n\t\t\t\t\t\t\t<span class=\"premium-blog-meta-separator\">\u2022<\/span>\n\t\t\t\t<div class=\"premium-blog-post-time premium-blog-meta-data\">\n\t\t\t\t\t<i class=\"fa fa-calendar-alt\" aria-hidden=\"true\"><\/i>\n\t\t\t\t\t<span>Juli 1, 2021<\/span>\n\t\t\t\t<\/div>\n\t\t\t\n\t\t\t\n\t\t\t\t\t<\/div>\n\t\t\n\t\t\t\t\t<\/div>\n\n\t\t\t\t\t\t\t<div class=\"premium-blog-content-inner-wrapper\">\n\t\t<p class=\"premium-blog-post-content\">Unsere neu und modern gestaltete Website www.display-elektronik.de enth\u00e4lt ein erweitertes Produktprogramm mit vielen technischen Neuerungen und kann ab sofort im Internet abgerufen werden...<\/p><div class=\"premium-blog-excerpt-link-wrap\"><a href=\"https:\/\/display-elektronik.de\/de\/neue-homepage\/\" target=\"_self\" class=\"premium-blog-excerpt-link elementor-button\">Mehr LESEN \u00bb<\/a><\/div>\t\t<\/div>\n\t\t\t\t\t\t\t\n\t\t\t\t<\/div>\n\t\t\t<\/div>\n\t\t<\/div>\n\n\t\t\t\t<div class=\"premium-blog-post-outer-container\" data-total=\"1\">\n\t\t\t<div class=\"premium-blog-post-container premium-blog-skin-classic\">\n\t\t\t\t\t\t\t\t\t<div class=\"premium-blog-thumb-effect-wrapper\">\n\t\t\t\t\t\t<div class=\"premium-blog-thumbnail-container premium-blog-none-effect\">\n\t\t\t\t\t\t\t<img decoding=\"async\" width=\"500\" height=\"300\" src=\"https:\/\/display-elektronik.de\/wp-content\/uploads\/2021\/06\/DE-CB-128064A-Y.jpg\" class=\"attachment-full size-full wp-image-3814\" alt=\"Drehknopf Control-Button\" srcset=\"https:\/\/display-elektronik.de\/wp-content\/uploads\/2021\/06\/DE-CB-128064A-Y.jpg 500w, https:\/\/display-elektronik.de\/wp-content\/uploads\/2021\/06\/DE-CB-128064A-Y-300x180.jpg 300w, https:\/\/display-elektronik.de\/wp-content\/uploads\/2021\/06\/DE-CB-128064A-Y-16x10.jpg 16w\" sizes=\"(max-width: 500px) 100vw, 500px\" \/>\t\t\t\t\t\t<\/div>\n\t\t\t\t\t\t\t\t\t\t\t\t\t<div class=\"premium-blog-thumbnail-overlay\">\n\t\t\t\t\t\t\t\t<a class=\"elementor-icon\" href=\"https:\/\/display-elektronik.de\/de\/oled-basierte-drehknoepfe\/\" target=\"_self\"><\/a>\n\t\t\t\t\t\t\t<\/div>\n\n\t\t\t\t\t\t\t\t\t\t\t\t\t\t\t\t\t\t<\/div>\n\t\t\t\t\t\t\t\t\t\t\t\t<div class=\"premium-blog-content-wrapper \">\n\n\t\t\t\t\t<div class=\"premium-blog-inner-container\">\n\n\t\t\t\t\t\t\t\t\t\t\t\t\t\t<h3 class=\"premium-blog-entry-title\">\n\t\t\t<a href=\"https:\/\/display-elektronik.de\/de\/oled-basierte-drehknoepfe\/\" target=\"_self\">\n\t\t\t\tOLED basierte Drehkn\u00f6pfe\t\t\t<\/a>\n\t\t<\/h3>\n\t\t\t\t<div class=\"premium-blog-entry-meta\">\n\t\t\t\n\t\t\t\t\t\t\t<span class=\"premium-blog-meta-separator\">\u2022<\/span>\n\t\t\t\t<div class=\"premium-blog-post-time premium-blog-meta-data\">\n\t\t\t\t\t<i class=\"fa fa-calendar-alt\" aria-hidden=\"true\"><\/i>\n\t\t\t\t\t<span>Juni 14, 2021<\/span>\n\t\t\t\t<\/div>\n\t\t\t\n\t\t\t\n\t\t\t\t\t<\/div>\n\t\t\n\t\t\t\t\t<\/div>\n\n\t\t\t\t\t\t\t<div class=\"premium-blog-content-inner-wrapper\">\n\t\t<p class=\"premium-blog-post-content\">Wir haben den neuen Drehkn\u00f6pfen ein weiteres Modell basierend auf OLED-Technologie mit 128x64 Aufl\u00f6sung und in diesem Fall ohne Touchfunktion hinzugef\u00fcgt. Neben dem ersten Drehknopf mit 128x128 Dots und kapazitivem Touch...<\/p><div class=\"premium-blog-excerpt-link-wrap\"><a href=\"https:\/\/display-elektronik.de\/de\/oled-basierte-drehknoepfe\/\" target=\"_self\" class=\"premium-blog-excerpt-link elementor-button\">Mehr LESEN \u00bb<\/a><\/div>\t\t<\/div>\n\t\t\t\t\t\t\t\n\t\t\t\t<\/div>\n\t\t\t<\/div>\n\t\t<\/div>\n\n\t\t\t\t<div class=\"premium-blog-post-outer-container\" data-total=\"1\">\n\t\t\t<div class=\"premium-blog-post-container premium-blog-skin-classic\">\n\t\t\t\t\t\t\t\t\t<div class=\"premium-blog-thumb-effect-wrapper\">\n\t\t\t\t\t\t<div class=\"premium-blog-thumbnail-container premium-blog-none-effect\">\n\t\t\t\t\t\t\t<img loading=\"lazy\" decoding=\"async\" width=\"500\" height=\"375\" src=\"https:\/\/display-elektronik.de\/wp-content\/uploads\/2021\/04\/IMG_0617.jpg\" class=\"attachment-full size-full wp-image-3780\" alt=\"TFT\" srcset=\"https:\/\/display-elektronik.de\/wp-content\/uploads\/2021\/04\/IMG_0617.jpg 500w, https:\/\/display-elektronik.de\/wp-content\/uploads\/2021\/04\/IMG_0617-300x225.jpg 300w, https:\/\/display-elektronik.de\/wp-content\/uploads\/2021\/04\/IMG_0617-16x12.jpg 16w, https:\/\/display-elektronik.de\/wp-content\/uploads\/2021\/04\/IMG_0617-160x120.jpg 160w\" sizes=\"(max-width: 500px) 100vw, 500px\" \/>\t\t\t\t\t\t<\/div>\n\t\t\t\t\t\t\t\t\t\t\t\t\t<div class=\"premium-blog-thumbnail-overlay\">\n\t\t\t\t\t\t\t\t<a class=\"elementor-icon\" href=\"https:\/\/display-elektronik.de\/de\/news-1\/\" target=\"_self\"><\/a>\n\t\t\t\t\t\t\t<\/div>\n\n\t\t\t\t\t\t\t\t\t\t\t\t\t\t\t\t\t\t<\/div>\n\t\t\t\t\t\t\t\t\t\t\t\t<div class=\"premium-blog-content-wrapper \">\n\n\t\t\t\t\t<div class=\"premium-blog-inner-container\">\n\n\t\t\t\t\t\t\t\t\t\t\t\t\t\t<h3 class=\"premium-blog-entry-title\">\n\t\t\t<a href=\"https:\/\/display-elektronik.de\/de\/news-1\/\" target=\"_self\">\n\t\t\t\tTFT Displays in IPS Technologie\t\t\t<\/a>\n\t\t<\/h3>\n\t\t\t\t<div class=\"premium-blog-entry-meta\">\n\t\t\t\n\t\t\t\t\t\t\t<span class=\"premium-blog-meta-separator\">\u2022<\/span>\n\t\t\t\t<div class=\"premium-blog-post-time premium-blog-meta-data\">\n\t\t\t\t\t<i class=\"fa fa-calendar-alt\" aria-hidden=\"true\"><\/i>\n\t\t\t\t\t<span>Mai 14, 2021<\/span>\n\t\t\t\t<\/div>\n\t\t\t\n\t\t\t\n\t\t\t\t\t<\/div>\n\t\t\n\t\t\t\t\t<\/div>\n\n\t\t\t\t\t\t\t<div class=\"premium-blog-content-inner-wrapper\">\n\t\t<p class=\"premium-blog-post-content\">Wir haben unsere TFT Produktlinie um weitere Modelle in IPS Technologie erweitert. Die IPS Technologie erm\u00f6glicht aufgrund des universellen Blickwinkels und hervorragenden optischen Eigenschaften den universellen Einsatz...<\/p><div class=\"premium-blog-excerpt-link-wrap\"><a href=\"https:\/\/display-elektronik.de\/de\/news-1\/\" target=\"_self\" class=\"premium-blog-excerpt-link elementor-button\">Mehr LESEN \u00bb<\/a><\/div>\t\t<\/div>\n\t\t\t\t\t\t\t\n\t\t\t\t<\/div>\n\t\t\t<\/div>\n\t\t<\/div>\n\n\t\t\t\t\t\t\t<\/div>\n\n\t\t\n\t\t\n\t\t\t\t\t\t<\/div>\n\t\t\t\t<\/div>\n\t\t\t\t\t<\/div>\n\t\t<\/div>\n\t\t\t\t\t<\/div>\n\t\t<\/section>\n\t\t\t\t<\/div>\n\t\t","protected":false},"excerpt":{"rendered":"<p>Aktuell NEUE 4\u201c TFT Modul Serie \u2013 Duplicate \u2013 [#4644] \u2022 Dezember 2, 2022 Wir bieten nun auch eine 4\u201c TFT Familie an mit verschiedenen Helligkeiten und Schnittstellen. Zur Wahl stehen die DSI (MIPI) Schnittstelle oder RGB-Schnittstelle und einer Helligkeit von 500cd\/1000cd und das Ganze in den Optionen ohne Touch, mit resistivem Touch oder kapazitivem&hellip;<\/p>\n","protected":false},"author":1,"featured_media":0,"parent":0,"menu_order":2,"comment_status":"closed","ping_status":"closed","template":"","meta":{"footnotes":""},"class_list":["post-381","page","type-page","status-publish","hentry"],"yoast_head":"<!-- This site is optimized with the Yoast SEO plugin v27.3 - https:\/\/yoast.com\/product\/yoast-seo-wordpress\/ -->\n<title>Display Elektronik GmbH - Aktuelle Informationen<\/title>\n<meta name=\"description\" content=\"Aktuelle Informationen zu LCDs, TFTs, OLEDs, e-Paper-Displays, LEDs, Touch Panels, Drehkn\u00f6pfen, Tastaturen und kundenspezifischen L\u00f6sungen.\" \/>\n<meta name=\"robots\" content=\"index, follow, max-snippet:-1, max-image-preview:large, max-video-preview:-1\" \/>\n<link rel=\"canonical\" href=\"https:\/\/display-elektronik.de\/de\/aktuell\/\" \/>\n<meta property=\"og:locale\" content=\"de_DE\" \/>\n<meta property=\"og:type\" content=\"article\" \/>\n<meta property=\"og:title\" content=\"Display Elektronik GmbH - Aktuelle Informationen\" \/>\n<meta property=\"og:description\" content=\"Aktuelle Informationen zu LCDs, TFTs, OLEDs, e-Paper-Displays, LEDs, Touch Panels, Drehkn\u00f6pfen, Tastaturen und kundenspezifischen L\u00f6sungen.\" \/>\n<meta property=\"og:url\" content=\"https:\/\/display-elektronik.de\/de\/aktuell\/\" \/>\n<meta property=\"og:site_name\" content=\"Display-Elektronik\" \/>\n<meta property=\"article:modified_time\" content=\"2023-01-12T13:07:18+00:00\" \/>\n<meta property=\"og:image\" content=\"https:\/\/display-elektronik.de\/wp-content\/uploads\/2022\/01\/4inch-TFT_News.jpg\" \/>\n<meta name=\"twitter:card\" content=\"summary_large_image\" \/>\n<meta name=\"twitter:label1\" content=\"Gesch\u00e4tzte Lesezeit\" \/>\n\t<meta name=\"twitter:data1\" content=\"3\u00a0Minuten\" \/>\n<script type=\"application\/ld+json\" class=\"yoast-schema-graph\">{\"@context\":\"https:\\\/\\\/schema.org\",\"@graph\":[{\"@type\":\"WebPage\",\"@id\":\"https:\\\/\\\/display-elektronik.de\\\/aktuell\\\/\",\"url\":\"https:\\\/\\\/display-elektronik.de\\\/aktuell\\\/\",\"name\":\"Display Elektronik GmbH - Aktuelle Informationen\",\"isPartOf\":{\"@id\":\"https:\\\/\\\/display-elektronik.de\\\/de\\\/#website\"},\"primaryImageOfPage\":{\"@id\":\"https:\\\/\\\/display-elektronik.de\\\/aktuell\\\/#primaryimage\"},\"image\":{\"@id\":\"https:\\\/\\\/display-elektronik.de\\\/aktuell\\\/#primaryimage\"},\"thumbnailUrl\":\"https:\\\/\\\/display-elektronik.de\\\/wp-content\\\/uploads\\\/2022\\\/01\\\/4inch-TFT_News.jpg\",\"datePublished\":\"2021-04-11T12:27:50+00:00\",\"dateModified\":\"2023-01-12T13:07:18+00:00\",\"description\":\"Aktuelle Informationen zu LCDs, TFTs, OLEDs, e-Paper-Displays, LEDs, Touch Panels, Drehkn\u00f6pfen, Tastaturen und kundenspezifischen L\u00f6sungen.\",\"breadcrumb\":{\"@id\":\"https:\\\/\\\/display-elektronik.de\\\/aktuell\\\/#breadcrumb\"},\"inLanguage\":\"de\",\"potentialAction\":[{\"@type\":\"ReadAction\",\"target\":[\"https:\\\/\\\/display-elektronik.de\\\/aktuell\\\/\"]}]},{\"@type\":\"ImageObject\",\"inLanguage\":\"de\",\"@id\":\"https:\\\/\\\/display-elektronik.de\\\/aktuell\\\/#primaryimage\",\"url\":\"https:\\\/\\\/display-elektronik.de\\\/wp-content\\\/uploads\\\/2022\\\/01\\\/4inch-TFT_News.jpg\",\"contentUrl\":\"https:\\\/\\\/display-elektronik.de\\\/wp-content\\\/uploads\\\/2022\\\/01\\\/4inch-TFT_News.jpg\"},{\"@type\":\"BreadcrumbList\",\"@id\":\"https:\\\/\\\/display-elektronik.de\\\/aktuell\\\/#breadcrumb\",\"itemListElement\":[{\"@type\":\"ListItem\",\"position\":1,\"name\":\"Startseite\",\"item\":\"https:\\\/\\\/display-elektronik.de\\\/de\\\/\"},{\"@type\":\"ListItem\",\"position\":2,\"name\":\"Aktuell\"}]},{\"@type\":\"WebSite\",\"@id\":\"https:\\\/\\\/display-elektronik.de\\\/de\\\/#website\",\"url\":\"https:\\\/\\\/display-elektronik.de\\\/de\\\/\",\"name\":\"Display-Elektronik\",\"description\":\"\",\"publisher\":{\"@id\":\"https:\\\/\\\/display-elektronik.de\\\/de\\\/#organization\"},\"potentialAction\":[{\"@type\":\"SearchAction\",\"target\":{\"@type\":\"EntryPoint\",\"urlTemplate\":\"https:\\\/\\\/display-elektronik.de\\\/de\\\/?s={search_term_string}\"},\"query-input\":{\"@type\":\"PropertyValueSpecification\",\"valueRequired\":true,\"valueName\":\"search_term_string\"}}],\"inLanguage\":\"de\"},{\"@type\":\"Organization\",\"@id\":\"https:\\\/\\\/display-elektronik.de\\\/de\\\/#organization\",\"name\":\"Display-Elektronik\",\"url\":\"https:\\\/\\\/display-elektronik.de\\\/de\\\/\",\"logo\":{\"@type\":\"ImageObject\",\"inLanguage\":\"de\",\"@id\":\"https:\\\/\\\/display-elektronik.de\\\/de\\\/#\\\/schema\\\/logo\\\/image\\\/\",\"url\":\"https:\\\/\\\/display-elektronik.de\\\/wp-content\\\/uploads\\\/2021\\\/04\\\/logo-display.svg\",\"contentUrl\":\"https:\\\/\\\/display-elektronik.de\\\/wp-content\\\/uploads\\\/2021\\\/04\\\/logo-display.svg\",\"caption\":\"Display-Elektronik\"},\"image\":{\"@id\":\"https:\\\/\\\/display-elektronik.de\\\/de\\\/#\\\/schema\\\/logo\\\/image\\\/\"}}]}<\/script>\n<!-- \/ Yoast SEO plugin. -->","yoast_head_json":{"title":"Display Elektronik GmbH - Aktuelle Informationen","description":"Aktuelle Informationen zu LCDs, TFTs, OLEDs, e-Paper-Displays, LEDs, Touch Panels, Drehkn\u00f6pfen, Tastaturen und kundenspezifischen L\u00f6sungen.","robots":{"index":"index","follow":"follow","max-snippet":"max-snippet:-1","max-image-preview":"max-image-preview:large","max-video-preview":"max-video-preview:-1"},"canonical":"https:\/\/display-elektronik.de\/de\/aktuell\/","og_locale":"de_DE","og_type":"article","og_title":"Display Elektronik GmbH - Aktuelle Informationen","og_description":"Aktuelle Informationen zu LCDs, TFTs, OLEDs, e-Paper-Displays, LEDs, Touch Panels, Drehkn\u00f6pfen, Tastaturen und kundenspezifischen L\u00f6sungen.","og_url":"https:\/\/display-elektronik.de\/de\/aktuell\/","og_site_name":"Display-Elektronik","article_modified_time":"2023-01-12T13:07:18+00:00","og_image":[{"url":"https:\/\/display-elektronik.de\/wp-content\/uploads\/2022\/01\/4inch-TFT_News.jpg","type":"","width":"","height":""}],"twitter_card":"summary_large_image","twitter_misc":{"Gesch\u00e4tzte Lesezeit":"3\u00a0Minuten"},"schema":{"@context":"https:\/\/schema.org","@graph":[{"@type":"WebPage","@id":"https:\/\/display-elektronik.de\/aktuell\/","url":"https:\/\/display-elektronik.de\/aktuell\/","name":"Display Elektronik GmbH - Aktuelle Informationen","isPartOf":{"@id":"https:\/\/display-elektronik.de\/de\/#website"},"primaryImageOfPage":{"@id":"https:\/\/display-elektronik.de\/aktuell\/#primaryimage"},"image":{"@id":"https:\/\/display-elektronik.de\/aktuell\/#primaryimage"},"thumbnailUrl":"https:\/\/display-elektronik.de\/wp-content\/uploads\/2022\/01\/4inch-TFT_News.jpg","datePublished":"2021-04-11T12:27:50+00:00","dateModified":"2023-01-12T13:07:18+00:00","description":"Aktuelle Informationen zu LCDs, TFTs, OLEDs, e-Paper-Displays, LEDs, Touch Panels, Drehkn\u00f6pfen, Tastaturen und kundenspezifischen L\u00f6sungen.","breadcrumb":{"@id":"https:\/\/display-elektronik.de\/aktuell\/#breadcrumb"},"inLanguage":"de","potentialAction":[{"@type":"ReadAction","target":["https:\/\/display-elektronik.de\/aktuell\/"]}]},{"@type":"ImageObject","inLanguage":"de","@id":"https:\/\/display-elektronik.de\/aktuell\/#primaryimage","url":"https:\/\/display-elektronik.de\/wp-content\/uploads\/2022\/01\/4inch-TFT_News.jpg","contentUrl":"https:\/\/display-elektronik.de\/wp-content\/uploads\/2022\/01\/4inch-TFT_News.jpg"},{"@type":"BreadcrumbList","@id":"https:\/\/display-elektronik.de\/aktuell\/#breadcrumb","itemListElement":[{"@type":"ListItem","position":1,"name":"Startseite","item":"https:\/\/display-elektronik.de\/de\/"},{"@type":"ListItem","position":2,"name":"Aktuell"}]},{"@type":"WebSite","@id":"https:\/\/display-elektronik.de\/de\/#website","url":"https:\/\/display-elektronik.de\/de\/","name":"Display-Elektronik","description":"","publisher":{"@id":"https:\/\/display-elektronik.de\/de\/#organization"},"potentialAction":[{"@type":"SearchAction","target":{"@type":"EntryPoint","urlTemplate":"https:\/\/display-elektronik.de\/de\/?s={search_term_string}"},"query-input":{"@type":"PropertyValueSpecification","valueRequired":true,"valueName":"search_term_string"}}],"inLanguage":"de"},{"@type":"Organization","@id":"https:\/\/display-elektronik.de\/de\/#organization","name":"Display-Elektronik","url":"https:\/\/display-elektronik.de\/de\/","logo":{"@type":"ImageObject","inLanguage":"de","@id":"https:\/\/display-elektronik.de\/de\/#\/schema\/logo\/image\/","url":"https:\/\/display-elektronik.de\/wp-content\/uploads\/2021\/04\/logo-display.svg","contentUrl":"https:\/\/display-elektronik.de\/wp-content\/uploads\/2021\/04\/logo-display.svg","caption":"Display-Elektronik"},"image":{"@id":"https:\/\/display-elektronik.de\/de\/#\/schema\/logo\/image\/"}}]}},"_links":{"self":[{"href":"https:\/\/display-elektronik.de\/de\/wp-json\/wp\/v2\/pages\/381","targetHints":{"allow":["GET"]}}],"collection":[{"href":"https:\/\/display-elektronik.de\/de\/wp-json\/wp\/v2\/pages"}],"about":[{"href":"https:\/\/display-elektronik.de\/de\/wp-json\/wp\/v2\/types\/page"}],"author":[{"embeddable":true,"href":"https:\/\/display-elektronik.de\/de\/wp-json\/wp\/v2\/users\/1"}],"replies":[{"embeddable":true,"href":"https:\/\/display-elektronik.de\/de\/wp-json\/wp\/v2\/comments?post=381"}],"version-history":[{"count":0,"href":"https:\/\/display-elektronik.de\/de\/wp-json\/wp\/v2\/pages\/381\/revisions"}],"wp:attachment":[{"href":"https:\/\/display-elektronik.de\/de\/wp-json\/wp\/v2\/media?parent=381"}],"curies":[{"name":"wp","href":"https:\/\/api.w.org\/{rel}","templated":true}]}}