{"id":3,"date":"2021-04-09T14:38:34","date_gmt":"2021-04-09T14:38:34","guid":{"rendered":"http:\/\/relaunch.display-elektronik.de\/?page_id=3"},"modified":"2023-01-12T15:02:52","modified_gmt":"2023-01-12T15:02:52","slug":"privacy-policy","status":"publish","type":"page","link":"https:\/\/display-elektronik.de\/de\/privacy-policy\/","title":{"rendered":"Datenschutz"},"content":{"rendered":"\t\t<div data-elementor-type=\"wp-page\" data-elementor-id=\"3\" class=\"elementor elementor-3\">\n\t\t\t\t\t\t<main class=\"elementor-section elementor-top-section elementor-element elementor-element-d45a232 elementor-section-height-min-height elementor-reverse-mobile elementor-section-full_width elementor-section-stretched elementor-section-height-default elementor-section-items-middle\" data-id=\"d45a232\" data-element_type=\"section\" data-e-type=\"section\" data-settings=\"{&quot;background_background&quot;:&quot;classic&quot;,&quot;stretch_section&quot;:&quot;section-stretched&quot;}\">\n\t\t\t\t\t\t<div class=\"elementor-container elementor-column-gap-default\">\n\t\t\t\t\t<div class=\"elementor-column elementor-col-100 elementor-top-column elementor-element elementor-element-f23f91e\" data-id=\"f23f91e\" data-element_type=\"column\" data-e-type=\"column\">\n\t\t\t<div class=\"elementor-widget-wrap\">\n\t\t\t\t\t\t\t<\/div>\n\t\t<\/div>\n\t\t\t\t\t<\/div>\n\t\t<\/main>\n\t\t\t\t<section class=\"elementor-section elementor-top-section elementor-element elementor-element-f22ee64 elementor-section-boxed elementor-section-height-default elementor-section-height-default\" data-id=\"f22ee64\" data-element_type=\"section\" data-e-type=\"section\">\n\t\t\t\t\t\t<div class=\"elementor-container elementor-column-gap-default\">\n\t\t\t\t\t<div class=\"elementor-column elementor-col-100 elementor-top-column elementor-element elementor-element-2204c3b\" data-id=\"2204c3b\" data-element_type=\"column\" data-e-type=\"column\">\n\t\t\t<div class=\"elementor-widget-wrap elementor-element-populated\">\n\t\t\t\t\t\t<div class=\"elementor-element elementor-element-517bf39 elementor-widget elementor-widget-spacer\" data-id=\"517bf39\" data-element_type=\"widget\" data-e-type=\"widget\" data-widget_type=\"spacer.default\">\n\t\t\t\t<div class=\"elementor-widget-container\">\n\t\t\t\t\t\t\t<div class=\"elementor-spacer\">\n\t\t\t<div class=\"elementor-spacer-inner\"><\/div>\n\t\t<\/div>\n\t\t\t\t\t\t<\/div>\n\t\t\t\t<\/div>\n\t\t\t\t<div class=\"elementor-element elementor-element-192c124 elementor-widget elementor-widget-heading\" data-id=\"192c124\" data-element_type=\"widget\" data-e-type=\"widget\" data-widget_type=\"heading.default\">\n\t\t\t\t<div class=\"elementor-widget-container\">\n\t\t\t\t\t<h1 class=\"elementor-heading-title elementor-size-default\">Datenschutz<\/h1>\t\t\t\t<\/div>\n\t\t\t\t<\/div>\n\t\t\t\t<div class=\"elementor-element elementor-element-9320688 elementor-widget elementor-widget-spacer\" data-id=\"9320688\" data-element_type=\"widget\" data-e-type=\"widget\" data-widget_type=\"spacer.default\">\n\t\t\t\t<div class=\"elementor-widget-container\">\n\t\t\t\t\t\t\t<div class=\"elementor-spacer\">\n\t\t\t<div class=\"elementor-spacer-inner\"><\/div>\n\t\t<\/div>\n\t\t\t\t\t\t<\/div>\n\t\t\t\t<\/div>\n\t\t\t\t\t<\/div>\n\t\t<\/div>\n\t\t\t\t\t<\/div>\n\t\t<\/section>\n\t\t\t\t<section class=\"elementor-section elementor-top-section elementor-element elementor-element-e0bec99 elementor-section-boxed elementor-section-height-default elementor-section-height-default\" data-id=\"e0bec99\" data-element_type=\"section\" data-e-type=\"section\">\n\t\t\t\t\t\t<div class=\"elementor-container elementor-column-gap-default\">\n\t\t\t\t\t<div class=\"elementor-column elementor-col-100 elementor-top-column elementor-element elementor-element-3b443674\" data-id=\"3b443674\" data-element_type=\"column\" data-e-type=\"column\">\n\t\t\t<div class=\"elementor-widget-wrap elementor-element-populated\">\n\t\t\t\t\t\t<div class=\"elementor-element elementor-element-6ef0dfb5 elementor-widget elementor-widget-text-editor\" data-id=\"6ef0dfb5\" data-element_type=\"widget\" data-e-type=\"widget\" data-widget_type=\"text-editor.default\">\n\t\t\t\t<div class=\"elementor-widget-container\">\n\t\t\t\t\t\t\t\t\t<h3>Datenschutzbestimmungen<\/h3><p>Wir freuen uns sehr an Ihrem Interesse an unserem Unternehmen. Datenschutz hat einen besonders hohen Stellenwert in unserem Unternehmen. Eine Nutzung unserer Internetseiten ist prinzipiell ohne jede Angabe von personenbezogenen Daten m\u00f6glich. Sofern eine betroffene Person besondere Services (z.B. Newsletter) in Anspruch nehmen m\u00f6chte, k\u00f6nnte jedoch die Verarbeitung personenbezogener Datenerforderlich werden.<\/p><h3><strong><br \/>Geltungsbereich<\/strong><\/h3><p>Wir sind stets in Ihrem Interesse auf Schutz Ihrer Daten bedacht. Die Nutzung unserer Seite ist ohne eine Angabe von personenbezogenen Daten m\u00f6glich. F\u00fcr die Nutzung einzelner Services unserer Seite k\u00f6nnen sich hierf\u00fcr abweichende Regelungen ergeben, die in diesem Falle nachstehend gesondert erl\u00e4utert werden. Ihre personenbezogenen Daten (z.B. Firma, Anrede, Abteilung, Name, Anschrift, E-Mail, Telefonnummer u.\u00e4.) werden von uns nur gem\u00e4\u00df den Bestimmungen des deutschen Datenschutzrechts verarbeitet. Daten sind dann personenbezogen, wenn sie eindeutig einer bestimmten nat\u00fcrlichen Person zugeordnet werden k\u00f6nnen. Die rechtlichen Grundlagen des Datenschutzes finden Sie im Bundesdatenschutzgesetz (BDSG) und dem Telemediengesetz (TMG). Nachstehende Regelungen informieren Sie insoweit \u00fcber die Art, den Umfang und Zweck der Erhebung, die Nutzung und die Verarbeitung von personenbezogenen Daten durch den Anbieter Display Elektronik GmbH, Am Rauner Graben 15, 63667 Nidda, <a href=\"https:\/\/display-elektronik.de\/\">www.display-elektronik.de<\/a><\/p><p>Wir weisen darauf hin, dass die internetbasierte Daten\u00fcbertragung Sicherheitsl\u00fccken aufweist, ein l\u00fcckenloser Schutz vor Zugriffen durch Dritte somit unm\u00f6glich ist.<\/p><h3><strong><br \/>Newsletter<\/strong><\/h3><p>Wir bieten Ihnen auf unserer Seite die M\u00f6glichkeit, unseren Newsletter zu abonnieren. Mit diesem Newsletter informieren wir in unregelm\u00e4\u00dfigen Abst\u00e4nden \u00fcber unsere Angebote. Um unseren Newsletter empfangen zu k\u00f6nnen, ben\u00f6tigen Sie eine g\u00fcltige E-Mailadresse. Die von Ihnen eingetragene E-Mail-Adresse werden wir dahingehend \u00fcberpr\u00fcfen, ob Sie tats\u00e4chlich der Inhaber der angegebenen E-Mail-Adresse sind bzw. deren Inhaber den Empfang des Newsletters autorisiert ist. Mit Ihrer Anmeldung zu unserem Newsletter werden wir Ihre Firma, Vornamen und Nachnamen, sowie Ihre IP-Adresse und das Datum sowie die Uhrzeit Ihrer Anmeldung speichern. Dies dient in dem Fall, dass ein Dritter Ihre E-Mail-Adresse missbraucht und ohne Ihr Wissen unseren Newsletter abonniert, als Absicherung unsererseits. Weitere Daten werden unsererseits nicht erhoben. Die so erhobenen Daten werden ausschlie\u00dflich f\u00fcr den Bezug unseres Newsletters verwendet. Eine Weitergabe an Dritte erfolgt nicht. Ein Abgleich der so erhobenen Daten mit Daten, die m\u00f6glicherweise durch andere Komponenten unserer Seite erhoben werden, erfolgt ebenfalls nicht. Das Abonnement dieses Newsletters k\u00f6nnen Sie jederzeit k\u00fcndigen. Einzelheiten hierzu k\u00f6nnen Sie der Best\u00e4tigungsmail sowie jedem einzelnen Newsletter entnehmen.<br \/>Ihre Einwilligung zur Speicherung der Daten sowie deren Nutzung im Zusammenhang mit dem Versand des Newsletters k\u00f6nnen Sie jederzeit widerrufen. Der Widerruf kann \u00fcber einen Link in den Newslettern selbst oder per Mitteilung an die im Impressum stehenden Kontaktm\u00f6glichkeiten erfolgen.<\/p><h3><strong><br \/>Kontaktm\u00f6glichkeit<\/strong><\/h3><p>Wir bieten Ihnen auf unserer Seite die M\u00f6glichkeit mit uns per E-Mail in Verbindung zu treten. In diesem Fall werden die vom Nutzer gemachten Angaben zum Zwecke der Bearbeitung seiner Kontaktaufnahme gespeichert. Eine Weitergabe an Dritte erfolgt nicht. Ein Abgleich der so erhobenen Daten mit Daten, die m\u00f6glicherweise durch andere Komponenten unserer Seite erhoben werden, erfolgt ebenfalls nicht.<\/p><h3><strong>Ausnahmen<\/strong><\/h3><p>Ausnahmen k\u00f6nnen sich im Rahmen von gesetzlichen Bestimmungen ergeben, aufgrund derer eine Zusammenarbeit mit den Strafverfolgungsbeh\u00f6rden oder sonstigen staatlichen Einrichtungen erforderlich wird oder bei dem konkreten Verdacht einer missbr\u00e4uchlichen Nutzung unserer Website, die gegen die Nutzungsbedingungen oder andere vertragliche Verpflichtungen bzw. gesetzliche Bestimmungen verst\u00f6\u00dft.<br \/>Weiterhin ergeben sich Ausnahmen, die aufgrund der Durchf\u00fchrung Ihres Auftrags an sich ergeben.<br \/>In diesem Fall behalten wir uns vor ggf. erforderliche Daten die zur Durchf\u00fchrung des Auftrags sind, an Dienstleister zwecks Identit\u00e4tspr\u00fcfung, Bonit\u00e4tspr\u00fcfung, \u00dcbermittlung an Transportdienstleister und falls erforderlich Inkassodienstleister zu \u00fcbermitteln. Die Verarbeitung Ihrer Daten im Rahmen der Durchf\u00fchrung des Auftrags erfolgt auf Basis von Art.6 Abs.1 Buchstabe b) DSGVO und Art.6 Abs.1 Buchstabe f)<\/p><h3><strong>Auskunft\/Widerruf\/L\u00f6schung<\/strong><\/h3><p>Sie k\u00f6nnen sich aufgrund des Bundesdatenschutzgesetzes bei Fragen zur Erhebung, Verarbeitung oder Nutzung Ihrer personenbezogenen Daten und deren Berichtigung, Sperrung, L\u00f6schung oder einem Widerruf einer erteilten Einwilligung unentgeltlich an uns wenden. Wir weisen darauf hin, dass Ihnen ein Recht auf Berichtigung falscher Daten oder L\u00f6schung personenbezogener Daten zusteht, sollte diesem Anspruch keine gesetzliche Aufbewahrungspflicht entgegenstehen.<\/p><h3><strong><br \/>\u00c4nderungen der Datenschutzbestimmungen<\/strong><\/h3><p>Wir behalten uns vor, diese Datenschutzbestimmungen jederzeit zu \u00e4ndern, wenn \u00c4nderungen aufgrund von nachtr\u00e4glich erkannten Regelungsl\u00fccken, im Hinblick auf neue von uns bereitgestellte Funktionen oder durch neue gesetzliche Bestimmungen erforderlich werden.<\/p>\t\t\t\t\t\t\t\t<\/div>\n\t\t\t\t<\/div>\n\t\t\t\t\t<\/div>\n\t\t<\/div>\n\t\t\t\t\t<\/div>\n\t\t<\/section>\n\t\t\t\t<\/div>\n\t\t","protected":false},"excerpt":{"rendered":"<p>Datenschutz Datenschutzbestimmungen Wir freuen uns sehr an Ihrem Interesse an unserem Unternehmen. Datenschutz hat einen besonders hohen Stellenwert in unserem Unternehmen. Eine Nutzung unserer Internetseiten ist prinzipiell ohne jede Angabe von personenbezogenen Daten m\u00f6glich. Sofern eine betroffene Person besondere Services (z.B. Newsletter) in Anspruch nehmen m\u00f6chte, k\u00f6nnte jedoch die Verarbeitung personenbezogener Datenerforderlich werden. Geltungsbereich Wir&hellip;<\/p>\n","protected":false},"author":1,"featured_media":0,"parent":0,"menu_order":7,"comment_status":"closed","ping_status":"closed","template":"","meta":{"footnotes":""},"class_list":["post-3","page","type-page","status-publish","hentry"],"yoast_head":"<!-- This site is optimized with the Yoast SEO plugin v27.3 - https:\/\/yoast.com\/product\/yoast-seo-wordpress\/ -->\n<title>Display Elektronik GmbH \u2013 Datenschutz<\/title>\n<meta name=\"description\" content=\"Datenschutzbestimmungen der Display Elektronik GmbH\" \/>\n<meta name=\"robots\" content=\"index, follow, max-snippet:-1, max-image-preview:large, max-video-preview:-1\" \/>\n<link rel=\"canonical\" href=\"https:\/\/display-elektronik.de\/de\/privacy-policy\/\" \/>\n<meta property=\"og:locale\" content=\"de_DE\" \/>\n<meta property=\"og:type\" content=\"article\" \/>\n<meta property=\"og:title\" content=\"Display Elektronik GmbH \u2013 Datenschutz\" \/>\n<meta property=\"og:description\" content=\"Datenschutzbestimmungen der Display Elektronik GmbH\" \/>\n<meta property=\"og:url\" content=\"https:\/\/display-elektronik.de\/de\/privacy-policy\/\" \/>\n<meta property=\"og:site_name\" content=\"Display-Elektronik\" \/>\n<meta property=\"article:modified_time\" content=\"2023-01-12T15:02:52+00:00\" \/>\n<meta name=\"twitter:card\" content=\"summary_large_image\" \/>\n<meta name=\"twitter:label1\" content=\"Gesch\u00e4tzte Lesezeit\" \/>\n\t<meta name=\"twitter:data1\" content=\"4\u00a0Minuten\" \/>\n<script type=\"application\/ld+json\" class=\"yoast-schema-graph\">{\"@context\":\"https:\\\/\\\/schema.org\",\"@graph\":[{\"@type\":\"WebPage\",\"@id\":\"https:\\\/\\\/display-elektronik.de\\\/privacy-policy\\\/\",\"url\":\"https:\\\/\\\/display-elektronik.de\\\/privacy-policy\\\/\",\"name\":\"Display Elektronik GmbH \u2013 Datenschutz\",\"isPartOf\":{\"@id\":\"https:\\\/\\\/display-elektronik.de\\\/de\\\/#website\"},\"datePublished\":\"2021-04-09T14:38:34+00:00\",\"dateModified\":\"2023-01-12T15:02:52+00:00\",\"description\":\"Datenschutzbestimmungen der Display Elektronik GmbH\",\"breadcrumb\":{\"@id\":\"https:\\\/\\\/display-elektronik.de\\\/privacy-policy\\\/#breadcrumb\"},\"inLanguage\":\"de\",\"potentialAction\":[{\"@type\":\"ReadAction\",\"target\":[\"https:\\\/\\\/display-elektronik.de\\\/privacy-policy\\\/\"]}]},{\"@type\":\"BreadcrumbList\",\"@id\":\"https:\\\/\\\/display-elektronik.de\\\/privacy-policy\\\/#breadcrumb\",\"itemListElement\":[{\"@type\":\"ListItem\",\"position\":1,\"name\":\"Startseite\",\"item\":\"https:\\\/\\\/display-elektronik.de\\\/de\\\/\"},{\"@type\":\"ListItem\",\"position\":2,\"name\":\"Datenschutz\"}]},{\"@type\":\"WebSite\",\"@id\":\"https:\\\/\\\/display-elektronik.de\\\/de\\\/#website\",\"url\":\"https:\\\/\\\/display-elektronik.de\\\/de\\\/\",\"name\":\"Display-Elektronik\",\"description\":\"\",\"publisher\":{\"@id\":\"https:\\\/\\\/display-elektronik.de\\\/de\\\/#organization\"},\"potentialAction\":[{\"@type\":\"SearchAction\",\"target\":{\"@type\":\"EntryPoint\",\"urlTemplate\":\"https:\\\/\\\/display-elektronik.de\\\/de\\\/?s={search_term_string}\"},\"query-input\":{\"@type\":\"PropertyValueSpecification\",\"valueRequired\":true,\"valueName\":\"search_term_string\"}}],\"inLanguage\":\"de\"},{\"@type\":\"Organization\",\"@id\":\"https:\\\/\\\/display-elektronik.de\\\/de\\\/#organization\",\"name\":\"Display-Elektronik\",\"url\":\"https:\\\/\\\/display-elektronik.de\\\/de\\\/\",\"logo\":{\"@type\":\"ImageObject\",\"inLanguage\":\"de\",\"@id\":\"https:\\\/\\\/display-elektronik.de\\\/de\\\/#\\\/schema\\\/logo\\\/image\\\/\",\"url\":\"https:\\\/\\\/display-elektronik.de\\\/wp-content\\\/uploads\\\/2021\\\/04\\\/logo-display.svg\",\"contentUrl\":\"https:\\\/\\\/display-elektronik.de\\\/wp-content\\\/uploads\\\/2021\\\/04\\\/logo-display.svg\",\"caption\":\"Display-Elektronik\"},\"image\":{\"@id\":\"https:\\\/\\\/display-elektronik.de\\\/de\\\/#\\\/schema\\\/logo\\\/image\\\/\"}}]}<\/script>\n<!-- \/ Yoast SEO plugin. -->","yoast_head_json":{"title":"Display Elektronik GmbH \u2013 Datenschutz","description":"Datenschutzbestimmungen der Display Elektronik GmbH","robots":{"index":"index","follow":"follow","max-snippet":"max-snippet:-1","max-image-preview":"max-image-preview:large","max-video-preview":"max-video-preview:-1"},"canonical":"https:\/\/display-elektronik.de\/de\/privacy-policy\/","og_locale":"de_DE","og_type":"article","og_title":"Display Elektronik GmbH \u2013 Datenschutz","og_description":"Datenschutzbestimmungen der Display Elektronik GmbH","og_url":"https:\/\/display-elektronik.de\/de\/privacy-policy\/","og_site_name":"Display-Elektronik","article_modified_time":"2023-01-12T15:02:52+00:00","twitter_card":"summary_large_image","twitter_misc":{"Gesch\u00e4tzte Lesezeit":"4\u00a0Minuten"},"schema":{"@context":"https:\/\/schema.org","@graph":[{"@type":"WebPage","@id":"https:\/\/display-elektronik.de\/privacy-policy\/","url":"https:\/\/display-elektronik.de\/privacy-policy\/","name":"Display Elektronik GmbH \u2013 Datenschutz","isPartOf":{"@id":"https:\/\/display-elektronik.de\/de\/#website"},"datePublished":"2021-04-09T14:38:34+00:00","dateModified":"2023-01-12T15:02:52+00:00","description":"Datenschutzbestimmungen der Display Elektronik GmbH","breadcrumb":{"@id":"https:\/\/display-elektronik.de\/privacy-policy\/#breadcrumb"},"inLanguage":"de","potentialAction":[{"@type":"ReadAction","target":["https:\/\/display-elektronik.de\/privacy-policy\/"]}]},{"@type":"BreadcrumbList","@id":"https:\/\/display-elektronik.de\/privacy-policy\/#breadcrumb","itemListElement":[{"@type":"ListItem","position":1,"name":"Startseite","item":"https:\/\/display-elektronik.de\/de\/"},{"@type":"ListItem","position":2,"name":"Datenschutz"}]},{"@type":"WebSite","@id":"https:\/\/display-elektronik.de\/de\/#website","url":"https:\/\/display-elektronik.de\/de\/","name":"Display-Elektronik","description":"","publisher":{"@id":"https:\/\/display-elektronik.de\/de\/#organization"},"potentialAction":[{"@type":"SearchAction","target":{"@type":"EntryPoint","urlTemplate":"https:\/\/display-elektronik.de\/de\/?s={search_term_string}"},"query-input":{"@type":"PropertyValueSpecification","valueRequired":true,"valueName":"search_term_string"}}],"inLanguage":"de"},{"@type":"Organization","@id":"https:\/\/display-elektronik.de\/de\/#organization","name":"Display-Elektronik","url":"https:\/\/display-elektronik.de\/de\/","logo":{"@type":"ImageObject","inLanguage":"de","@id":"https:\/\/display-elektronik.de\/de\/#\/schema\/logo\/image\/","url":"https:\/\/display-elektronik.de\/wp-content\/uploads\/2021\/04\/logo-display.svg","contentUrl":"https:\/\/display-elektronik.de\/wp-content\/uploads\/2021\/04\/logo-display.svg","caption":"Display-Elektronik"},"image":{"@id":"https:\/\/display-elektronik.de\/de\/#\/schema\/logo\/image\/"}}]}},"_links":{"self":[{"href":"https:\/\/display-elektronik.de\/de\/wp-json\/wp\/v2\/pages\/3","targetHints":{"allow":["GET"]}}],"collection":[{"href":"https:\/\/display-elektronik.de\/de\/wp-json\/wp\/v2\/pages"}],"about":[{"href":"https:\/\/display-elektronik.de\/de\/wp-json\/wp\/v2\/types\/page"}],"author":[{"embeddable":true,"href":"https:\/\/display-elektronik.de\/de\/wp-json\/wp\/v2\/users\/1"}],"replies":[{"embeddable":true,"href":"https:\/\/display-elektronik.de\/de\/wp-json\/wp\/v2\/comments?post=3"}],"version-history":[{"count":0,"href":"https:\/\/display-elektronik.de\/de\/wp-json\/wp\/v2\/pages\/3\/revisions"}],"wp:attachment":[{"href":"https:\/\/display-elektronik.de\/de\/wp-json\/wp\/v2\/media?parent=3"}],"curies":[{"name":"wp","href":"https:\/\/api.w.org\/{rel}","templated":true}]}}