{"id":2996,"date":"2021-05-20T12:24:21","date_gmt":"2021-05-20T12:24:21","guid":{"rendered":"http:\/\/relaunch.display-elektronik.de\/?page_id=2996"},"modified":"2023-01-12T14:25:54","modified_gmt":"2023-01-12T14:25:54","slug":"touch-panels","status":"publish","type":"page","link":"https:\/\/display-elektronik.de\/de\/produkte\/touch-panels\/","title":{"rendered":"Touch Panels"},"content":{"rendered":"\t\t<div data-elementor-type=\"wp-page\" data-elementor-id=\"2996\" class=\"elementor elementor-2996\">\n\t\t\t\t\t\t<main class=\"elementor-section elementor-top-section elementor-element elementor-element-6754940 elementor-section-height-min-height elementor-reverse-mobile elementor-section-full_width elementor-section-stretched elementor-section-height-default elementor-section-items-middle\" data-id=\"6754940\" data-element_type=\"section\" data-e-type=\"section\" data-settings=\"{&quot;background_background&quot;:&quot;classic&quot;,&quot;stretch_section&quot;:&quot;section-stretched&quot;}\">\n\t\t\t\t\t\t<div class=\"elementor-container elementor-column-gap-default\">\n\t\t\t\t\t<div class=\"elementor-column elementor-col-100 elementor-top-column elementor-element elementor-element-f0d43a3\" data-id=\"f0d43a3\" data-element_type=\"column\" data-e-type=\"column\">\n\t\t\t<div class=\"elementor-widget-wrap\">\n\t\t\t\t\t\t\t<\/div>\n\t\t<\/div>\n\t\t\t\t\t<\/div>\n\t\t<\/main>\n\t\t\t\t<main class=\"elementor-section elementor-top-section elementor-element elementor-element-7d2c339 elementor-reverse-mobile elementor-section-stretched elementor-section-boxed elementor-section-height-default elementor-section-height-default\" data-id=\"7d2c339\" data-element_type=\"section\" data-e-type=\"section\" data-settings=\"{&quot;background_background&quot;:&quot;classic&quot;,&quot;stretch_section&quot;:&quot;section-stretched&quot;}\">\n\t\t\t\t\t\t<div class=\"elementor-container elementor-column-gap-default\">\n\t\t\t\t\t<div class=\"elementor-column elementor-col-50 elementor-top-column elementor-element elementor-element-efa2d1e\" data-id=\"efa2d1e\" data-element_type=\"column\" data-e-type=\"column\">\n\t\t\t<div class=\"elementor-widget-wrap elementor-element-populated\">\n\t\t\t\t\t\t<div class=\"elementor-element elementor-element-867075e elementor-widget elementor-widget-spacer\" data-id=\"867075e\" data-element_type=\"widget\" data-e-type=\"widget\" data-widget_type=\"spacer.default\">\n\t\t\t\t<div class=\"elementor-widget-container\">\n\t\t\t\t\t\t\t<div class=\"elementor-spacer\">\n\t\t\t<div class=\"elementor-spacer-inner\"><\/div>\n\t\t<\/div>\n\t\t\t\t\t\t<\/div>\n\t\t\t\t<\/div>\n\t\t\t\t<div class=\"elementor-element elementor-element-91bf1cc elementor-widget elementor-widget-heading\" data-id=\"91bf1cc\" data-element_type=\"widget\" data-e-type=\"widget\" data-widget_type=\"heading.default\">\n\t\t\t\t<div class=\"elementor-widget-container\">\n\t\t\t\t\t<h1 class=\"elementor-heading-title elementor-size-default\">Kundenspezifische Touch Panels<\/h1>\t\t\t\t<\/div>\n\t\t\t\t<\/div>\n\t\t\t\t<div class=\"elementor-element elementor-element-f0e0788 elementor-widget elementor-widget-text-editor\" data-id=\"f0e0788\" data-element_type=\"widget\" data-e-type=\"widget\" data-widget_type=\"text-editor.default\">\n\t\t\t\t<div class=\"elementor-widget-container\">\n\t\t\t\t\t\t\t\t\t<ul><li>Als langj\u00e4hriger Partner der weiterverarbeitenden Industrie sind wir auf kundenspezifische L\u00f6sungen spezialisiert. Wir bieten eine umfangreiche Unterst\u00fctzung f\u00fcr kundenspezifische Entwicklungen von einer Touch Panel Komponente bis hin zu einem kompletten TFT mit integriertem Touch Glas und integriertem Touch-Treiber IC.<\/li><li>Der intensive Informationsaustausch mit unseren Kunden bereits in der Fr\u00fchphase f\u00fchrt zu optimalen Ergebnissen, da wir zum fr\u00fchen Zeitpunkt in die Entwicklung bereits eingebunden werden und ggf. Empfehlungen geben k\u00f6nnen, die man sonst nicht unbedingt bekommt.<\/li><li>Wir gliedern eine kundenspezifische Entwicklung in getrennte Abschnitte, die jeweils von unseren Kunden freigegeben werden m\u00fcssen, bevor wir den n\u00e4chsten Schritt unternehmen. Dieses Verfahren hat sich als sehr effizient erwiesen, da es sicherstellt, dass der Kunde die volle Kontrolle der einzelnen Schritte beh\u00e4lt und der jeweilige Entwicklungsstand f\u00fcr alle Beteiligten klar auf der Hand liegt.<\/li><li>Auf Wunsch und bei stetig laufendem Projekt halten wir Zwischenmengen von gepr\u00fcfter Ware zum sofortigen Versand bereit. Dies resultiert in einer deutlich besseren Verf\u00fcgbarkeit und Flexibilit\u00e4t gegen\u00fcber dem Kunden.<\/li><li>Kundenspezifische L\u00f6sungen k\u00f6nnen bereits bei kleinen bis mittleren St\u00fcckzahlen zu \u00f6konomischen Preisen realisiert werden.<\/li><li>Wir k\u00f6nnen folgende Technologien anbieten: 4-Draht-Resistiver Touch (4WR-TP), 5-Draht-Resistiver Touch (5WR-TP), Kapazitiver Touch mit und ohne OCA (und andere)<\/li><li>Als optisches Bonding verwenden wir sehr h\u00e4ufig das sog. Frame Bonding &#8211; k\u00f6nnen aber auch das Film OCA (F-OCA) oder Liquid OCA (L-OCA) realisieren (Je nach Anwendungsfall)<\/li><li>In den meisten F\u00e4llen ist eine Realisierung des Touch in Kombination mit einem TFT Display erw\u00fcnscht, da die Aufbringung des Touch idealerweise in Reinraumbedingungen geschehen sollte.<\/li><\/ul><p><strong>\u00dcber Ihre Anfrage w\u00fcrden wir uns sehr freuen \u2013 gerne unterst\u00fctzen wir Sie!<\/strong><\/p>\t\t\t\t\t\t\t\t<\/div>\n\t\t\t\t<\/div>\n\t\t\t\t\t<\/div>\n\t\t<\/div>\n\t\t\t\t<div class=\"elementor-column elementor-col-50 elementor-top-column elementor-element elementor-element-f785c8a\" data-id=\"f785c8a\" data-element_type=\"column\" data-e-type=\"column\">\n\t\t\t<div class=\"elementor-widget-wrap elementor-element-populated\">\n\t\t\t\t\t\t<div class=\"elementor-element elementor-element-2681e44 elementor-widget elementor-widget-image-carousel\" data-id=\"2681e44\" data-element_type=\"widget\" data-e-type=\"widget\" data-settings=\"{&quot;navigation&quot;:&quot;none&quot;,&quot;slides_to_show&quot;:&quot;1&quot;,&quot;effect&quot;:&quot;fade&quot;,&quot;speed&quot;:3000,&quot;slides_to_show_tablet&quot;:&quot;1&quot;,&quot;autoplay&quot;:&quot;yes&quot;,&quot;pause_on_hover&quot;:&quot;yes&quot;,&quot;pause_on_interaction&quot;:&quot;yes&quot;,&quot;autoplay_speed&quot;:5000,&quot;infinite&quot;:&quot;yes&quot;}\" data-widget_type=\"image-carousel.default\">\n\t\t\t\t<div class=\"elementor-widget-container\">\n\t\t\t\t\t\t\t<div class=\"elementor-image-carousel-wrapper swiper\" role=\"region\" aria-roledescription=\"carousel\" aria-label=\"Bild Karussell\" dir=\"ltr\">\n\t\t\t<div class=\"elementor-image-carousel swiper-wrapper\" aria-live=\"off\">\n\t\t\t\t\t\t\t\t<div class=\"swiper-slide\" role=\"group\" aria-roledescription=\"slide\" aria-label=\"1 von 1\"><figure class=\"swiper-slide-inner\"><img decoding=\"async\" class=\"swiper-slide-image\" src=\"https:\/\/display-elektronik.de\/wp-content\/uploads\/elementor\/thumbs\/TouchPanel1-p9dftrlkp3zb9g07pf905os6vzahmqt1ttmivlpeoo.png\" alt=\"Touch Panel\" \/><\/figure><\/div>\t\t\t<\/div>\n\t\t\t\t\t<\/div>\n\t\t\t\t\t\t<\/div>\n\t\t\t\t<\/div>\n\t\t\t\t\t<\/div>\n\t\t<\/div>\n\t\t\t\t\t<\/div>\n\t\t<\/main>\n\t\t\t\t<section class=\"elementor-section elementor-top-section elementor-element elementor-element-42ff18e elementor-section-full_width elementor-section-stretched elementor-section-height-default elementor-section-height-default\" data-id=\"42ff18e\" data-element_type=\"section\" data-e-type=\"section\" id=\"myframe\" data-settings=\"{&quot;background_background&quot;:&quot;classic&quot;,&quot;stretch_section&quot;:&quot;section-stretched&quot;}\">\n\t\t\t\t\t\t<div class=\"elementor-container elementor-column-gap-default\">\n\t\t\t\t\t<div class=\"elementor-column elementor-col-100 elementor-top-column elementor-element elementor-element-80a91b3\" data-id=\"80a91b3\" data-element_type=\"column\" data-e-type=\"column\">\n\t\t\t<div class=\"elementor-widget-wrap elementor-element-populated\">\n\t\t\t\t\t\t<section class=\"elementor-section elementor-inner-section elementor-element elementor-element-c66cf44 elementor-section-boxed elementor-section-height-default elementor-section-height-default\" data-id=\"c66cf44\" data-element_type=\"section\" data-e-type=\"section\">\n\t\t\t\t\t\t<div class=\"elementor-container elementor-column-gap-default\">\n\t\t\t\t\t<div class=\"elementor-column elementor-col-100 elementor-inner-column elementor-element elementor-element-e6533ee\" data-id=\"e6533ee\" data-element_type=\"column\" data-e-type=\"column\">\n\t\t\t<div class=\"elementor-widget-wrap elementor-element-populated\">\n\t\t\t\t\t\t<div class=\"elementor-element elementor-element-9f0dc94 elementor-align-left elementor-widget__width-auto elementor-widget-mobile__width-inherit elementor-widget elementor-widget-button\" data-id=\"9f0dc94\" data-element_type=\"widget\" data-e-type=\"widget\" data-widget_type=\"button.default\">\n\t\t\t\t<div class=\"elementor-widget-container\">\n\t\t\t\t\t\t\t\t\t<div class=\"elementor-button-wrapper\">\n\t\t\t\t\t<a class=\"elementor-button elementor-button-link elementor-size-sm\" href=\"https:\/\/display-elektronik.de\/wp-content\/uploads\/2021\/05\/Overview_Touchpanel.pdf\" target=\"_blank\">\n\t\t\t\t\t\t<span class=\"elementor-button-content-wrapper\">\n\t\t\t\t\t\t<span class=\"elementor-button-icon\">\n\t\t\t\t<i aria-hidden=\"true\" class=\"fas fa-arrow-right\"><\/i>\t\t\t<\/span>\n\t\t\t\t\t\t\t\t\t<span class=\"elementor-button-text\">Technische Info<\/span>\n\t\t\t\t\t<\/span>\n\t\t\t\t\t<\/a>\n\t\t\t\t<\/div>\n\t\t\t\t\t\t\t\t<\/div>\n\t\t\t\t<\/div>\n\t\t\t\t<div class=\"elementor-element elementor-element-fda1b2d elementor-align-right elementor-tablet-align-left elementor-widget__width-auto elementor-widget-mobile__width-inherit elementor-widget elementor-widget-button\" data-id=\"fda1b2d\" data-element_type=\"widget\" data-e-type=\"widget\" data-widget_type=\"button.default\">\n\t\t\t\t<div class=\"elementor-widget-container\">\n\t\t\t\t\t\t\t\t\t<div class=\"elementor-button-wrapper\">\n\t\t\t\t\t<a class=\"elementor-button elementor-button-link elementor-size-sm\" href=\"https:\/\/display-elektronik.de\/wp-content\/uploads\/2021\/05\/ORDERING-INFO-TOUCH.pdf\" target=\"_blank\">\n\t\t\t\t\t\t<span class=\"elementor-button-content-wrapper\">\n\t\t\t\t\t\t<span class=\"elementor-button-icon\">\n\t\t\t\t<i aria-hidden=\"true\" class=\"fas fa-arrow-right\"><\/i>\t\t\t<\/span>\n\t\t\t\t\t\t\t\t\t<span class=\"elementor-button-text\">Bestell Info<\/span>\n\t\t\t\t\t<\/span>\n\t\t\t\t\t<\/a>\n\t\t\t\t<\/div>\n\t\t\t\t\t\t\t\t<\/div>\n\t\t\t\t<\/div>\n\t\t\t\t\t<\/div>\n\t\t<\/div>\n\t\t\t\t\t<\/div>\n\t\t<\/section>\n\t\t\t\t\t<\/div>\n\t\t<\/div>\n\t\t\t\t\t<\/div>\n\t\t<\/section>\n\t\t\t\t<\/div>\n\t\t","protected":false},"excerpt":{"rendered":"<p>Kundenspezifische Touch Panels Als langj\u00e4hriger Partner der weiterverarbeitenden Industrie sind wir auf kundenspezifische L\u00f6sungen spezialisiert. Wir bieten eine umfangreiche Unterst\u00fctzung f\u00fcr kundenspezifische Entwicklungen von einer Touch Panel Komponente bis hin zu einem kompletten TFT mit integriertem Touch Glas und integriertem Touch-Treiber IC. Der intensive Informationsaustausch mit unseren Kunden bereits in der Fr\u00fchphase f\u00fchrt zu optimalen&hellip;<\/p>\n","protected":false},"author":2,"featured_media":0,"parent":375,"menu_order":6,"comment_status":"closed","ping_status":"closed","template":"","meta":{"footnotes":""},"class_list":["post-2996","page","type-page","status-publish","hentry"],"yoast_head":"<!-- This site is optimized with the Yoast SEO plugin v27.3 - https:\/\/yoast.com\/product\/yoast-seo-wordpress\/ -->\n<title>Display Elektronik GmbH \u2013 Touch Panels<\/title>\n<meta name=\"description\" content=\"Touch Panels - als langj\u00e4hriger Partner der weiterverarbeitenden Industrie sind wir auf kundenspezifische L\u00f6sungen spezialisiert\" \/>\n<meta name=\"robots\" content=\"index, follow, max-snippet:-1, max-image-preview:large, max-video-preview:-1\" \/>\n<link rel=\"canonical\" href=\"https:\/\/display-elektronik.de\/de\/produkte\/touch-panels\/\" \/>\n<meta property=\"og:locale\" content=\"de_DE\" \/>\n<meta property=\"og:type\" content=\"article\" \/>\n<meta property=\"og:title\" content=\"Display Elektronik GmbH \u2013 Touch Panels\" \/>\n<meta property=\"og:description\" content=\"Touch Panels - als langj\u00e4hriger Partner der weiterverarbeitenden Industrie sind wir auf kundenspezifische L\u00f6sungen spezialisiert\" \/>\n<meta property=\"og:url\" content=\"https:\/\/display-elektronik.de\/de\/produkte\/touch-panels\/\" \/>\n<meta property=\"og:site_name\" content=\"Display-Elektronik\" \/>\n<meta property=\"article:modified_time\" content=\"2023-01-12T14:25:54+00:00\" \/>\n<meta property=\"og:image\" content=\"http:\/\/relaunch.display-elektronik.de\/wp-content\/uploads\/elementor\/thumbs\/TouchPanel1-p9dftrlkp3zb9g07pf905os6vzahmqt1ttmivlpeoo.png\" \/>\n<meta name=\"twitter:card\" content=\"summary_large_image\" \/>\n<meta name=\"twitter:label1\" content=\"Gesch\u00e4tzte Lesezeit\" \/>\n\t<meta name=\"twitter:data1\" content=\"2\u00a0Minuten\" \/>\n<script type=\"application\/ld+json\" class=\"yoast-schema-graph\">{\"@context\":\"https:\\\/\\\/schema.org\",\"@graph\":[{\"@type\":\"WebPage\",\"@id\":\"https:\\\/\\\/display-elektronik.de\\\/produkte\\\/touch-panels\\\/\",\"url\":\"https:\\\/\\\/display-elektronik.de\\\/produkte\\\/touch-panels\\\/\",\"name\":\"Display Elektronik GmbH \u2013 Touch Panels\",\"isPartOf\":{\"@id\":\"https:\\\/\\\/display-elektronik.de\\\/de\\\/#website\"},\"primaryImageOfPage\":{\"@id\":\"https:\\\/\\\/display-elektronik.de\\\/produkte\\\/touch-panels\\\/#primaryimage\"},\"image\":{\"@id\":\"https:\\\/\\\/display-elektronik.de\\\/produkte\\\/touch-panels\\\/#primaryimage\"},\"thumbnailUrl\":\"http:\\\/\\\/relaunch.display-elektronik.de\\\/wp-content\\\/uploads\\\/elementor\\\/thumbs\\\/TouchPanel1-p9dftrlkp3zb9g07pf905os6vzahmqt1ttmivlpeoo.png\",\"datePublished\":\"2021-05-20T12:24:21+00:00\",\"dateModified\":\"2023-01-12T14:25:54+00:00\",\"description\":\"Touch Panels - als langj\u00e4hriger Partner der weiterverarbeitenden Industrie sind wir auf kundenspezifische L\u00f6sungen spezialisiert\",\"breadcrumb\":{\"@id\":\"https:\\\/\\\/display-elektronik.de\\\/produkte\\\/touch-panels\\\/#breadcrumb\"},\"inLanguage\":\"de\",\"potentialAction\":[{\"@type\":\"ReadAction\",\"target\":[\"https:\\\/\\\/display-elektronik.de\\\/produkte\\\/touch-panels\\\/\"]}]},{\"@type\":\"ImageObject\",\"inLanguage\":\"de\",\"@id\":\"https:\\\/\\\/display-elektronik.de\\\/produkte\\\/touch-panels\\\/#primaryimage\",\"url\":\"http:\\\/\\\/relaunch.display-elektronik.de\\\/wp-content\\\/uploads\\\/elementor\\\/thumbs\\\/TouchPanel1-p9dftrlkp3zb9g07pf905os6vzahmqt1ttmivlpeoo.png\",\"contentUrl\":\"http:\\\/\\\/relaunch.display-elektronik.de\\\/wp-content\\\/uploads\\\/elementor\\\/thumbs\\\/TouchPanel1-p9dftrlkp3zb9g07pf905os6vzahmqt1ttmivlpeoo.png\"},{\"@type\":\"BreadcrumbList\",\"@id\":\"https:\\\/\\\/display-elektronik.de\\\/produkte\\\/touch-panels\\\/#breadcrumb\",\"itemListElement\":[{\"@type\":\"ListItem\",\"position\":1,\"name\":\"Startseite\",\"item\":\"https:\\\/\\\/display-elektronik.de\\\/de\\\/\"},{\"@type\":\"ListItem\",\"position\":2,\"name\":\"Produkte\",\"item\":\"https:\\\/\\\/display-elektronik.de\\\/produkte\\\/\"},{\"@type\":\"ListItem\",\"position\":3,\"name\":\"Touch Panels\"}]},{\"@type\":\"WebSite\",\"@id\":\"https:\\\/\\\/display-elektronik.de\\\/de\\\/#website\",\"url\":\"https:\\\/\\\/display-elektronik.de\\\/de\\\/\",\"name\":\"Display-Elektronik\",\"description\":\"\",\"publisher\":{\"@id\":\"https:\\\/\\\/display-elektronik.de\\\/de\\\/#organization\"},\"potentialAction\":[{\"@type\":\"SearchAction\",\"target\":{\"@type\":\"EntryPoint\",\"urlTemplate\":\"https:\\\/\\\/display-elektronik.de\\\/de\\\/?s={search_term_string}\"},\"query-input\":{\"@type\":\"PropertyValueSpecification\",\"valueRequired\":true,\"valueName\":\"search_term_string\"}}],\"inLanguage\":\"de\"},{\"@type\":\"Organization\",\"@id\":\"https:\\\/\\\/display-elektronik.de\\\/de\\\/#organization\",\"name\":\"Display-Elektronik\",\"url\":\"https:\\\/\\\/display-elektronik.de\\\/de\\\/\",\"logo\":{\"@type\":\"ImageObject\",\"inLanguage\":\"de\",\"@id\":\"https:\\\/\\\/display-elektronik.de\\\/de\\\/#\\\/schema\\\/logo\\\/image\\\/\",\"url\":\"https:\\\/\\\/display-elektronik.de\\\/wp-content\\\/uploads\\\/2021\\\/04\\\/logo-display.svg\",\"contentUrl\":\"https:\\\/\\\/display-elektronik.de\\\/wp-content\\\/uploads\\\/2021\\\/04\\\/logo-display.svg\",\"caption\":\"Display-Elektronik\"},\"image\":{\"@id\":\"https:\\\/\\\/display-elektronik.de\\\/de\\\/#\\\/schema\\\/logo\\\/image\\\/\"}}]}<\/script>\n<!-- \/ Yoast SEO plugin. -->","yoast_head_json":{"title":"Display Elektronik GmbH \u2013 Touch Panels","description":"Touch Panels - als langj\u00e4hriger Partner der weiterverarbeitenden Industrie sind wir auf kundenspezifische L\u00f6sungen spezialisiert","robots":{"index":"index","follow":"follow","max-snippet":"max-snippet:-1","max-image-preview":"max-image-preview:large","max-video-preview":"max-video-preview:-1"},"canonical":"https:\/\/display-elektronik.de\/de\/produkte\/touch-panels\/","og_locale":"de_DE","og_type":"article","og_title":"Display Elektronik GmbH \u2013 Touch Panels","og_description":"Touch Panels - als langj\u00e4hriger Partner der weiterverarbeitenden Industrie sind wir auf kundenspezifische L\u00f6sungen spezialisiert","og_url":"https:\/\/display-elektronik.de\/de\/produkte\/touch-panels\/","og_site_name":"Display-Elektronik","article_modified_time":"2023-01-12T14:25:54+00:00","og_image":[{"url":"http:\/\/relaunch.display-elektronik.de\/wp-content\/uploads\/elementor\/thumbs\/TouchPanel1-p9dftrlkp3zb9g07pf905os6vzahmqt1ttmivlpeoo.png","type":"","width":"","height":""}],"twitter_card":"summary_large_image","twitter_misc":{"Gesch\u00e4tzte Lesezeit":"2\u00a0Minuten"},"schema":{"@context":"https:\/\/schema.org","@graph":[{"@type":"WebPage","@id":"https:\/\/display-elektronik.de\/produkte\/touch-panels\/","url":"https:\/\/display-elektronik.de\/produkte\/touch-panels\/","name":"Display Elektronik GmbH \u2013 Touch Panels","isPartOf":{"@id":"https:\/\/display-elektronik.de\/de\/#website"},"primaryImageOfPage":{"@id":"https:\/\/display-elektronik.de\/produkte\/touch-panels\/#primaryimage"},"image":{"@id":"https:\/\/display-elektronik.de\/produkte\/touch-panels\/#primaryimage"},"thumbnailUrl":"http:\/\/relaunch.display-elektronik.de\/wp-content\/uploads\/elementor\/thumbs\/TouchPanel1-p9dftrlkp3zb9g07pf905os6vzahmqt1ttmivlpeoo.png","datePublished":"2021-05-20T12:24:21+00:00","dateModified":"2023-01-12T14:25:54+00:00","description":"Touch Panels - als langj\u00e4hriger Partner der weiterverarbeitenden Industrie sind wir auf kundenspezifische L\u00f6sungen spezialisiert","breadcrumb":{"@id":"https:\/\/display-elektronik.de\/produkte\/touch-panels\/#breadcrumb"},"inLanguage":"de","potentialAction":[{"@type":"ReadAction","target":["https:\/\/display-elektronik.de\/produkte\/touch-panels\/"]}]},{"@type":"ImageObject","inLanguage":"de","@id":"https:\/\/display-elektronik.de\/produkte\/touch-panels\/#primaryimage","url":"http:\/\/relaunch.display-elektronik.de\/wp-content\/uploads\/elementor\/thumbs\/TouchPanel1-p9dftrlkp3zb9g07pf905os6vzahmqt1ttmivlpeoo.png","contentUrl":"http:\/\/relaunch.display-elektronik.de\/wp-content\/uploads\/elementor\/thumbs\/TouchPanel1-p9dftrlkp3zb9g07pf905os6vzahmqt1ttmivlpeoo.png"},{"@type":"BreadcrumbList","@id":"https:\/\/display-elektronik.de\/produkte\/touch-panels\/#breadcrumb","itemListElement":[{"@type":"ListItem","position":1,"name":"Startseite","item":"https:\/\/display-elektronik.de\/de\/"},{"@type":"ListItem","position":2,"name":"Produkte","item":"https:\/\/display-elektronik.de\/produkte\/"},{"@type":"ListItem","position":3,"name":"Touch Panels"}]},{"@type":"WebSite","@id":"https:\/\/display-elektronik.de\/de\/#website","url":"https:\/\/display-elektronik.de\/de\/","name":"Display-Elektronik","description":"","publisher":{"@id":"https:\/\/display-elektronik.de\/de\/#organization"},"potentialAction":[{"@type":"SearchAction","target":{"@type":"EntryPoint","urlTemplate":"https:\/\/display-elektronik.de\/de\/?s={search_term_string}"},"query-input":{"@type":"PropertyValueSpecification","valueRequired":true,"valueName":"search_term_string"}}],"inLanguage":"de"},{"@type":"Organization","@id":"https:\/\/display-elektronik.de\/de\/#organization","name":"Display-Elektronik","url":"https:\/\/display-elektronik.de\/de\/","logo":{"@type":"ImageObject","inLanguage":"de","@id":"https:\/\/display-elektronik.de\/de\/#\/schema\/logo\/image\/","url":"https:\/\/display-elektronik.de\/wp-content\/uploads\/2021\/04\/logo-display.svg","contentUrl":"https:\/\/display-elektronik.de\/wp-content\/uploads\/2021\/04\/logo-display.svg","caption":"Display-Elektronik"},"image":{"@id":"https:\/\/display-elektronik.de\/de\/#\/schema\/logo\/image\/"}}]}},"_links":{"self":[{"href":"https:\/\/display-elektronik.de\/de\/wp-json\/wp\/v2\/pages\/2996","targetHints":{"allow":["GET"]}}],"collection":[{"href":"https:\/\/display-elektronik.de\/de\/wp-json\/wp\/v2\/pages"}],"about":[{"href":"https:\/\/display-elektronik.de\/de\/wp-json\/wp\/v2\/types\/page"}],"author":[{"embeddable":true,"href":"https:\/\/display-elektronik.de\/de\/wp-json\/wp\/v2\/users\/2"}],"replies":[{"embeddable":true,"href":"https:\/\/display-elektronik.de\/de\/wp-json\/wp\/v2\/comments?post=2996"}],"version-history":[{"count":0,"href":"https:\/\/display-elektronik.de\/de\/wp-json\/wp\/v2\/pages\/2996\/revisions"}],"up":[{"embeddable":true,"href":"https:\/\/display-elektronik.de\/de\/wp-json\/wp\/v2\/pages\/375"}],"wp:attachment":[{"href":"https:\/\/display-elektronik.de\/de\/wp-json\/wp\/v2\/media?parent=2996"}],"curies":[{"name":"wp","href":"https:\/\/api.w.org\/{rel}","templated":true}]}}