{"id":1087,"date":"2021-04-13T16:58:18","date_gmt":"2021-04-13T16:58:18","guid":{"rendered":"http:\/\/relaunch.display-elektronik.de\/?page_id=1087"},"modified":"2022-10-12T12:21:11","modified_gmt":"2022-10-12T12:21:11","slug":"resistiv-5-draht","status":"publish","type":"page","link":"https:\/\/display-elektronik.de\/de\/produkte\/touch-panels-alt\/resistiv-5-draht\/","title":{"rendered":"Resistiv 5-Draht"},"content":{"rendered":"\t\t<div data-elementor-type=\"wp-page\" data-elementor-id=\"1087\" class=\"elementor elementor-1087\">\n\t\t\t\t\t\t<main class=\"elementor-section elementor-top-section elementor-element elementor-element-7b03af14 elementor-section-height-min-height elementor-reverse-mobile elementor-section-full_width elementor-section-stretched elementor-section-height-default elementor-section-items-middle\" data-id=\"7b03af14\" data-element_type=\"section\" data-e-type=\"section\" data-settings=\"{&quot;background_background&quot;:&quot;classic&quot;,&quot;stretch_section&quot;:&quot;section-stretched&quot;}\">\n\t\t\t\t\t\t<div class=\"elementor-container elementor-column-gap-default\">\n\t\t\t\t\t<div class=\"elementor-column elementor-col-100 elementor-top-column elementor-element elementor-element-66630d24\" data-id=\"66630d24\" data-element_type=\"column\" data-e-type=\"column\">\n\t\t\t<div class=\"elementor-widget-wrap\">\n\t\t\t\t\t\t\t<\/div>\n\t\t<\/div>\n\t\t\t\t\t<\/div>\n\t\t<\/main>\n\t\t\t\t<main class=\"elementor-section elementor-top-section elementor-element elementor-element-d42b9dc elementor-reverse-mobile elementor-section-stretched elementor-section-boxed elementor-section-height-default elementor-section-height-default\" data-id=\"d42b9dc\" data-element_type=\"section\" data-e-type=\"section\" data-settings=\"{&quot;background_background&quot;:&quot;classic&quot;,&quot;stretch_section&quot;:&quot;section-stretched&quot;}\">\n\t\t\t\t\t\t<div class=\"elementor-container elementor-column-gap-default\">\n\t\t\t\t\t<div class=\"elementor-column elementor-col-50 elementor-top-column elementor-element elementor-element-2e427fbc\" data-id=\"2e427fbc\" data-element_type=\"column\" data-e-type=\"column\">\n\t\t\t<div class=\"elementor-widget-wrap elementor-element-populated\">\n\t\t\t\t\t\t<div class=\"elementor-element elementor-element-6a497414 elementor-widget elementor-widget-spacer\" data-id=\"6a497414\" data-element_type=\"widget\" data-e-type=\"widget\" data-widget_type=\"spacer.default\">\n\t\t\t\t<div class=\"elementor-widget-container\">\n\t\t\t\t\t\t\t<div class=\"elementor-spacer\">\n\t\t\t<div class=\"elementor-spacer-inner\"><\/div>\n\t\t<\/div>\n\t\t\t\t\t\t<\/div>\n\t\t\t\t<\/div>\n\t\t\t\t<div class=\"elementor-element elementor-element-44568755 elementor-widget elementor-widget-heading\" data-id=\"44568755\" data-element_type=\"widget\" data-e-type=\"widget\" data-widget_type=\"heading.default\">\n\t\t\t\t<div class=\"elementor-widget-container\">\n\t\t\t\t\t<h1 class=\"elementor-heading-title elementor-size-default\">Resistive 5-Draht-Touch-Panels<\/h1>\t\t\t\t<\/div>\n\t\t\t\t<\/div>\n\t\t\t\t<div class=\"elementor-element elementor-element-3bbbc2a8 elementor-widget elementor-widget-text-editor\" data-id=\"3bbbc2a8\" data-element_type=\"widget\" data-e-type=\"widget\" data-widget_type=\"text-editor.default\">\n\t\t\t\t<div class=\"elementor-widget-container\">\n\t\t\t\t\t\t\t\t\t<ul><li>Die Touch Panels haben interaktive ITO-Fl\u00e4chen (ITO- Zinn-Indium-Oxyd) und sind ein Eingabemedium f\u00fcr elektronische Anzeigen. Die Eingabefl\u00e4che besteht aus 2 elektrisch leitenden Fl\u00e4chen. Die obere Lage besitzt einen ITO-Film, w\u00e4hrend die untere Lage entweder aus einem ITO-Film oder einem ITO-beschichteten Glas besteht. Die obere Lage wird durch kleine Partikel auf Abstand gehalten. Durch Druck auf das Tastenfeld, werden die obere Lage und die untere Lage mit den innen liegenden ITO-Schichten in Kontakt gebracht. Die Koordinate der X-Achse des Ber\u00fchrungspunktes wird \u00fcber den Spannungswert der oberen Lage erfasst. Der Spannungswert der Y-Achse wird vergleichbar ermittelt. Ein externer Controller \u00fcbermittelt den Gesamtwert an den zust\u00e4ndigen IC.<\/li><li>5-Draht-Touch-Panels bieten wir in Standardgr\u00f6\u00dfen von 10.4\u201c<br \/>bis 19.1\u201c an.<\/li><li>5-Draht-Touch-Panels werden bevorzugt dort eingesetzt, wo es auf langlebige Zuverl\u00e4ssigkeit ankommt.<\/li><li>Der grunds\u00e4tzliche Unterschied zwischen einem 5-Draht und einem 4-Draht-Touch-Panel besteht darin, dass sich alle Elektroden auf der unteren Lage befinden und die obere Lage ausschlie\u00dflich zur Defini tion des Ber\u00fchrungspunktes benutzt wird. Deshalb beeintr\u00e4chtigen leichte Besch\u00e4digungen und Kratzer der oberen Lage die Gesamtfunktion nicht.<\/li><\/ul><p><strong>Testen Sie uns &#8211; gerne unterst\u00fctzen wir Sie !<\/strong><\/p>\t\t\t\t\t\t\t\t<\/div>\n\t\t\t\t<\/div>\n\t\t\t\t\t<\/div>\n\t\t<\/div>\n\t\t\t\t<div class=\"elementor-column elementor-col-50 elementor-top-column elementor-element elementor-element-175df368\" data-id=\"175df368\" data-element_type=\"column\" data-e-type=\"column\">\n\t\t\t<div class=\"elementor-widget-wrap elementor-element-populated\">\n\t\t\t\t\t\t<div class=\"elementor-element elementor-element-4daf9378 elementor-widget elementor-widget-image-carousel\" data-id=\"4daf9378\" data-element_type=\"widget\" data-e-type=\"widget\" data-settings=\"{&quot;navigation&quot;:&quot;none&quot;,&quot;slides_to_show&quot;:&quot;1&quot;,&quot;effect&quot;:&quot;fade&quot;,&quot;speed&quot;:3000,&quot;slides_to_show_tablet&quot;:&quot;1&quot;,&quot;autoplay&quot;:&quot;yes&quot;,&quot;pause_on_hover&quot;:&quot;yes&quot;,&quot;pause_on_interaction&quot;:&quot;yes&quot;,&quot;autoplay_speed&quot;:5000,&quot;infinite&quot;:&quot;yes&quot;}\" data-widget_type=\"image-carousel.default\">\n\t\t\t\t<div class=\"elementor-widget-container\">\n\t\t\t\t\t\t\t<div class=\"elementor-image-carousel-wrapper swiper\" role=\"region\" aria-roledescription=\"carousel\" aria-label=\"Bild Karussell\" dir=\"ltr\">\n\t\t\t<div class=\"elementor-image-carousel swiper-wrapper\" aria-live=\"off\">\n\t\t\t\t\t\t\t\t<div class=\"swiper-slide\" role=\"group\" aria-roledescription=\"slide\" aria-label=\"1 von 6\"><figure class=\"swiper-slide-inner\"><img decoding=\"async\" class=\"swiper-slide-image\" src=\"https:\/\/display-elektronik.de\/wp-content\/uploads\/elementor\/thumbs\/Products_TFT_Graphic-mono1-1-p5t4lsjlw63q2fzkbtm1uk8gau30yv5lhourbc1kbk.jpg\" alt=\"TFT\" \/><\/figure><\/div><div class=\"swiper-slide\" role=\"group\" aria-roledescription=\"slide\" aria-label=\"2 von 6\"><figure class=\"swiper-slide-inner\"><img decoding=\"async\" class=\"swiper-slide-image\" src=\"https:\/\/display-elektronik.de\/wp-content\/uploads\/elementor\/thumbs\/Products_TFT_Graphic-mono2-p5t4lthg3050e1y76c0of1zww7ye6k9btti8sm065c.jpg\" alt=\"TFT\" \/><\/figure><\/div><div class=\"swiper-slide\" role=\"group\" aria-roledescription=\"slide\" aria-label=\"3 von 6\"><figure class=\"swiper-slide-inner\"><img decoding=\"async\" class=\"swiper-slide-image\" src=\"https:\/\/display-elektronik.de\/wp-content\/uploads\/elementor\/thumbs\/Products_TFT_Graphic-mono3-p5t4lufa9u6apnwu0ufazjrdhltre9d25y5q9vyrz4.jpg\" alt=\"TFT\" \/><\/figure><\/div><div class=\"swiper-slide\" role=\"group\" aria-roledescription=\"slide\" aria-label=\"4 von 6\"><figure class=\"swiper-slide-inner\"><img decoding=\"async\" class=\"swiper-slide-image\" src=\"https:\/\/display-elektronik.de\/wp-content\/uploads\/elementor\/thumbs\/Products_TFT_Graphic-mono4-p5t4lvd4go7l19vgvctxk1iu2zp4lygsi2t7r5xdsw.jpg\" alt=\"TFT\" \/><\/figure><\/div><div class=\"swiper-slide\" role=\"group\" aria-roledescription=\"slide\" aria-label=\"5 von 6\"><figure class=\"swiper-slide-inner\"><img decoding=\"async\" class=\"swiper-slide-image\" src=\"https:\/\/display-elektronik.de\/wp-content\/uploads\/elementor\/thumbs\/Products_TFT_Graphic-mono5-p5t4lvd4go7l19vgvctxk1iu2zp4lygsi2t7r5xdsw.jpg\" alt=\"TFT\" \/><\/figure><\/div><div class=\"swiper-slide\" role=\"group\" aria-roledescription=\"slide\" aria-label=\"6 von 6\"><figure class=\"swiper-slide-inner\"><img decoding=\"async\" class=\"swiper-slide-image\" src=\"https:\/\/display-elektronik.de\/wp-content\/uploads\/elementor\/thumbs\/Products_TFT_Graphic-mono6-p5t4lwayni8vcvu3pv8k4jaaodkhtnkiu7gp8fvzmo.jpg\" alt=\"TFT\" \/><\/figure><\/div>\t\t\t<\/div>\n\t\t\t\t\t\t\t\n\t\t\t\t\t\t\t\t\t<\/div>\n\t\t\t\t\t\t<\/div>\n\t\t\t\t<\/div>\n\t\t\t\t\t<\/div>\n\t\t<\/div>\n\t\t\t\t\t<\/div>\n\t\t<\/main>\n\t\t\t\t<section class=\"elementor-section elementor-top-section elementor-element elementor-element-49c1b7f8 elementor-section-full_width elementor-section-stretched elementor-section-height-default elementor-section-height-default\" data-id=\"49c1b7f8\" data-element_type=\"section\" data-e-type=\"section\" id=\"myframe\" data-settings=\"{&quot;background_background&quot;:&quot;classic&quot;,&quot;stretch_section&quot;:&quot;section-stretched&quot;}\">\n\t\t\t\t\t\t<div class=\"elementor-container elementor-column-gap-default\">\n\t\t\t\t\t<div class=\"elementor-column elementor-col-100 elementor-top-column elementor-element elementor-element-6ffb142b\" data-id=\"6ffb142b\" data-element_type=\"column\" data-e-type=\"column\">\n\t\t\t<div class=\"elementor-widget-wrap elementor-element-populated\">\n\t\t\t\t\t\t<section class=\"elementor-section elementor-inner-section elementor-element elementor-element-46cea1c0 elementor-section-boxed elementor-section-height-default elementor-section-height-default\" data-id=\"46cea1c0\" data-element_type=\"section\" data-e-type=\"section\">\n\t\t\t\t\t\t<div class=\"elementor-container elementor-column-gap-default\">\n\t\t\t\t\t<div class=\"elementor-column elementor-col-100 elementor-inner-column elementor-element elementor-element-5df01162\" data-id=\"5df01162\" data-element_type=\"column\" data-e-type=\"column\">\n\t\t\t<div class=\"elementor-widget-wrap elementor-element-populated\">\n\t\t\t\t\t\t<div class=\"elementor-element elementor-element-532489ed elementor-widget elementor-widget-spacer\" data-id=\"532489ed\" data-element_type=\"widget\" data-e-type=\"widget\" data-widget_type=\"spacer.default\">\n\t\t\t\t<div class=\"elementor-widget-container\">\n\t\t\t\t\t\t\t<div class=\"elementor-spacer\">\n\t\t\t<div class=\"elementor-spacer-inner\"><\/div>\n\t\t<\/div>\n\t\t\t\t\t\t<\/div>\n\t\t\t\t<\/div>\n\t\t\t\t<div class=\"elementor-element elementor-element-6e610f58 elementor-align-left elementor-widget__width-auto elementor-widget-mobile__width-inherit elementor-widget elementor-widget-button\" data-id=\"6e610f58\" data-element_type=\"widget\" data-e-type=\"widget\" data-widget_type=\"button.default\">\n\t\t\t\t<div class=\"elementor-widget-container\">\n\t\t\t\t\t\t\t\t\t<div class=\"elementor-button-wrapper\">\n\t\t\t\t\t<a class=\"elementor-button elementor-button-link elementor-size-sm\" href=\"https:\/\/display-elektronik.de\/wp-content\/uploads\/2021\/05\/Overview_Touchpanel.pdf\" target=\"_blank\">\n\t\t\t\t\t\t<span class=\"elementor-button-content-wrapper\">\n\t\t\t\t\t\t<span class=\"elementor-button-icon\">\n\t\t\t\t<i aria-hidden=\"true\" class=\"fas fa-arrow-right\"><\/i>\t\t\t<\/span>\n\t\t\t\t\t\t\t\t\t<span class=\"elementor-button-text\">Technische Info<\/span>\n\t\t\t\t\t<\/span>\n\t\t\t\t\t<\/a>\n\t\t\t\t<\/div>\n\t\t\t\t\t\t\t\t<\/div>\n\t\t\t\t<\/div>\n\t\t\t\t<div class=\"elementor-element elementor-element-1895caa elementor-align-right elementor-tablet-align-left elementor-widget__width-auto elementor-widget-mobile__width-inherit elementor-widget elementor-widget-button\" data-id=\"1895caa\" data-element_type=\"widget\" data-e-type=\"widget\" data-widget_type=\"button.default\">\n\t\t\t\t<div class=\"elementor-widget-container\">\n\t\t\t\t\t\t\t\t\t<div class=\"elementor-button-wrapper\">\n\t\t\t\t\t<a class=\"elementor-button elementor-button-link elementor-size-sm\" href=\"https:\/\/display-elektronik.de\/wp-content\/uploads\/2021\/05\/ORDERING-INFO-TOUCH.pdf\" target=\"_blank\">\n\t\t\t\t\t\t<span class=\"elementor-button-content-wrapper\">\n\t\t\t\t\t\t<span class=\"elementor-button-icon\">\n\t\t\t\t<i aria-hidden=\"true\" class=\"fas fa-arrow-right\"><\/i>\t\t\t<\/span>\n\t\t\t\t\t\t\t\t\t<span class=\"elementor-button-text\">Bestell Info<\/span>\n\t\t\t\t\t<\/span>\n\t\t\t\t\t<\/a>\n\t\t\t\t<\/div>\n\t\t\t\t\t\t\t\t<\/div>\n\t\t\t\t<\/div>\n\t\t\t\t\t<\/div>\n\t\t<\/div>\n\t\t\t\t\t<\/div>\n\t\t<\/section>\n\t\t\t\t<section class=\"elementor-section elementor-inner-section elementor-element elementor-element-53281c8d elementor-section-boxed elementor-section-height-default elementor-section-height-default\" data-id=\"53281c8d\" data-element_type=\"section\" data-e-type=\"section\">\n\t\t\t\t\t\t<div class=\"elementor-container elementor-column-gap-default\">\n\t\t\t\t\t<div class=\"elementor-column elementor-col-100 elementor-inner-column elementor-element elementor-element-28f9d012\" data-id=\"28f9d012\" data-element_type=\"column\" data-e-type=\"column\">\n\t\t\t<div class=\"elementor-widget-wrap elementor-element-populated\">\n\t\t\t\t\t\t<div class=\"elementor-element elementor-element-52c62e2e elementor-widget elementor-widget-spacer\" data-id=\"52c62e2e\" data-element_type=\"widget\" data-e-type=\"widget\" data-widget_type=\"spacer.default\">\n\t\t\t\t<div class=\"elementor-widget-container\">\n\t\t\t\t\t\t\t<div class=\"elementor-spacer\">\n\t\t\t<div class=\"elementor-spacer-inner\"><\/div>\n\t\t<\/div>\n\t\t\t\t\t\t<\/div>\n\t\t\t\t<\/div>\n\t\t\t\t<div class=\"elementor-element elementor-element-3524c9dd elementor-widget elementor-widget-html\" data-id=\"3524c9dd\" data-element_type=\"widget\" data-e-type=\"widget\" data-widget_type=\"html.default\">\n\t\t\t\t<div class=\"elementor-widget-container\">\n\t\t\t\t\t<iframe onload=\"iframeLoaded()\" src=\"\/iframe\/Products_TP_Resistive5_table.html\" frameborder=\"0\"  width=\"100%\" height=\"300\" id=\"modusframe\"><\/iframe>\n<script type=\"text\/javascript\">\n  function iframeLoaded() {\n      var iFrameID = document.getElementById('modusframe');\n      \n  }\n\n<\/script>\t\t\t\t<\/div>\n\t\t\t\t<\/div>\n\t\t\t\t\t<\/div>\n\t\t<\/div>\n\t\t\t\t\t<\/div>\n\t\t<\/section>\n\t\t\t\t\t<\/div>\n\t\t<\/div>\n\t\t\t\t\t<\/div>\n\t\t<\/section>\n\t\t\t\t<\/div>\n\t\t","protected":false},"excerpt":{"rendered":"<p>Resistive 5-Draht-Touch-Panels Die Touch Panels haben interaktive ITO-Fl\u00e4chen (ITO- Zinn-Indium-Oxyd) und sind ein Eingabemedium f\u00fcr elektronische Anzeigen. Die Eingabefl\u00e4che besteht aus 2 elektrisch leitenden Fl\u00e4chen. Die obere Lage besitzt einen ITO-Film, w\u00e4hrend die untere Lage entweder aus einem ITO-Film oder einem ITO-beschichteten Glas besteht. Die obere Lage wird durch kleine Partikel auf Abstand gehalten. Durch&hellip;<\/p>\n","protected":false},"author":1,"featured_media":0,"parent":873,"menu_order":3,"comment_status":"closed","ping_status":"closed","template":"","meta":{"footnotes":""},"class_list":["post-1087","page","type-page","status-publish","hentry"],"yoast_head":"<!-- This site is optimized with the Yoast SEO plugin v27.4 - https:\/\/yoast.com\/product\/yoast-seo-wordpress\/ -->\n<title>Resistiv 5-Draht - Display-Elektronik<\/title>\n<meta name=\"robots\" content=\"index, follow, max-snippet:-1, max-image-preview:large, max-video-preview:-1\" \/>\n<link rel=\"canonical\" href=\"https:\/\/display-elektronik.de\/de\/produkte\/touch-panels-alt\/resistiv-5-draht\/\" \/>\n<meta property=\"og:locale\" content=\"de_DE\" \/>\n<meta property=\"og:type\" content=\"article\" \/>\n<meta property=\"og:title\" content=\"Resistiv 5-Draht - Display-Elektronik\" \/>\n<meta property=\"og:description\" content=\"Resistive 5-Draht-Touch-Panels Die Touch Panels haben interaktive ITO-Fl\u00e4chen (ITO- Zinn-Indium-Oxyd) und sind ein Eingabemedium f\u00fcr elektronische Anzeigen. Die Eingabefl\u00e4che besteht aus 2 elektrisch leitenden Fl\u00e4chen. Die obere Lage besitzt einen ITO-Film, w\u00e4hrend die untere Lage entweder aus einem ITO-Film oder einem ITO-beschichteten Glas besteht. Die obere Lage wird durch kleine Partikel auf Abstand gehalten. Durch&hellip;\" \/>\n<meta property=\"og:url\" content=\"https:\/\/display-elektronik.de\/de\/produkte\/touch-panels-alt\/resistiv-5-draht\/\" \/>\n<meta property=\"og:site_name\" content=\"Display-Elektronik\" \/>\n<meta property=\"article:modified_time\" content=\"2022-10-12T12:21:11+00:00\" \/>\n<meta property=\"og:image\" content=\"https:\/\/display-elektronik.de\/wp-content\/uploads\/elementor\/thumbs\/Products_TFT_Graphic-mono1-1-p5t4lsjlw63q2fzkbtm1uk8gau30yv5lhourbc1kbk.jpg\" \/>\n<meta name=\"twitter:card\" content=\"summary_large_image\" \/>\n<meta name=\"twitter:label1\" content=\"Gesch\u00e4tzte Lesezeit\" \/>\n\t<meta name=\"twitter:data1\" content=\"3\u00a0Minuten\" \/>\n<script type=\"application\/ld+json\" class=\"yoast-schema-graph\">{\"@context\":\"https:\\\/\\\/schema.org\",\"@graph\":[{\"@type\":\"WebPage\",\"@id\":\"https:\\\/\\\/display-elektronik.de\\\/produkte\\\/touch-panels-alt\\\/resistiv-5-draht\\\/\",\"url\":\"https:\\\/\\\/display-elektronik.de\\\/produkte\\\/touch-panels-alt\\\/resistiv-5-draht\\\/\",\"name\":\"Resistiv 5-Draht - Display-Elektronik\",\"isPartOf\":{\"@id\":\"https:\\\/\\\/display-elektronik.de\\\/de\\\/#website\"},\"primaryImageOfPage\":{\"@id\":\"https:\\\/\\\/display-elektronik.de\\\/produkte\\\/touch-panels-alt\\\/resistiv-5-draht\\\/#primaryimage\"},\"image\":{\"@id\":\"https:\\\/\\\/display-elektronik.de\\\/produkte\\\/touch-panels-alt\\\/resistiv-5-draht\\\/#primaryimage\"},\"thumbnailUrl\":\"https:\\\/\\\/display-elektronik.de\\\/wp-content\\\/uploads\\\/elementor\\\/thumbs\\\/Products_TFT_Graphic-mono1-1-p5t4lsjlw63q2fzkbtm1uk8gau30yv5lhourbc1kbk.jpg\",\"datePublished\":\"2021-04-13T16:58:18+00:00\",\"dateModified\":\"2022-10-12T12:21:11+00:00\",\"breadcrumb\":{\"@id\":\"https:\\\/\\\/display-elektronik.de\\\/produkte\\\/touch-panels-alt\\\/resistiv-5-draht\\\/#breadcrumb\"},\"inLanguage\":\"de\",\"potentialAction\":[{\"@type\":\"ReadAction\",\"target\":[\"https:\\\/\\\/display-elektronik.de\\\/produkte\\\/touch-panels-alt\\\/resistiv-5-draht\\\/\"]}]},{\"@type\":\"ImageObject\",\"inLanguage\":\"de\",\"@id\":\"https:\\\/\\\/display-elektronik.de\\\/produkte\\\/touch-panels-alt\\\/resistiv-5-draht\\\/#primaryimage\",\"url\":\"https:\\\/\\\/display-elektronik.de\\\/wp-content\\\/uploads\\\/elementor\\\/thumbs\\\/Products_TFT_Graphic-mono1-1-p5t4lsjlw63q2fzkbtm1uk8gau30yv5lhourbc1kbk.jpg\",\"contentUrl\":\"https:\\\/\\\/display-elektronik.de\\\/wp-content\\\/uploads\\\/elementor\\\/thumbs\\\/Products_TFT_Graphic-mono1-1-p5t4lsjlw63q2fzkbtm1uk8gau30yv5lhourbc1kbk.jpg\"},{\"@type\":\"BreadcrumbList\",\"@id\":\"https:\\\/\\\/display-elektronik.de\\\/produkte\\\/touch-panels-alt\\\/resistiv-5-draht\\\/#breadcrumb\",\"itemListElement\":[{\"@type\":\"ListItem\",\"position\":1,\"name\":\"Startseite\",\"item\":\"https:\\\/\\\/display-elektronik.de\\\/de\\\/\"},{\"@type\":\"ListItem\",\"position\":2,\"name\":\"Produkte\",\"item\":\"https:\\\/\\\/display-elektronik.de\\\/produkte\\\/\"},{\"@type\":\"ListItem\",\"position\":3,\"name\":\"Touch Panels alt\",\"item\":\"https:\\\/\\\/display-elektronik.de\\\/produkte\\\/touch-panels-alt\\\/\"},{\"@type\":\"ListItem\",\"position\":4,\"name\":\"Resistiv 5-Draht\"}]},{\"@type\":\"WebSite\",\"@id\":\"https:\\\/\\\/display-elektronik.de\\\/de\\\/#website\",\"url\":\"https:\\\/\\\/display-elektronik.de\\\/de\\\/\",\"name\":\"Display-Elektronik\",\"description\":\"\",\"publisher\":{\"@id\":\"https:\\\/\\\/display-elektronik.de\\\/de\\\/#organization\"},\"potentialAction\":[{\"@type\":\"SearchAction\",\"target\":{\"@type\":\"EntryPoint\",\"urlTemplate\":\"https:\\\/\\\/display-elektronik.de\\\/de\\\/?s={search_term_string}\"},\"query-input\":{\"@type\":\"PropertyValueSpecification\",\"valueRequired\":true,\"valueName\":\"search_term_string\"}}],\"inLanguage\":\"de\"},{\"@type\":\"Organization\",\"@id\":\"https:\\\/\\\/display-elektronik.de\\\/de\\\/#organization\",\"name\":\"Display-Elektronik\",\"url\":\"https:\\\/\\\/display-elektronik.de\\\/de\\\/\",\"logo\":{\"@type\":\"ImageObject\",\"inLanguage\":\"de\",\"@id\":\"https:\\\/\\\/display-elektronik.de\\\/de\\\/#\\\/schema\\\/logo\\\/image\\\/\",\"url\":\"https:\\\/\\\/display-elektronik.de\\\/wp-content\\\/uploads\\\/2021\\\/04\\\/logo-display.svg\",\"contentUrl\":\"https:\\\/\\\/display-elektronik.de\\\/wp-content\\\/uploads\\\/2021\\\/04\\\/logo-display.svg\",\"caption\":\"Display-Elektronik\"},\"image\":{\"@id\":\"https:\\\/\\\/display-elektronik.de\\\/de\\\/#\\\/schema\\\/logo\\\/image\\\/\"}}]}<\/script>\n<!-- \/ Yoast SEO plugin. -->","yoast_head_json":{"title":"Resistiv 5-Draht - Display-Elektronik","robots":{"index":"index","follow":"follow","max-snippet":"max-snippet:-1","max-image-preview":"max-image-preview:large","max-video-preview":"max-video-preview:-1"},"canonical":"https:\/\/display-elektronik.de\/de\/produkte\/touch-panels-alt\/resistiv-5-draht\/","og_locale":"de_DE","og_type":"article","og_title":"Resistiv 5-Draht - Display-Elektronik","og_description":"Resistive 5-Draht-Touch-Panels Die Touch Panels haben interaktive ITO-Fl\u00e4chen (ITO- Zinn-Indium-Oxyd) und sind ein Eingabemedium f\u00fcr elektronische Anzeigen. Die Eingabefl\u00e4che besteht aus 2 elektrisch leitenden Fl\u00e4chen. Die obere Lage besitzt einen ITO-Film, w\u00e4hrend die untere Lage entweder aus einem ITO-Film oder einem ITO-beschichteten Glas besteht. Die obere Lage wird durch kleine Partikel auf Abstand gehalten. Durch&hellip;","og_url":"https:\/\/display-elektronik.de\/de\/produkte\/touch-panels-alt\/resistiv-5-draht\/","og_site_name":"Display-Elektronik","article_modified_time":"2022-10-12T12:21:11+00:00","og_image":[{"url":"https:\/\/display-elektronik.de\/wp-content\/uploads\/elementor\/thumbs\/Products_TFT_Graphic-mono1-1-p5t4lsjlw63q2fzkbtm1uk8gau30yv5lhourbc1kbk.jpg","type":"","width":"","height":""}],"twitter_card":"summary_large_image","twitter_misc":{"Gesch\u00e4tzte Lesezeit":"3\u00a0Minuten"},"schema":{"@context":"https:\/\/schema.org","@graph":[{"@type":"WebPage","@id":"https:\/\/display-elektronik.de\/produkte\/touch-panels-alt\/resistiv-5-draht\/","url":"https:\/\/display-elektronik.de\/produkte\/touch-panels-alt\/resistiv-5-draht\/","name":"Resistiv 5-Draht - Display-Elektronik","isPartOf":{"@id":"https:\/\/display-elektronik.de\/de\/#website"},"primaryImageOfPage":{"@id":"https:\/\/display-elektronik.de\/produkte\/touch-panels-alt\/resistiv-5-draht\/#primaryimage"},"image":{"@id":"https:\/\/display-elektronik.de\/produkte\/touch-panels-alt\/resistiv-5-draht\/#primaryimage"},"thumbnailUrl":"https:\/\/display-elektronik.de\/wp-content\/uploads\/elementor\/thumbs\/Products_TFT_Graphic-mono1-1-p5t4lsjlw63q2fzkbtm1uk8gau30yv5lhourbc1kbk.jpg","datePublished":"2021-04-13T16:58:18+00:00","dateModified":"2022-10-12T12:21:11+00:00","breadcrumb":{"@id":"https:\/\/display-elektronik.de\/produkte\/touch-panels-alt\/resistiv-5-draht\/#breadcrumb"},"inLanguage":"de","potentialAction":[{"@type":"ReadAction","target":["https:\/\/display-elektronik.de\/produkte\/touch-panels-alt\/resistiv-5-draht\/"]}]},{"@type":"ImageObject","inLanguage":"de","@id":"https:\/\/display-elektronik.de\/produkte\/touch-panels-alt\/resistiv-5-draht\/#primaryimage","url":"https:\/\/display-elektronik.de\/wp-content\/uploads\/elementor\/thumbs\/Products_TFT_Graphic-mono1-1-p5t4lsjlw63q2fzkbtm1uk8gau30yv5lhourbc1kbk.jpg","contentUrl":"https:\/\/display-elektronik.de\/wp-content\/uploads\/elementor\/thumbs\/Products_TFT_Graphic-mono1-1-p5t4lsjlw63q2fzkbtm1uk8gau30yv5lhourbc1kbk.jpg"},{"@type":"BreadcrumbList","@id":"https:\/\/display-elektronik.de\/produkte\/touch-panels-alt\/resistiv-5-draht\/#breadcrumb","itemListElement":[{"@type":"ListItem","position":1,"name":"Startseite","item":"https:\/\/display-elektronik.de\/de\/"},{"@type":"ListItem","position":2,"name":"Produkte","item":"https:\/\/display-elektronik.de\/produkte\/"},{"@type":"ListItem","position":3,"name":"Touch Panels alt","item":"https:\/\/display-elektronik.de\/produkte\/touch-panels-alt\/"},{"@type":"ListItem","position":4,"name":"Resistiv 5-Draht"}]},{"@type":"WebSite","@id":"https:\/\/display-elektronik.de\/de\/#website","url":"https:\/\/display-elektronik.de\/de\/","name":"Display-Elektronik","description":"","publisher":{"@id":"https:\/\/display-elektronik.de\/de\/#organization"},"potentialAction":[{"@type":"SearchAction","target":{"@type":"EntryPoint","urlTemplate":"https:\/\/display-elektronik.de\/de\/?s={search_term_string}"},"query-input":{"@type":"PropertyValueSpecification","valueRequired":true,"valueName":"search_term_string"}}],"inLanguage":"de"},{"@type":"Organization","@id":"https:\/\/display-elektronik.de\/de\/#organization","name":"Display-Elektronik","url":"https:\/\/display-elektronik.de\/de\/","logo":{"@type":"ImageObject","inLanguage":"de","@id":"https:\/\/display-elektronik.de\/de\/#\/schema\/logo\/image\/","url":"https:\/\/display-elektronik.de\/wp-content\/uploads\/2021\/04\/logo-display.svg","contentUrl":"https:\/\/display-elektronik.de\/wp-content\/uploads\/2021\/04\/logo-display.svg","caption":"Display-Elektronik"},"image":{"@id":"https:\/\/display-elektronik.de\/de\/#\/schema\/logo\/image\/"}}]}},"_links":{"self":[{"href":"https:\/\/display-elektronik.de\/de\/wp-json\/wp\/v2\/pages\/1087","targetHints":{"allow":["GET"]}}],"collection":[{"href":"https:\/\/display-elektronik.de\/de\/wp-json\/wp\/v2\/pages"}],"about":[{"href":"https:\/\/display-elektronik.de\/de\/wp-json\/wp\/v2\/types\/page"}],"author":[{"embeddable":true,"href":"https:\/\/display-elektronik.de\/de\/wp-json\/wp\/v2\/users\/1"}],"replies":[{"embeddable":true,"href":"https:\/\/display-elektronik.de\/de\/wp-json\/wp\/v2\/comments?post=1087"}],"version-history":[{"count":0,"href":"https:\/\/display-elektronik.de\/de\/wp-json\/wp\/v2\/pages\/1087\/revisions"}],"up":[{"embeddable":true,"href":"https:\/\/display-elektronik.de\/de\/wp-json\/wp\/v2\/pages\/873"}],"wp:attachment":[{"href":"https:\/\/display-elektronik.de\/de\/wp-json\/wp\/v2\/media?parent=1087"}],"curies":[{"name":"wp","href":"https:\/\/api.w.org\/{rel}","templated":true}]}}