{"id":1085,"date":"2021-04-13T16:57:42","date_gmt":"2021-04-13T16:57:42","guid":{"rendered":"http:\/\/relaunch.display-elektronik.de\/?page_id=1085"},"modified":"2022-10-12T12:20:28","modified_gmt":"2022-10-12T12:20:28","slug":"resistiv-4-draht","status":"publish","type":"page","link":"https:\/\/display-elektronik.de\/de\/produkte\/touch-panels-alt\/resistiv-4-draht\/","title":{"rendered":"Resistiv 4-Draht"},"content":{"rendered":"\t\t<div data-elementor-type=\"wp-page\" data-elementor-id=\"1085\" class=\"elementor elementor-1085\">\n\t\t\t\t\t\t<main class=\"elementor-section elementor-top-section elementor-element elementor-element-a354a52 elementor-section-height-min-height elementor-reverse-mobile elementor-section-full_width elementor-section-stretched elementor-section-height-default elementor-section-items-middle\" data-id=\"a354a52\" data-element_type=\"section\" data-e-type=\"section\" data-settings=\"{&quot;background_background&quot;:&quot;classic&quot;,&quot;stretch_section&quot;:&quot;section-stretched&quot;}\">\n\t\t\t\t\t\t<div class=\"elementor-container elementor-column-gap-default\">\n\t\t\t\t\t<div class=\"elementor-column elementor-col-100 elementor-top-column elementor-element elementor-element-2c37eabd\" data-id=\"2c37eabd\" data-element_type=\"column\" data-e-type=\"column\">\n\t\t\t<div class=\"elementor-widget-wrap\">\n\t\t\t\t\t\t\t<\/div>\n\t\t<\/div>\n\t\t\t\t\t<\/div>\n\t\t<\/main>\n\t\t\t\t<main class=\"elementor-section elementor-top-section elementor-element elementor-element-ac910ef elementor-reverse-mobile elementor-section-stretched elementor-section-boxed elementor-section-height-default elementor-section-height-default\" data-id=\"ac910ef\" data-element_type=\"section\" data-e-type=\"section\" data-settings=\"{&quot;background_background&quot;:&quot;classic&quot;,&quot;stretch_section&quot;:&quot;section-stretched&quot;}\">\n\t\t\t\t\t\t<div class=\"elementor-container elementor-column-gap-default\">\n\t\t\t\t\t<div class=\"elementor-column elementor-col-50 elementor-top-column elementor-element elementor-element-3e09d225\" data-id=\"3e09d225\" data-element_type=\"column\" data-e-type=\"column\">\n\t\t\t<div class=\"elementor-widget-wrap elementor-element-populated\">\n\t\t\t\t\t\t<div class=\"elementor-element elementor-element-34b2844f elementor-widget elementor-widget-spacer\" data-id=\"34b2844f\" data-element_type=\"widget\" data-e-type=\"widget\" data-widget_type=\"spacer.default\">\n\t\t\t\t<div class=\"elementor-widget-container\">\n\t\t\t\t\t\t\t<div class=\"elementor-spacer\">\n\t\t\t<div class=\"elementor-spacer-inner\"><\/div>\n\t\t<\/div>\n\t\t\t\t\t\t<\/div>\n\t\t\t\t<\/div>\n\t\t\t\t<div class=\"elementor-element elementor-element-3e3119d2 elementor-widget elementor-widget-heading\" data-id=\"3e3119d2\" data-element_type=\"widget\" data-e-type=\"widget\" data-widget_type=\"heading.default\">\n\t\t\t\t<div class=\"elementor-widget-container\">\n\t\t\t\t\t<h1 class=\"elementor-heading-title elementor-size-default\">Resistive 4-Draht-Touch-Panels<\/h1>\t\t\t\t<\/div>\n\t\t\t\t<\/div>\n\t\t\t\t<div class=\"elementor-element elementor-element-1b6b7ede elementor-widget elementor-widget-text-editor\" data-id=\"1b6b7ede\" data-element_type=\"widget\" data-e-type=\"widget\" data-widget_type=\"text-editor.default\">\n\t\t\t\t<div class=\"elementor-widget-container\">\n\t\t\t\t\t\t\t\t\t<ul><li>Die Touch Panels haben interaktive ITO-Fl\u00e4chen (ITO- Zinn-Indium-Oxyd) und sind ein Eingabemedium f\u00fcr elektronische Anzeigen. Die Eingabefl\u00e4che besteht aus 2 elektrisch leitenden Fl\u00e4chen. Die obere Lage besitzt einen ITO-Film, w\u00e4hrend die untere Lage entweder aus einem ITO-Film oder einem ITO-beschichteten Glas besteht. Die obere Lage wird durch kleine Partikel auf Abstand gehalten. Durch Druck auf das Tastenfeld, werden die obere Lage und die untere Lage mit den innen liegenden ITO-Schichten in Kontakt gebracht. Die Koordinate der X-Achse des Ber\u00fchrungspunktes wird \u00fcber den Spannungswert der oberen Lage erfasst. Der Spannungswert der Y-Achse wird vergleichbar ermittelt. Ein externer Controller \u00fcbermittelt den Gesamtwert an den zust\u00e4ndigen IC.<\/li><li>4-Draht-Touch-Panels bieten wir in den Ma\u00dfen 1.9\u201c bis 21\u201c.<\/li><li>4-Draht-Touch-Panels kommen bevorzugt f\u00fcr industrielle Anwendungen im niedrigen und mittleren Preisniveau zum Einsatz.<\/li><\/ul><p><strong>Testen Sie uns &#8211; gerne unterst\u00fctzen wir Sie!<\/strong><\/p>\t\t\t\t\t\t\t\t<\/div>\n\t\t\t\t<\/div>\n\t\t\t\t\t<\/div>\n\t\t<\/div>\n\t\t\t\t<div class=\"elementor-column elementor-col-50 elementor-top-column elementor-element elementor-element-49898e68\" data-id=\"49898e68\" data-element_type=\"column\" data-e-type=\"column\">\n\t\t\t<div class=\"elementor-widget-wrap elementor-element-populated\">\n\t\t\t\t\t\t<div class=\"elementor-element elementor-element-61d8e511 elementor-widget elementor-widget-image-carousel\" data-id=\"61d8e511\" data-element_type=\"widget\" data-e-type=\"widget\" data-settings=\"{&quot;navigation&quot;:&quot;none&quot;,&quot;slides_to_show&quot;:&quot;1&quot;,&quot;effect&quot;:&quot;fade&quot;,&quot;speed&quot;:3000,&quot;slides_to_show_tablet&quot;:&quot;1&quot;,&quot;autoplay&quot;:&quot;yes&quot;,&quot;pause_on_hover&quot;:&quot;yes&quot;,&quot;pause_on_interaction&quot;:&quot;yes&quot;,&quot;autoplay_speed&quot;:5000,&quot;infinite&quot;:&quot;yes&quot;}\" data-widget_type=\"image-carousel.default\">\n\t\t\t\t<div class=\"elementor-widget-container\">\n\t\t\t\t\t\t\t<div class=\"elementor-image-carousel-wrapper swiper\" role=\"region\" aria-roledescription=\"carousel\" aria-label=\"Bild Karussell\" dir=\"ltr\">\n\t\t\t<div class=\"elementor-image-carousel swiper-wrapper\" aria-live=\"off\">\n\t\t\t\t\t\t\t\t<div class=\"swiper-slide\" role=\"group\" aria-roledescription=\"slide\" aria-label=\"1 von 6\"><figure class=\"swiper-slide-inner\"><img decoding=\"async\" class=\"swiper-slide-image\" src=\"https:\/\/display-elektronik.de\/wp-content\/uploads\/elementor\/thumbs\/Products_TFT_Graphic-mono1-1-p5t4lsjlw63q2fzkbtm1uk8gau30yv5lhourbc1kbk.jpg\" alt=\"TFT\" \/><\/figure><\/div><div class=\"swiper-slide\" role=\"group\" aria-roledescription=\"slide\" aria-label=\"2 von 6\"><figure class=\"swiper-slide-inner\"><img decoding=\"async\" class=\"swiper-slide-image\" src=\"https:\/\/display-elektronik.de\/wp-content\/uploads\/elementor\/thumbs\/Products_TFT_Graphic-mono2-p5t4lthg3050e1y76c0of1zww7ye6k9btti8sm065c.jpg\" alt=\"TFT\" \/><\/figure><\/div><div class=\"swiper-slide\" role=\"group\" aria-roledescription=\"slide\" aria-label=\"3 von 6\"><figure class=\"swiper-slide-inner\"><img decoding=\"async\" class=\"swiper-slide-image\" src=\"https:\/\/display-elektronik.de\/wp-content\/uploads\/elementor\/thumbs\/Products_TFT_Graphic-mono3-p5t4lufa9u6apnwu0ufazjrdhltre9d25y5q9vyrz4.jpg\" alt=\"TFT\" \/><\/figure><\/div><div class=\"swiper-slide\" role=\"group\" aria-roledescription=\"slide\" aria-label=\"4 von 6\"><figure class=\"swiper-slide-inner\"><img decoding=\"async\" class=\"swiper-slide-image\" src=\"https:\/\/display-elektronik.de\/wp-content\/uploads\/elementor\/thumbs\/Products_TFT_Graphic-mono4-p5t4lvd4go7l19vgvctxk1iu2zp4lygsi2t7r5xdsw.jpg\" alt=\"TFT\" \/><\/figure><\/div><div class=\"swiper-slide\" role=\"group\" aria-roledescription=\"slide\" aria-label=\"5 von 6\"><figure class=\"swiper-slide-inner\"><img decoding=\"async\" class=\"swiper-slide-image\" src=\"https:\/\/display-elektronik.de\/wp-content\/uploads\/elementor\/thumbs\/Products_TFT_Graphic-mono5-p5t4lvd4go7l19vgvctxk1iu2zp4lygsi2t7r5xdsw.jpg\" alt=\"TFT\" \/><\/figure><\/div><div class=\"swiper-slide\" role=\"group\" aria-roledescription=\"slide\" aria-label=\"6 von 6\"><figure class=\"swiper-slide-inner\"><img decoding=\"async\" class=\"swiper-slide-image\" src=\"https:\/\/display-elektronik.de\/wp-content\/uploads\/elementor\/thumbs\/Products_TFT_Graphic-mono6-p5t4lwayni8vcvu3pv8k4jaaodkhtnkiu7gp8fvzmo.jpg\" alt=\"TFT\" \/><\/figure><\/div>\t\t\t<\/div>\n\t\t\t\t\t\t\t\n\t\t\t\t\t\t\t\t\t<\/div>\n\t\t\t\t\t\t<\/div>\n\t\t\t\t<\/div>\n\t\t\t\t\t<\/div>\n\t\t<\/div>\n\t\t\t\t\t<\/div>\n\t\t<\/main>\n\t\t\t\t<section class=\"elementor-section elementor-top-section elementor-element elementor-element-5502cf6d elementor-section-full_width elementor-section-stretched elementor-section-height-default elementor-section-height-default\" data-id=\"5502cf6d\" data-element_type=\"section\" data-e-type=\"section\" id=\"myframe\" data-settings=\"{&quot;background_background&quot;:&quot;classic&quot;,&quot;stretch_section&quot;:&quot;section-stretched&quot;}\">\n\t\t\t\t\t\t<div class=\"elementor-container elementor-column-gap-default\">\n\t\t\t\t\t<div class=\"elementor-column elementor-col-100 elementor-top-column elementor-element elementor-element-69b9cb14\" data-id=\"69b9cb14\" data-element_type=\"column\" data-e-type=\"column\">\n\t\t\t<div class=\"elementor-widget-wrap elementor-element-populated\">\n\t\t\t\t\t\t<section class=\"elementor-section elementor-inner-section elementor-element elementor-element-1c3db166 elementor-section-boxed elementor-section-height-default elementor-section-height-default\" data-id=\"1c3db166\" data-element_type=\"section\" data-e-type=\"section\">\n\t\t\t\t\t\t<div class=\"elementor-container elementor-column-gap-default\">\n\t\t\t\t\t<div class=\"elementor-column elementor-col-100 elementor-inner-column elementor-element elementor-element-426645ec\" data-id=\"426645ec\" data-element_type=\"column\" data-e-type=\"column\">\n\t\t\t<div class=\"elementor-widget-wrap elementor-element-populated\">\n\t\t\t\t\t\t<div class=\"elementor-element elementor-element-34122b02 elementor-widget elementor-widget-spacer\" data-id=\"34122b02\" data-element_type=\"widget\" data-e-type=\"widget\" data-widget_type=\"spacer.default\">\n\t\t\t\t<div class=\"elementor-widget-container\">\n\t\t\t\t\t\t\t<div class=\"elementor-spacer\">\n\t\t\t<div class=\"elementor-spacer-inner\"><\/div>\n\t\t<\/div>\n\t\t\t\t\t\t<\/div>\n\t\t\t\t<\/div>\n\t\t\t\t<div class=\"elementor-element elementor-element-42127d16 elementor-align-left elementor-widget__width-auto elementor-widget-mobile__width-inherit elementor-widget elementor-widget-button\" data-id=\"42127d16\" data-element_type=\"widget\" data-e-type=\"widget\" data-widget_type=\"button.default\">\n\t\t\t\t<div class=\"elementor-widget-container\">\n\t\t\t\t\t\t\t\t\t<div class=\"elementor-button-wrapper\">\n\t\t\t\t\t<a class=\"elementor-button elementor-button-link elementor-size-sm\" href=\"https:\/\/display-elektronik.de\/wp-content\/uploads\/2021\/05\/Overview_Touchpanel.pdf\" target=\"_blank\">\n\t\t\t\t\t\t<span class=\"elementor-button-content-wrapper\">\n\t\t\t\t\t\t<span class=\"elementor-button-icon\">\n\t\t\t\t<i aria-hidden=\"true\" class=\"fas fa-arrow-right\"><\/i>\t\t\t<\/span>\n\t\t\t\t\t\t\t\t\t<span class=\"elementor-button-text\">Technische Info<\/span>\n\t\t\t\t\t<\/span>\n\t\t\t\t\t<\/a>\n\t\t\t\t<\/div>\n\t\t\t\t\t\t\t\t<\/div>\n\t\t\t\t<\/div>\n\t\t\t\t<div class=\"elementor-element elementor-element-5451bd57 elementor-align-right elementor-tablet-align-left elementor-widget__width-auto elementor-widget-mobile__width-inherit elementor-widget elementor-widget-button\" data-id=\"5451bd57\" data-element_type=\"widget\" data-e-type=\"widget\" data-widget_type=\"button.default\">\n\t\t\t\t<div class=\"elementor-widget-container\">\n\t\t\t\t\t\t\t\t\t<div class=\"elementor-button-wrapper\">\n\t\t\t\t\t<a class=\"elementor-button elementor-button-link elementor-size-sm\" href=\"https:\/\/display-elektronik.de\/wp-content\/uploads\/2021\/05\/ORDERING-INFO-TOUCH.pdf\" target=\"_blank\">\n\t\t\t\t\t\t<span class=\"elementor-button-content-wrapper\">\n\t\t\t\t\t\t<span class=\"elementor-button-icon\">\n\t\t\t\t<i aria-hidden=\"true\" class=\"fas fa-arrow-right\"><\/i>\t\t\t<\/span>\n\t\t\t\t\t\t\t\t\t<span class=\"elementor-button-text\">Bestell Info<\/span>\n\t\t\t\t\t<\/span>\n\t\t\t\t\t<\/a>\n\t\t\t\t<\/div>\n\t\t\t\t\t\t\t\t<\/div>\n\t\t\t\t<\/div>\n\t\t\t\t\t<\/div>\n\t\t<\/div>\n\t\t\t\t\t<\/div>\n\t\t<\/section>\n\t\t\t\t<section class=\"elementor-section elementor-inner-section elementor-element elementor-element-4c3ff072 elementor-section-boxed elementor-section-height-default elementor-section-height-default\" data-id=\"4c3ff072\" data-element_type=\"section\" data-e-type=\"section\">\n\t\t\t\t\t\t<div class=\"elementor-container elementor-column-gap-default\">\n\t\t\t\t\t<div class=\"elementor-column elementor-col-100 elementor-inner-column elementor-element elementor-element-2f0d2f95\" data-id=\"2f0d2f95\" data-element_type=\"column\" data-e-type=\"column\">\n\t\t\t<div class=\"elementor-widget-wrap elementor-element-populated\">\n\t\t\t\t\t\t<div class=\"elementor-element elementor-element-428f6aa9 elementor-widget elementor-widget-spacer\" data-id=\"428f6aa9\" data-element_type=\"widget\" data-e-type=\"widget\" data-widget_type=\"spacer.default\">\n\t\t\t\t<div class=\"elementor-widget-container\">\n\t\t\t\t\t\t\t<div class=\"elementor-spacer\">\n\t\t\t<div class=\"elementor-spacer-inner\"><\/div>\n\t\t<\/div>\n\t\t\t\t\t\t<\/div>\n\t\t\t\t<\/div>\n\t\t\t\t<div class=\"elementor-element elementor-element-2d700fc0 elementor-widget elementor-widget-html\" data-id=\"2d700fc0\" data-element_type=\"widget\" data-e-type=\"widget\" data-widget_type=\"html.default\">\n\t\t\t\t<div class=\"elementor-widget-container\">\n\t\t\t\t\t<iframe onload=\"iframeLoaded()\" src=\"\/iframe\/Products_TP_Resistive4_table.html\" frameborder=\"0\"  width=\"100%\" height=\"600\" id=\"modusframe\"><\/iframe>\n<script type=\"text\/javascript\">\n  function iframeLoaded() {\n      var iFrameID = document.getElementById('modusframe');\n      \n  }\n\n<\/script>\t\t\t\t<\/div>\n\t\t\t\t<\/div>\n\t\t\t\t\t<\/div>\n\t\t<\/div>\n\t\t\t\t\t<\/div>\n\t\t<\/section>\n\t\t\t\t\t<\/div>\n\t\t<\/div>\n\t\t\t\t\t<\/div>\n\t\t<\/section>\n\t\t\t\t<\/div>\n\t\t","protected":false},"excerpt":{"rendered":"<p>Resistive 4-Draht-Touch-Panels Die Touch Panels haben interaktive ITO-Fl\u00e4chen (ITO- Zinn-Indium-Oxyd) und sind ein Eingabemedium f\u00fcr elektronische Anzeigen. Die Eingabefl\u00e4che besteht aus 2 elektrisch leitenden Fl\u00e4chen. Die obere Lage besitzt einen ITO-Film, w\u00e4hrend die untere Lage entweder aus einem ITO-Film oder einem ITO-beschichteten Glas besteht. Die obere Lage wird durch kleine Partikel auf Abstand gehalten. Durch&hellip;<\/p>\n","protected":false},"author":1,"featured_media":0,"parent":873,"menu_order":2,"comment_status":"closed","ping_status":"closed","template":"","meta":{"footnotes":""},"class_list":["post-1085","page","type-page","status-publish","hentry"],"yoast_head":"<!-- This site is optimized with the Yoast SEO plugin v27.4 - https:\/\/yoast.com\/product\/yoast-seo-wordpress\/ -->\n<title>Resistiv 4-Draht - Display-Elektronik<\/title>\n<meta name=\"robots\" content=\"index, follow, max-snippet:-1, max-image-preview:large, max-video-preview:-1\" \/>\n<link rel=\"canonical\" href=\"https:\/\/display-elektronik.de\/de\/produkte\/touch-panels-alt\/resistiv-4-draht\/\" \/>\n<meta property=\"og:locale\" content=\"de_DE\" \/>\n<meta property=\"og:type\" content=\"article\" \/>\n<meta property=\"og:title\" content=\"Resistiv 4-Draht - Display-Elektronik\" \/>\n<meta property=\"og:description\" content=\"Resistive 4-Draht-Touch-Panels Die Touch Panels haben interaktive ITO-Fl\u00e4chen (ITO- Zinn-Indium-Oxyd) und sind ein Eingabemedium f\u00fcr elektronische Anzeigen. Die Eingabefl\u00e4che besteht aus 2 elektrisch leitenden Fl\u00e4chen. Die obere Lage besitzt einen ITO-Film, w\u00e4hrend die untere Lage entweder aus einem ITO-Film oder einem ITO-beschichteten Glas besteht. Die obere Lage wird durch kleine Partikel auf Abstand gehalten. Durch&hellip;\" \/>\n<meta property=\"og:url\" content=\"https:\/\/display-elektronik.de\/de\/produkte\/touch-panels-alt\/resistiv-4-draht\/\" \/>\n<meta property=\"og:site_name\" content=\"Display-Elektronik\" \/>\n<meta property=\"article:modified_time\" content=\"2022-10-12T12:20:28+00:00\" \/>\n<meta property=\"og:image\" content=\"https:\/\/display-elektronik.de\/wp-content\/uploads\/elementor\/thumbs\/Products_TFT_Graphic-mono1-1-p5t4lsjlw63q2fzkbtm1uk8gau30yv5lhourbc1kbk.jpg\" \/>\n<meta name=\"twitter:card\" content=\"summary_large_image\" \/>\n<meta name=\"twitter:label1\" content=\"Gesch\u00e4tzte Lesezeit\" \/>\n\t<meta name=\"twitter:data1\" content=\"3\u00a0Minuten\" \/>\n<script type=\"application\/ld+json\" class=\"yoast-schema-graph\">{\"@context\":\"https:\\\/\\\/schema.org\",\"@graph\":[{\"@type\":\"WebPage\",\"@id\":\"https:\\\/\\\/display-elektronik.de\\\/produkte\\\/touch-panels-alt\\\/resistiv-4-draht\\\/\",\"url\":\"https:\\\/\\\/display-elektronik.de\\\/produkte\\\/touch-panels-alt\\\/resistiv-4-draht\\\/\",\"name\":\"Resistiv 4-Draht - Display-Elektronik\",\"isPartOf\":{\"@id\":\"https:\\\/\\\/display-elektronik.de\\\/de\\\/#website\"},\"primaryImageOfPage\":{\"@id\":\"https:\\\/\\\/display-elektronik.de\\\/produkte\\\/touch-panels-alt\\\/resistiv-4-draht\\\/#primaryimage\"},\"image\":{\"@id\":\"https:\\\/\\\/display-elektronik.de\\\/produkte\\\/touch-panels-alt\\\/resistiv-4-draht\\\/#primaryimage\"},\"thumbnailUrl\":\"https:\\\/\\\/display-elektronik.de\\\/wp-content\\\/uploads\\\/elementor\\\/thumbs\\\/Products_TFT_Graphic-mono1-1-p5t4lsjlw63q2fzkbtm1uk8gau30yv5lhourbc1kbk.jpg\",\"datePublished\":\"2021-04-13T16:57:42+00:00\",\"dateModified\":\"2022-10-12T12:20:28+00:00\",\"breadcrumb\":{\"@id\":\"https:\\\/\\\/display-elektronik.de\\\/produkte\\\/touch-panels-alt\\\/resistiv-4-draht\\\/#breadcrumb\"},\"inLanguage\":\"de\",\"potentialAction\":[{\"@type\":\"ReadAction\",\"target\":[\"https:\\\/\\\/display-elektronik.de\\\/produkte\\\/touch-panels-alt\\\/resistiv-4-draht\\\/\"]}]},{\"@type\":\"ImageObject\",\"inLanguage\":\"de\",\"@id\":\"https:\\\/\\\/display-elektronik.de\\\/produkte\\\/touch-panels-alt\\\/resistiv-4-draht\\\/#primaryimage\",\"url\":\"https:\\\/\\\/display-elektronik.de\\\/wp-content\\\/uploads\\\/elementor\\\/thumbs\\\/Products_TFT_Graphic-mono1-1-p5t4lsjlw63q2fzkbtm1uk8gau30yv5lhourbc1kbk.jpg\",\"contentUrl\":\"https:\\\/\\\/display-elektronik.de\\\/wp-content\\\/uploads\\\/elementor\\\/thumbs\\\/Products_TFT_Graphic-mono1-1-p5t4lsjlw63q2fzkbtm1uk8gau30yv5lhourbc1kbk.jpg\"},{\"@type\":\"BreadcrumbList\",\"@id\":\"https:\\\/\\\/display-elektronik.de\\\/produkte\\\/touch-panels-alt\\\/resistiv-4-draht\\\/#breadcrumb\",\"itemListElement\":[{\"@type\":\"ListItem\",\"position\":1,\"name\":\"Startseite\",\"item\":\"https:\\\/\\\/display-elektronik.de\\\/de\\\/\"},{\"@type\":\"ListItem\",\"position\":2,\"name\":\"Produkte\",\"item\":\"https:\\\/\\\/display-elektronik.de\\\/produkte\\\/\"},{\"@type\":\"ListItem\",\"position\":3,\"name\":\"Touch Panels alt\",\"item\":\"https:\\\/\\\/display-elektronik.de\\\/produkte\\\/touch-panels-alt\\\/\"},{\"@type\":\"ListItem\",\"position\":4,\"name\":\"Resistiv 4-Draht\"}]},{\"@type\":\"WebSite\",\"@id\":\"https:\\\/\\\/display-elektronik.de\\\/de\\\/#website\",\"url\":\"https:\\\/\\\/display-elektronik.de\\\/de\\\/\",\"name\":\"Display-Elektronik\",\"description\":\"\",\"publisher\":{\"@id\":\"https:\\\/\\\/display-elektronik.de\\\/de\\\/#organization\"},\"potentialAction\":[{\"@type\":\"SearchAction\",\"target\":{\"@type\":\"EntryPoint\",\"urlTemplate\":\"https:\\\/\\\/display-elektronik.de\\\/de\\\/?s={search_term_string}\"},\"query-input\":{\"@type\":\"PropertyValueSpecification\",\"valueRequired\":true,\"valueName\":\"search_term_string\"}}],\"inLanguage\":\"de\"},{\"@type\":\"Organization\",\"@id\":\"https:\\\/\\\/display-elektronik.de\\\/de\\\/#organization\",\"name\":\"Display-Elektronik\",\"url\":\"https:\\\/\\\/display-elektronik.de\\\/de\\\/\",\"logo\":{\"@type\":\"ImageObject\",\"inLanguage\":\"de\",\"@id\":\"https:\\\/\\\/display-elektronik.de\\\/de\\\/#\\\/schema\\\/logo\\\/image\\\/\",\"url\":\"https:\\\/\\\/display-elektronik.de\\\/wp-content\\\/uploads\\\/2021\\\/04\\\/logo-display.svg\",\"contentUrl\":\"https:\\\/\\\/display-elektronik.de\\\/wp-content\\\/uploads\\\/2021\\\/04\\\/logo-display.svg\",\"caption\":\"Display-Elektronik\"},\"image\":{\"@id\":\"https:\\\/\\\/display-elektronik.de\\\/de\\\/#\\\/schema\\\/logo\\\/image\\\/\"}}]}<\/script>\n<!-- \/ Yoast SEO plugin. -->","yoast_head_json":{"title":"Resistiv 4-Draht - Display-Elektronik","robots":{"index":"index","follow":"follow","max-snippet":"max-snippet:-1","max-image-preview":"max-image-preview:large","max-video-preview":"max-video-preview:-1"},"canonical":"https:\/\/display-elektronik.de\/de\/produkte\/touch-panels-alt\/resistiv-4-draht\/","og_locale":"de_DE","og_type":"article","og_title":"Resistiv 4-Draht - Display-Elektronik","og_description":"Resistive 4-Draht-Touch-Panels Die Touch Panels haben interaktive ITO-Fl\u00e4chen (ITO- Zinn-Indium-Oxyd) und sind ein Eingabemedium f\u00fcr elektronische Anzeigen. Die Eingabefl\u00e4che besteht aus 2 elektrisch leitenden Fl\u00e4chen. Die obere Lage besitzt einen ITO-Film, w\u00e4hrend die untere Lage entweder aus einem ITO-Film oder einem ITO-beschichteten Glas besteht. Die obere Lage wird durch kleine Partikel auf Abstand gehalten. Durch&hellip;","og_url":"https:\/\/display-elektronik.de\/de\/produkte\/touch-panels-alt\/resistiv-4-draht\/","og_site_name":"Display-Elektronik","article_modified_time":"2022-10-12T12:20:28+00:00","og_image":[{"url":"https:\/\/display-elektronik.de\/wp-content\/uploads\/elementor\/thumbs\/Products_TFT_Graphic-mono1-1-p5t4lsjlw63q2fzkbtm1uk8gau30yv5lhourbc1kbk.jpg","type":"","width":"","height":""}],"twitter_card":"summary_large_image","twitter_misc":{"Gesch\u00e4tzte Lesezeit":"3\u00a0Minuten"},"schema":{"@context":"https:\/\/schema.org","@graph":[{"@type":"WebPage","@id":"https:\/\/display-elektronik.de\/produkte\/touch-panels-alt\/resistiv-4-draht\/","url":"https:\/\/display-elektronik.de\/produkte\/touch-panels-alt\/resistiv-4-draht\/","name":"Resistiv 4-Draht - Display-Elektronik","isPartOf":{"@id":"https:\/\/display-elektronik.de\/de\/#website"},"primaryImageOfPage":{"@id":"https:\/\/display-elektronik.de\/produkte\/touch-panels-alt\/resistiv-4-draht\/#primaryimage"},"image":{"@id":"https:\/\/display-elektronik.de\/produkte\/touch-panels-alt\/resistiv-4-draht\/#primaryimage"},"thumbnailUrl":"https:\/\/display-elektronik.de\/wp-content\/uploads\/elementor\/thumbs\/Products_TFT_Graphic-mono1-1-p5t4lsjlw63q2fzkbtm1uk8gau30yv5lhourbc1kbk.jpg","datePublished":"2021-04-13T16:57:42+00:00","dateModified":"2022-10-12T12:20:28+00:00","breadcrumb":{"@id":"https:\/\/display-elektronik.de\/produkte\/touch-panels-alt\/resistiv-4-draht\/#breadcrumb"},"inLanguage":"de","potentialAction":[{"@type":"ReadAction","target":["https:\/\/display-elektronik.de\/produkte\/touch-panels-alt\/resistiv-4-draht\/"]}]},{"@type":"ImageObject","inLanguage":"de","@id":"https:\/\/display-elektronik.de\/produkte\/touch-panels-alt\/resistiv-4-draht\/#primaryimage","url":"https:\/\/display-elektronik.de\/wp-content\/uploads\/elementor\/thumbs\/Products_TFT_Graphic-mono1-1-p5t4lsjlw63q2fzkbtm1uk8gau30yv5lhourbc1kbk.jpg","contentUrl":"https:\/\/display-elektronik.de\/wp-content\/uploads\/elementor\/thumbs\/Products_TFT_Graphic-mono1-1-p5t4lsjlw63q2fzkbtm1uk8gau30yv5lhourbc1kbk.jpg"},{"@type":"BreadcrumbList","@id":"https:\/\/display-elektronik.de\/produkte\/touch-panels-alt\/resistiv-4-draht\/#breadcrumb","itemListElement":[{"@type":"ListItem","position":1,"name":"Startseite","item":"https:\/\/display-elektronik.de\/de\/"},{"@type":"ListItem","position":2,"name":"Produkte","item":"https:\/\/display-elektronik.de\/produkte\/"},{"@type":"ListItem","position":3,"name":"Touch Panels alt","item":"https:\/\/display-elektronik.de\/produkte\/touch-panels-alt\/"},{"@type":"ListItem","position":4,"name":"Resistiv 4-Draht"}]},{"@type":"WebSite","@id":"https:\/\/display-elektronik.de\/de\/#website","url":"https:\/\/display-elektronik.de\/de\/","name":"Display-Elektronik","description":"","publisher":{"@id":"https:\/\/display-elektronik.de\/de\/#organization"},"potentialAction":[{"@type":"SearchAction","target":{"@type":"EntryPoint","urlTemplate":"https:\/\/display-elektronik.de\/de\/?s={search_term_string}"},"query-input":{"@type":"PropertyValueSpecification","valueRequired":true,"valueName":"search_term_string"}}],"inLanguage":"de"},{"@type":"Organization","@id":"https:\/\/display-elektronik.de\/de\/#organization","name":"Display-Elektronik","url":"https:\/\/display-elektronik.de\/de\/","logo":{"@type":"ImageObject","inLanguage":"de","@id":"https:\/\/display-elektronik.de\/de\/#\/schema\/logo\/image\/","url":"https:\/\/display-elektronik.de\/wp-content\/uploads\/2021\/04\/logo-display.svg","contentUrl":"https:\/\/display-elektronik.de\/wp-content\/uploads\/2021\/04\/logo-display.svg","caption":"Display-Elektronik"},"image":{"@id":"https:\/\/display-elektronik.de\/de\/#\/schema\/logo\/image\/"}}]}},"_links":{"self":[{"href":"https:\/\/display-elektronik.de\/de\/wp-json\/wp\/v2\/pages\/1085","targetHints":{"allow":["GET"]}}],"collection":[{"href":"https:\/\/display-elektronik.de\/de\/wp-json\/wp\/v2\/pages"}],"about":[{"href":"https:\/\/display-elektronik.de\/de\/wp-json\/wp\/v2\/types\/page"}],"author":[{"embeddable":true,"href":"https:\/\/display-elektronik.de\/de\/wp-json\/wp\/v2\/users\/1"}],"replies":[{"embeddable":true,"href":"https:\/\/display-elektronik.de\/de\/wp-json\/wp\/v2\/comments?post=1085"}],"version-history":[{"count":0,"href":"https:\/\/display-elektronik.de\/de\/wp-json\/wp\/v2\/pages\/1085\/revisions"}],"up":[{"embeddable":true,"href":"https:\/\/display-elektronik.de\/de\/wp-json\/wp\/v2\/pages\/873"}],"wp:attachment":[{"href":"https:\/\/display-elektronik.de\/de\/wp-json\/wp\/v2\/media?parent=1085"}],"curies":[{"name":"wp","href":"https:\/\/api.w.org\/{rel}","templated":true}]}}